{"id":2319,"date":"2025-08-12T13:39:17","date_gmt":"2025-08-12T13:39:17","guid":{"rendered":"https:\/\/ron.arkdes.dev\/?page_id=2319"},"modified":"2025-08-14T15:44:10","modified_gmt":"2025-08-14T15:44:10","slug":"bezo-tiburon-aufputz-1-stuck","status":"publish","type":"page","link":"https:\/\/bezo.nl\/de\/bezo-tiburon-aufputz-1-stuck\/","title":{"rendered":"Bezo\/Tiburon Aufputz 1-teilig"},"content":{"rendered":"<div data-elementor-type=\"wp-page\" data-elementor-id=\"2319\" class=\"elementor elementor-2319\" data-elementor-post-type=\"page\">\n\t\t\t\t<div class=\"elementor-element elementor-element-dc23742 e-flex e-con-boxed e-con e-parent\" data-id=\"dc23742\" data-element_type=\"container\" data-settings=\"{&quot;background_background&quot;:&quot;classic&quot;}\">\n\t\t\t\t\t<div class=\"e-con-inner\">\n\t\t\t\t<div class=\"elementor-element elementor-element-7bfa12e elementor-icon-list--layout-inline elementor-list-item-link-full_width elementor-widget elementor-widget-icon-list\" data-id=\"7bfa12e\" data-element_type=\"widget\" data-widget_type=\"icon-list.default\">\n\t\t\t\t<div class=\"elementor-widget-container\">\n\t\t\t\t\t\t\t<ul class=\"elementor-icon-list-items elementor-inline-items\">\n\t\t\t\t\t\t\t<li class=\"elementor-icon-list-item elementor-inline-item\">\n\t\t\t\t\t\t\t\t\t\t\t<a href=\"https:\/\/bezo.nl\/de\">\n\n\t\t\t\t\t\t\t\t\t\t\t<span class=\"elementor-icon-list-text\">Startseite<\/span>\n\t\t\t\t\t\t\t\t\t\t\t<\/a>\n\t\t\t\t\t\t\t\t\t<\/li>\n\t\t\t\t\t\t\t\t<li class=\"elementor-icon-list-item elementor-inline-item\">\n\t\t\t\t\t\t\t\t\t\t\t<span class=\"elementor-icon-list-icon\">\n\t\t\t\t\t\t\t<i aria-hidden=\"true\" class=\"fas fa-chevron-right\"><\/i>\t\t\t\t\t\t<\/span>\n\t\t\t\t\t\t\t\t\t\t<span class=\"elementor-icon-list-text\"><\/span>\n\t\t\t\t\t\t\t\t\t<\/li>\n\t\t\t\t\t\t\t\t<li class=\"elementor-icon-list-item elementor-inline-item\">\n\t\t\t\t\t\t\t\t\t\t<span class=\"elementor-icon-list-text\"><\/span>\n\t\t\t\t\t\t\t\t\t<\/li>\n\t\t\t\t\t\t<\/ul>\n\t\t\t\t\t\t<\/div>\n\t\t\t\t<\/div>\n\t\t\t\t\t<\/div>\n\t\t\t\t<\/div>\n\t\t<div class=\"elementor-element elementor-element-08dfde2 e-flex e-con-boxed e-con e-parent\" data-id=\"08dfde2\" data-element_type=\"container\">\n\t\t\t\t\t<div class=\"e-con-inner\">\n\t\t<div class=\"elementor-element elementor-element-3e36696 e-con-full e-flex e-con e-child\" data-id=\"3e36696\" data-element_type=\"container\">\n\t\t\t\t<div class=\"elementor-element elementor-element-aef63c6 elementor-widget elementor-widget-heading\" data-id=\"aef63c6\" data-element_type=\"widget\" data-widget_type=\"heading.default\">\n\t\t\t\t<div class=\"elementor-widget-container\">\n\t\t\t\t\t<h2 class=\"elementor-heading-title elementor-size-default\">Typ Tiburon Fensterl\u00e4den<\/h2>\t\t\t\t<\/div>\n\t\t\t\t<\/div>\n\t\t\t\t<div class=\"elementor-element elementor-element-10ce490 elementor-widget elementor-widget-heading\" data-id=\"10ce490\" data-element_type=\"widget\" data-widget_type=\"heading.default\">\n\t\t\t\t<div class=\"elementor-widget-container\">\n\t\t\t\t\t<h2 class=\"elementor-heading-title elementor-size-default\"><a href=\"https:\/\/bezo.nl\/de\/bezo-tiburon-aufputz-1-stuck\/\">Bezo\/Tiburon Aufputz 1-teilig<\/a><\/h2>\t\t\t\t<\/div>\n\t\t\t\t<\/div>\n\t\t\t\t<div class=\"elementor-element elementor-element-814ba27 my-heading-class elementor-widget elementor-widget-heading\" data-id=\"814ba27\" data-element_type=\"widget\" data-widget_type=\"heading.default\">\n\t\t\t\t<div class=\"elementor-widget-container\">\n\t\t\t\t\t<h2 class=\"elementor-heading-title elementor-size-default\"><a href=\"https:\/\/bezo.nl\/de\/bezo-tiburon-2-tlg-aufbau\/\">Bezo \/Tiburon Aufputz 2-teilig<\/a><\/h2>\t\t\t\t<\/div>\n\t\t\t\t<\/div>\n\t\t\t\t<div class=\"elementor-element elementor-element-d6d96c8 my-heading-class elementor-widget elementor-widget-heading\" data-id=\"d6d96c8\" data-element_type=\"widget\" data-widget_type=\"heading.default\">\n\t\t\t\t<div class=\"elementor-widget-container\">\n\t\t\t\t\t<h2 class=\"elementor-heading-title elementor-size-default\"><a href=\"https:\/\/bezo.nl\/de\/bezo-tiburon-aufputz-1-teilig-inkl-isolierdeckel\/\">Bezo\/Tiburon Aufputz 1-teilig inkl. Isolierdeckel<\/a><\/h2>\t\t\t\t<\/div>\n\t\t\t\t<\/div>\n\t\t\t\t<div class=\"elementor-element elementor-element-0064cca my-heading-class elementor-widget elementor-widget-heading\" data-id=\"0064cca\" data-element_type=\"widget\" data-widget_type=\"heading.default\">\n\t\t\t\t<div class=\"elementor-widget-container\">\n\t\t\t\t\t<h2 class=\"elementor-heading-title elementor-size-default\"><a href=\"https:\/\/bezo.nl\/de\/bezo-tiburon-hhnk-gasdicht-2-seitig-geklemmte-luke\/\">Bezo \/Tiburon HHNK Gasdichte 2-seitig geklemmte Klappe<\/a><\/h2>\t\t\t\t<\/div>\n\t\t\t\t<\/div>\n\t\t\t\t<div class=\"elementor-element elementor-element-0e642bb my-heading-class elementor-widget elementor-widget-heading\" data-id=\"0e642bb\" data-element_type=\"widget\" data-widget_type=\"heading.default\">\n\t\t\t\t<div class=\"elementor-widget-container\">\n\t\t\t\t\t<h2 class=\"elementor-heading-title elementor-size-default\"><a href=\"https:\/\/bezo.nl\/de\/voorbeelden-referenties\/\">Beispiele und Referenzen<\/a><\/h2>\t\t\t\t<\/div>\n\t\t\t\t<\/div>\n\t\t\t\t<\/div>\n\t\t<div class=\"elementor-element elementor-element-8387930 e-con-full e-flex e-con e-child\" data-id=\"8387930\" data-element_type=\"container\">\n\t\t\t\t<div class=\"elementor-element elementor-element-96ab598 elementor-widget elementor-widget-heading\" data-id=\"96ab598\" data-element_type=\"widget\" data-widget_type=\"heading.default\">\n\t\t\t\t<div class=\"elementor-widget-container\">\n\t\t\t\t\t<h2 class=\"elementor-heading-title elementor-size-default\">ALMG3-Deckel \/RVS304-Rahmen\/ Option: Gitter (optional Edelstahl 316)<\/h2>\t\t\t\t<\/div>\n\t\t\t\t<\/div>\n\t\t\t\t<div class=\"elementor-element elementor-element-1196ddb elementor-widget elementor-widget-text-editor\" data-id=\"1196ddb\" data-element_type=\"widget\" data-widget_type=\"text-editor.default\">\n\t\t\t\t<div class=\"elementor-widget-container\">\n\t\t\t\t\t\t\t\t\t<p>Hier befinden sich die Scharniere, die Rahmenverankerung und die Schlosskonstruktion au\u00dferhalb des Deckels.<\/p>\t\t\t\t\t\t\t\t<\/div>\n\t\t\t\t<\/div>\n\t\t\t\t<div class=\"elementor-element elementor-element-af6538e elementor-widget elementor-widget-image\" data-id=\"af6538e\" data-element_type=\"widget\" data-widget_type=\"image.default\">\n\t\t\t\t<div class=\"elementor-widget-container\">\n\t\t\t\t\t\t\t\t\t\t\t\t\t\t\t<img fetchpriority=\"high\" decoding=\"async\" width=\"1138\" height=\"805\" src=\"https:\/\/bezo.nl\/wp-content\/uploads\/2025\/08\/download.png\" class=\"attachment-full size-full wp-image-2331\" alt=\"Edelstahl 304 nach dem Schwei\u00dfen und alle beweglichen Teile Lager\" srcset=\"https:\/\/bezo.nl\/wp-content\/uploads\/2025\/08\/download.png 1138w, https:\/\/bezo.nl\/wp-content\/uploads\/2025\/08\/download-300x212.png 300w, https:\/\/bezo.nl\/wp-content\/uploads\/2025\/08\/download-1024x724.png 1024w, https:\/\/bezo.nl\/wp-content\/uploads\/2025\/08\/download-768x543.png 768w, https:\/\/bezo.nl\/wp-content\/uploads\/2025\/08\/download-600x424.png 600w, https:\/\/bezo.nl\/wp-content\/uploads\/2025\/08\/download-64x45.png 64w\" sizes=\"(max-width: 1138px) 100vw, 1138px\" \/>\t\t\t\t\t\t\t\t\t\t\t\t\t\t\t<\/div>\n\t\t\t\t<\/div>\n\t\t\t\t<\/div>\n\t\t\t\t\t<\/div>\n\t\t\t\t<\/div>\n\t\t<div class=\"elementor-element elementor-element-64fec21 e-flex e-con-boxed e-con e-parent\" data-id=\"64fec21\" data-element_type=\"container\">\n\t\t\t\t\t<div class=\"e-con-inner\">\n\t\t<div class=\"elementor-element elementor-element-4f3debd e-con-full e-flex e-con e-child\" data-id=\"4f3debd\" data-element_type=\"container\">\n\t\t\t\t<div class=\"elementor-element elementor-element-bf2b3b2 elementor-widget elementor-widget-heading\" data-id=\"bf2b3b2\" data-element_type=\"widget\" data-widget_type=\"heading.default\">\n\t\t\t\t<div class=\"elementor-widget-container\">\n\t\t\t\t\t<h2 class=\"elementor-heading-title elementor-size-default\">Text der Spezifikation<\/h2>\t\t\t\t<\/div>\n\t\t\t\t<\/div>\n\t\t\t\t<div class=\"elementor-element elementor-element-56ec0b4 elementor-widget elementor-widget-text-editor\" data-id=\"56ec0b4\" data-element_type=\"widget\" data-widget_type=\"text-editor.default\">\n\t\t\t\t<div class=\"elementor-widget-container\">\n\t\t\t\t\t\t\t\t\t<div class=\"column mcb-column mcb-item-a3fade6ea one-second laptop-one-second tablet-one-second mobile-one column_column vb-item\"><div class=\"mcb-column-inner mfn-module-wrapper mcb-column-inner-a3fade6ea mcb-item-column-inner\"><div class=\"column_attr mfn-inline-editor clearfix\"><p class=\"big\">Rahmen aus rostfreiem Stahl und Deckel aus Aluminium-Tr\u00e4nenblech mit Sicherheitsgitter aus rostfreiem Stahl. Gasdicht mit Neoprendichtung. Alle beweglichen Teile sind mit Nylonbuchsen gelagert. Auch mit Vorh\u00e4ngeschloss, Edelstahl-Gasfeder und Knebelverschluss ausgestattet. Lieferung mit Befestigungsmaterial bestehend aus: Neoprenband f\u00fcr die Verbindung zwischen Luke und Deck\/RS-Schrauben + Messingd\u00fcbel.<\/p><\/div><\/div><\/div>\t\t\t\t\t\t\t\t<\/div>\n\t\t\t\t<\/div>\n\t\t\t\t<\/div>\n\t\t<div class=\"elementor-element elementor-element-144ac5f e-con-full e-flex e-con e-child\" data-id=\"144ac5f\" data-element_type=\"container\">\n\t\t<div class=\"elementor-element elementor-element-82f56d8 e-grid e-con-full e-con e-child\" data-id=\"82f56d8\" data-element_type=\"container\">\n\t\t\t\t<div class=\"elementor-element elementor-element-d6538c8 elementor-view-framed elementor-shape-circle elementor-widget elementor-widget-icon\" data-id=\"d6538c8\" data-element_type=\"widget\" data-widget_type=\"icon.default\">\n\t\t\t\t<div class=\"elementor-widget-container\">\n\t\t\t\t\t\t\t<div class=\"elementor-icon-wrapper\">\n\t\t\t<div class=\"elementor-icon\">\n\t\t\t<i aria-hidden=\"true\" class=\"fas fa-info-circle\"><\/i>\t\t\t<\/div>\n\t\t<\/div>\n\t\t\t\t\t\t<\/div>\n\t\t\t\t<\/div>\n\t\t\t\t<div class=\"elementor-element elementor-element-2c2f4ef elementor-view-framed elementor-shape-circle elementor-widget elementor-widget-icon\" data-id=\"2c2f4ef\" data-element_type=\"widget\" data-widget_type=\"icon.default\">\n\t\t\t\t<div class=\"elementor-widget-container\">\n\t\t\t\t\t\t\t<div class=\"elementor-icon-wrapper\">\n\t\t\t<div class=\"elementor-icon\">\n\t\t\t<i aria-hidden=\"true\" class=\"far fa-comment\"><\/i>\t\t\t<\/div>\n\t\t<\/div>\n\t\t\t\t\t\t<\/div>\n\t\t\t\t<\/div>\n\t\t\t\t<div class=\"elementor-element elementor-element-0d8c2de elementor-view-framed elementor-shape-circle elementor-widget elementor-widget-icon\" data-id=\"0d8c2de\" data-element_type=\"widget\" data-widget_type=\"icon.default\">\n\t\t\t\t<div class=\"elementor-widget-container\">\n\t\t\t\t\t\t\t<div class=\"elementor-icon-wrapper\">\n\t\t\t<div class=\"elementor-icon\">\n\t\t\t<i aria-hidden=\"true\" class=\"fas fa-info-circle\"><\/i>\t\t\t<\/div>\n\t\t<\/div>\n\t\t\t\t\t\t<\/div>\n\t\t\t\t<\/div>\n\t\t\t\t<div class=\"elementor-element elementor-element-0220d24 elementor-widget elementor-widget-heading\" data-id=\"0220d24\" data-element_type=\"widget\" data-widget_type=\"heading.default\">\n\t\t\t\t<div class=\"elementor-widget-container\">\n\t\t\t\t\t<h2 class=\"elementor-heading-title elementor-size-default\">Angebot Fensterl\u00e4den\n<\/h2>\t\t\t\t<\/div>\n\t\t\t\t<\/div>\n\t\t\t\t<div class=\"elementor-element elementor-element-46308e9 elementor-widget elementor-widget-heading\" data-id=\"46308e9\" data-element_type=\"widget\" data-widget_type=\"heading.default\">\n\t\t\t\t<div class=\"elementor-widget-container\">\n\t\t\t\t\t<h2 class=\"elementor-heading-title elementor-size-default\">Kontakt<\/h2>\t\t\t\t<\/div>\n\t\t\t\t<\/div>\n\t\t\t\t<div class=\"elementor-element elementor-element-c97a4b1 elementor-widget elementor-widget-heading\" data-id=\"c97a4b1\" data-element_type=\"widget\" data-widget_type=\"heading.default\">\n\t\t\t\t<div class=\"elementor-widget-container\">\n\t\t\t\t\t<h2 class=\"elementor-heading-title elementor-size-default\">Angebot f\u00fcr Rohrleitungen<\/h2>\t\t\t\t<\/div>\n\t\t\t\t<\/div>\n\t\t\t\t<\/div>\n\t\t\t\t<\/div>\n\t\t\t\t\t<\/div>\n\t\t\t\t<\/div>\n\t\t<div class=\"elementor-element elementor-element-f8bb4fe e-flex e-con-boxed e-con e-parent\" data-id=\"f8bb4fe\" data-element_type=\"container\">\n\t\t\t\t\t<div class=\"e-con-inner\">\n\t\t<div class=\"elementor-element elementor-element-ad6cf3c e-con-full e-flex e-con e-child\" data-id=\"ad6cf3c\" data-element_type=\"container\">\n\t\t\t\t<div class=\"elementor-element elementor-element-dbb57b1 elementor-widget__width-initial elementor-widget elementor-widget-image\" data-id=\"dbb57b1\" data-element_type=\"widget\" data-widget_type=\"image.default\">\n\t\t\t\t<div class=\"elementor-widget-container\">\n\t\t\t\t\t\t\t\t\t\t\t\t\t\t\t<img decoding=\"async\" width=\"227\" height=\"187\" src=\"https:\/\/bezo.nl\/wp-content\/uploads\/2025\/08\/default.png\" class=\"attachment-full size-full wp-image-2406\" alt=\"Pfeil besetzt\" srcset=\"https:\/\/bezo.nl\/wp-content\/uploads\/2025\/08\/default.png 227w, https:\/\/bezo.nl\/wp-content\/uploads\/2025\/08\/default-64x53.png 64w\" sizes=\"(max-width: 227px) 100vw, 227px\" \/>\t\t\t\t\t\t\t\t\t\t\t\t\t\t\t<\/div>\n\t\t\t\t<\/div>\n\t\t\t\t<\/div>\n\t\t<div class=\"elementor-element elementor-element-f935bd1 e-con-full e-flex e-con e-child\" data-id=\"f935bd1\" data-element_type=\"container\">\n\t\t\t\t<div class=\"elementor-element elementor-element-5a3f5cf elementor-widget elementor-widget-text-editor\" data-id=\"5a3f5cf\" data-element_type=\"widget\" data-widget_type=\"text-editor.default\">\n\t\t\t\t<div class=\"elementor-widget-container\">\n\t\t\t\t\t\t\t\t\t<div class=\"column mcb-column mcb-item-a3fade6ea one-second laptop-one-second tablet-one-second mobile-one column_column vb-item\"><div class=\"mcb-column-inner mfn-module-wrapper mcb-column-inner-a3fade6ea mcb-item-column-inner\"><div class=\"column_attr mfn-inline-editor clearfix\"><h2>Die Vorteile von Tiburon<\/h2><p class=\"big\">Was macht Tiburon-Fensterl\u00e4den so beliebt? Wie w\u00e4re es mit den folgenden St\u00e4rken:<br \/>- unser Kunde steht im Mittelpunkt, wir denken mit Ihnen!<br \/>- ein solides niederl\u00e4ndisches Qualit\u00e4tsprodukt<br \/>- keine Umwege, wir bieten direkte Kommunikation und k\u00f6nnen daher schnell auf alle Ihre Anfragen reagieren<br \/>- Optionen und Sonderangebote sind bei unseren Fensterl\u00e4den jederzeit realisierbar<\/p><\/div><\/div><\/div>\t\t\t\t\t\t\t\t<\/div>\n\t\t\t\t<\/div>\n\t\t\t\t<\/div>\n\t\t\t\t\t<\/div>\n\t\t\t\t<\/div>\n\t\t\t\t<\/div>","protected":false},"excerpt":{"rendered":"<p>Home Type Tiburon Luiken Bezo\/Tiburon opbouw 1 delig Bezo \/Tiburon opbouw 2-delig Bezo\/Tiburon opbouw 1-delig incl. ge\u00efsoleerd deksel Bezo \/Tiburon HHNK Gasdicht 2 zijdig gekneveld luik Voorbeelden &amp; Referenties ALMG3 deksel \/RVS304 frame\/ optie: rooster (optioneel RVS316) Hierbij zijn de scharnieren, de frameverankering en de slotconstructie buiten het deksel geplaatst. Bestektekst RVS opbouwrand en aluminium [&#8230;]<\/p>\n<p><a class=\"btn btn-secondary understrap-read-more-link\" href=\"https:\/\/bezo.nl\/de\/bezo-tiburon-aufputz-1-stuck\/\">Weiterlesen...<span class=\"screen-reader-text\"> from Bezo\/Tiburon opbouw 1 delig<\/span><\/a><\/p>","protected":false},"author":31,"featured_media":0,"parent":0,"menu_order":0,"comment_status":"closed","ping_status":"closed","template":"elementor_header_footer","meta":{"content-type":"","footnotes":""},"class_list":["post-2319","page","type-page","status-publish","hentry"],"yoast_head":"<!-- This site is optimized with the Yoast SEO plugin v26.4 - https:\/\/yoast.com\/wordpress\/plugins\/seo\/ -->\n<title>Bezo\/Tiburon opbouw 1 delig - Bezo<\/title>\n<meta name=\"robots\" content=\"index, follow, max-snippet:-1, max-image-preview:large, max-video-preview:-1\" \/>\n<link rel=\"canonical\" href=\"https:\/\/bezo.nl\/de\/bezo-tiburon-aufputz-1-stuck\/\" \/>\n<meta property=\"og:locale\" content=\"de_DE\" \/>\n<meta property=\"og:type\" content=\"article\" \/>\n<meta property=\"og:title\" content=\"Bezo\/Tiburon opbouw 1 delig - Bezo\" \/>\n<meta property=\"og:description\" content=\"Home Type Tiburon Luiken Bezo\/Tiburon opbouw 1 delig Bezo \/Tiburon opbouw 2-delig Bezo\/Tiburon opbouw 1-delig incl. ge\u00efsoleerd deksel Bezo \/Tiburon HHNK Gasdicht 2 zijdig gekneveld luik Voorbeelden &amp; Referenties ALMG3 deksel \/RVS304 frame\/ optie: rooster (optioneel RVS316) Hierbij zijn de scharnieren, de frameverankering en de slotconstructie buiten het deksel geplaatst. Bestektekst RVS opbouwrand en aluminium [...]Weiterlesen... from Bezo\/Tiburon opbouw 1 delig\" \/>\n<meta property=\"og:url\" content=\"https:\/\/bezo.nl\/de\/bezo-tiburon-aufputz-1-stuck\/\" \/>\n<meta property=\"og:site_name\" content=\"Bezo\" \/>\n<meta property=\"article:modified_time\" content=\"2025-08-14T15:44:10+00:00\" \/>\n<meta property=\"og:image\" content=\"https:\/\/ron.arkdes.dev\/wp-content\/uploads\/2025\/08\/download.png\" \/>\n<meta name=\"twitter:card\" content=\"summary_large_image\" \/>\n<meta name=\"twitter:label1\" content=\"Gesch\u00e4tzte Lesezeit\" \/>\n\t<meta name=\"twitter:data1\" content=\"2\u00a0Minuten\" \/>\n<script type=\"application\/ld+json\" class=\"yoast-schema-graph\">{\"@context\":\"https:\/\/schema.org\",\"@graph\":[{\"@type\":\"WebPage\",\"@id\":\"https:\/\/bezo.nl\/bezo-tiburon-opbouw-1-delig\/\",\"url\":\"https:\/\/bezo.nl\/bezo-tiburon-opbouw-1-delig\/\",\"name\":\"Bezo\/Tiburon opbouw 1 delig - Bezo\",\"isPartOf\":{\"@id\":\"https:\/\/bezo.nl\/#website\"},\"primaryImageOfPage\":{\"@id\":\"https:\/\/bezo.nl\/bezo-tiburon-opbouw-1-delig\/#primaryimage\"},\"image\":{\"@id\":\"https:\/\/bezo.nl\/bezo-tiburon-opbouw-1-delig\/#primaryimage\"},\"thumbnailUrl\":\"https:\/\/ron.arkdes.dev\/wp-content\/uploads\/2025\/08\/download.png\",\"datePublished\":\"2025-08-12T13:39:17+00:00\",\"dateModified\":\"2025-08-14T15:44:10+00:00\",\"breadcrumb\":{\"@id\":\"https:\/\/bezo.nl\/bezo-tiburon-opbouw-1-delig\/#breadcrumb\"},\"inLanguage\":\"de\",\"potentialAction\":[{\"@type\":\"ReadAction\",\"target\":[\"https:\/\/bezo.nl\/bezo-tiburon-opbouw-1-delig\/\"]}]},{\"@type\":\"ImageObject\",\"inLanguage\":\"de\",\"@id\":\"https:\/\/bezo.nl\/bezo-tiburon-opbouw-1-delig\/#primaryimage\",\"url\":\"https:\/\/ron.arkdes.dev\/wp-content\/uploads\/2025\/08\/download.png\",\"contentUrl\":\"https:\/\/ron.arkdes.dev\/wp-content\/uploads\/2025\/08\/download.png\"},{\"@type\":\"BreadcrumbList\",\"@id\":\"https:\/\/bezo.nl\/bezo-tiburon-opbouw-1-delig\/#breadcrumb\",\"itemListElement\":[{\"@type\":\"ListItem\",\"position\":1,\"name\":\"Home\",\"item\":\"https:\/\/bezo.nl\/\"},{\"@type\":\"ListItem\",\"position\":2,\"name\":\"Bezo\/Tiburon opbouw 1 delig\"}]},{\"@type\":\"WebSite\",\"@id\":\"https:\/\/bezo.nl\/#website\",\"url\":\"https:\/\/bezo.nl\/\",\"name\":\"Bezo\",\"description\":\"\",\"publisher\":{\"@id\":\"https:\/\/bezo.nl\/#organization\"},\"potentialAction\":[{\"@type\":\"SearchAction\",\"target\":{\"@type\":\"EntryPoint\",\"urlTemplate\":\"https:\/\/bezo.nl\/?s={search_term_string}\"},\"query-input\":{\"@type\":\"PropertyValueSpecification\",\"valueRequired\":true,\"valueName\":\"search_term_string\"}}],\"inLanguage\":\"de\"},{\"@type\":\"Organization\",\"@id\":\"https:\/\/bezo.nl\/#organization\",\"name\":\"Bezo\",\"url\":\"https:\/\/bezo.nl\/\",\"logo\":{\"@type\":\"ImageObject\",\"inLanguage\":\"de\",\"@id\":\"https:\/\/bezo.nl\/#\/schema\/logo\/image\/\",\"url\":\"https:\/\/bezo.nl\/wp-content\/uploads\/2022\/05\/BEZOlogo_payoff_transparant-213-85.png\",\"contentUrl\":\"https:\/\/bezo.nl\/wp-content\/uploads\/2022\/05\/BEZOlogo_payoff_transparant-213-85.png\",\"width\":213,\"height\":85,\"caption\":\"Bezo\"},\"image\":{\"@id\":\"https:\/\/bezo.nl\/#\/schema\/logo\/image\/\"}}]}<\/script>\n<!-- \/ Yoast SEO plugin. -->","yoast_head_json":{"title":"Bezo\/Tiburon Aufputz 1-teilig - Bezo","robots":{"index":"index","follow":"follow","max-snippet":"max-snippet:-1","max-image-preview":"max-image-preview:large","max-video-preview":"max-video-preview:-1"},"canonical":"https:\/\/bezo.nl\/de\/bezo-tiburon-aufputz-1-stuck\/","og_locale":"de_DE","og_type":"article","og_title":"Bezo\/Tiburon opbouw 1 delig - Bezo","og_description":"Home Type Tiburon Luiken Bezo\/Tiburon opbouw 1 delig Bezo \/Tiburon opbouw 2-delig Bezo\/Tiburon opbouw 1-delig incl. ge\u00efsoleerd deksel Bezo \/Tiburon HHNK Gasdicht 2 zijdig gekneveld luik Voorbeelden &amp; Referenties ALMG3 deksel \/RVS304 frame\/ optie: rooster (optioneel RVS316) Hierbij zijn de scharnieren, de frameverankering en de slotconstructie buiten het deksel geplaatst. Bestektekst RVS opbouwrand en aluminium [...]Weiterlesen... from Bezo\/Tiburon opbouw 1 delig","og_url":"https:\/\/bezo.nl\/de\/bezo-tiburon-aufputz-1-stuck\/","og_site_name":"Bezo","article_modified_time":"2025-08-14T15:44:10+00:00","og_image":[{"url":"https:\/\/ron.arkdes.dev\/wp-content\/uploads\/2025\/08\/download.png","type":"","width":"","height":""}],"twitter_card":"summary_large_image","twitter_misc":{"Gesch\u00e4tzte Lesezeit":"2\u00a0Minuten"},"schema":{"@context":"https:\/\/schema.org","@graph":[{"@type":"WebPage","@id":"https:\/\/bezo.nl\/bezo-tiburon-opbouw-1-delig\/","url":"https:\/\/bezo.nl\/bezo-tiburon-opbouw-1-delig\/","name":"Bezo\/Tiburon Aufputz 1-teilig - Bezo","isPartOf":{"@id":"https:\/\/bezo.nl\/#website"},"primaryImageOfPage":{"@id":"https:\/\/bezo.nl\/bezo-tiburon-opbouw-1-delig\/#primaryimage"},"image":{"@id":"https:\/\/bezo.nl\/bezo-tiburon-opbouw-1-delig\/#primaryimage"},"thumbnailUrl":"https:\/\/ron.arkdes.dev\/wp-content\/uploads\/2025\/08\/download.png","datePublished":"2025-08-12T13:39:17+00:00","dateModified":"2025-08-14T15:44:10+00:00","breadcrumb":{"@id":"https:\/\/bezo.nl\/bezo-tiburon-opbouw-1-delig\/#breadcrumb"},"inLanguage":"de","potentialAction":[{"@type":"ReadAction","target":["https:\/\/bezo.nl\/bezo-tiburon-opbouw-1-delig\/"]}]},{"@type":"ImageObject","inLanguage":"de","@id":"https:\/\/bezo.nl\/bezo-tiburon-opbouw-1-delig\/#primaryimage","url":"https:\/\/ron.arkdes.dev\/wp-content\/uploads\/2025\/08\/download.png","contentUrl":"https:\/\/ron.arkdes.dev\/wp-content\/uploads\/2025\/08\/download.png"},{"@type":"BreadcrumbList","@id":"https:\/\/bezo.nl\/bezo-tiburon-opbouw-1-delig\/#breadcrumb","itemListElement":[{"@type":"ListItem","position":1,"name":"Home","item":"https:\/\/bezo.nl\/"},{"@type":"ListItem","position":2,"name":"Bezo\/Tiburon opbouw 1 delig"}]},{"@type":"WebSite","@id":"https:\/\/bezo.nl\/#website","url":"https:\/\/bezo.nl\/","name":"Bezo","description":"","publisher":{"@id":"https:\/\/bezo.nl\/#organization"},"potentialAction":[{"@type":"SearchAction","target":{"@type":"EntryPoint","urlTemplate":"https:\/\/bezo.nl\/?s={search_term_string}"},"query-input":{"@type":"PropertyValueSpecification","valueRequired":true,"valueName":"search_term_string"}}],"inLanguage":"de"},{"@type":"Organization","@id":"https:\/\/bezo.nl\/#organization","name":"Bezo","url":"https:\/\/bezo.nl\/","logo":{"@type":"ImageObject","inLanguage":"de","@id":"https:\/\/bezo.nl\/#\/schema\/logo\/image\/","url":"https:\/\/bezo.nl\/wp-content\/uploads\/2022\/05\/BEZOlogo_payoff_transparant-213-85.png","contentUrl":"https:\/\/bezo.nl\/wp-content\/uploads\/2022\/05\/BEZOlogo_payoff_transparant-213-85.png","width":213,"height":85,"caption":"Bezo"},"image":{"@id":"https:\/\/bezo.nl\/#\/schema\/logo\/image\/"}}]}},"_links":{"self":[{"href":"https:\/\/bezo.nl\/de\/wp-json\/wp\/v2\/pages\/2319","targetHints":{"allow":["GET"]}}],"collection":[{"href":"https:\/\/bezo.nl\/de\/wp-json\/wp\/v2\/pages"}],"about":[{"href":"https:\/\/bezo.nl\/de\/wp-json\/wp\/v2\/types\/page"}],"author":[{"embeddable":true,"href":"https:\/\/bezo.nl\/de\/wp-json\/wp\/v2\/users\/31"}],"replies":[{"embeddable":true,"href":"https:\/\/bezo.nl\/de\/wp-json\/wp\/v2\/comments?post=2319"}],"version-history":[{"count":12,"href":"https:\/\/bezo.nl\/de\/wp-json\/wp\/v2\/pages\/2319\/revisions"}],"predecessor-version":[{"id":2456,"href":"https:\/\/bezo.nl\/de\/wp-json\/wp\/v2\/pages\/2319\/revisions\/2456"}],"wp:attachment":[{"href":"https:\/\/bezo.nl\/de\/wp-json\/wp\/v2\/media?parent=2319"}],"curies":[{"name":"wp","href":"https:\/\/api.w.org\/{rel}","templated":true}]}}