{"id":2537,"date":"2025-11-04T13:47:52","date_gmt":"2025-11-04T13:47:52","guid":{"rendered":"https:\/\/bezo.nl\/?post_type=product&#038;p=2537"},"modified":"2026-02-05T08:33:18","modified_gmt":"2026-02-05T08:33:18","slug":"c2-zweiteilige-diebstahlsicherung-kopfklappe-aluminium-1500x1000-auf-lager","status":"publish","type":"product","link":"https:\/\/bezo.nl\/de\/produkt\/c2-zweiteilige-diebstahlsicherung-kopfklappe-aluminium-1500x1000-auf-lager\/","title":{"rendered":"C2 Zweiteilige Aufputz-Diebstahlsicherung - Aluminium 1500\u00d71000 auf Lager!"},"content":{"rendered":"<p>Diese zweiteilige Aufsatzklappe hat einen Aluminium-Aufsatzrahmen (\u299d 100x100x10) mit verdeckten Scharnieren und Befestigungsl\u00f6chern. Dies macht sie zu einer diebstahlsicheren Klappe. Je nach Tageslichtgr\u00f6\u00dfe verf\u00fcgt die Luke \u00fcber ein oder zwei Sicherheitsgitter aus Edelstahl 316 pro Abschnitt und einen Aluminiumdeckel mit einer oder zwei Gasfedern aus Edelstahl. Die Deckel bestehen aus 5\/6 mm starkem ALMG3-Rei\u00dfblech und sind mit Rippen verst\u00e4rkt. Dadurch sind die Deckel f\u00fcr eine Belastung von 1,5 kN\/m\u00b2 geeignet. Dar\u00fcber hinaus ist die Luke mit einem vollst\u00e4ndig abnehmbaren Zwischenpfosten ausgestattet. Alle beweglichen Teile sind in Nylonbuchsen gelagert und die Neoprendichtung macht die Luke gasdicht. Die Luke wird mit Vorh\u00e4ngeschloss, Knebelverschl\u00fcssen, Befestigungsmaterial und Neoprendichtband geliefert.<\/p>","protected":false},"excerpt":{"rendered":"<p>Tweedelig aluminium antidiefstal opbouwluik met verdekte scharnieren en montagegaten voorzien van RVS veiligheidsrooster en gasveer, inclusief hangslotvoorziening, knevelsloten, bevestigingsmateriaal en neoprene afdichtband. Bekijk de details hieronder in de volledige productbeschrijving. [&#8230;]<\/p>\n<p><a class=\"btn btn-secondary understrap-read-more-link\" href=\"https:\/\/bezo.nl\/de\/produkt\/c2-zweiteilige-diebstahlsicherung-kopfklappe-aluminium-1500x1000-auf-lager\/\">Weiterlesen...<span class=\"screen-reader-text\"> from C2 Tweedelig antidiefstal opbouwluik &#8211; Aluminium 1500&#215;1000 op voorraad!<\/span><\/a><\/p>","protected":false},"featured_media":2694,"template":"","meta":{"content-type":""},"product_brand":[],"product_cat":[60],"product_tag":[],"class_list":{"0":"post-2537","1":"product","2":"type-product","3":"status-publish","4":"has-post-thumbnail","6":"product_cat-tweedelige-luiken","8":"first","9":"instock","10":"sale","11":"sold-individually","12":"taxable","13":"shipping-taxable","14":"product-type-simple"},"yoast_head":"<!-- This site is optimized with the Yoast SEO plugin v26.4 - https:\/\/yoast.com\/wordpress\/plugins\/seo\/ -->\n<title>C2 Tweedelig antidiefstal opbouwluik - Aluminium 1500x1000 op voorraad! - Bezo<\/title>\n<meta name=\"robots\" content=\"index, follow, max-snippet:-1, max-image-preview:large, max-video-preview:-1\" \/>\n<link rel=\"canonical\" href=\"https:\/\/bezo.nl\/de\/produkt\/c2-zweiteilige-diebstahlsicherung-kopfklappe-aluminium-1500x1000-auf-lager\/\" \/>\n<meta property=\"og:locale\" content=\"de_DE\" \/>\n<meta property=\"og:type\" content=\"article\" \/>\n<meta property=\"og:title\" content=\"C2 Tweedelig antidiefstal opbouwluik - Aluminium 1500x1000 op voorraad! - Bezo\" \/>\n<meta property=\"og:description\" content=\"Tweedelig aluminium antidiefstal opbouwluik met verdekte scharnieren en montagegaten voorzien van RVS veiligheidsrooster en gasveer, inclusief hangslotvoorziening, knevelsloten, bevestigingsmateriaal en neoprene afdichtband. Bekijk de details hieronder in de volledige productbeschrijving. [...]Weiterlesen... from C2 Tweedelig antidiefstal opbouwluik &#8211; Aluminium 1500&#215;1000 op voorraad!\" \/>\n<meta property=\"og:url\" content=\"https:\/\/bezo.nl\/de\/produkt\/c2-zweiteilige-diebstahlsicherung-kopfklappe-aluminium-1500x1000-auf-lager\/\" \/>\n<meta property=\"og:site_name\" content=\"Bezo\" \/>\n<meta property=\"article:modified_time\" content=\"2026-02-05T08:33:18+00:00\" \/>\n<meta property=\"og:image\" content=\"https:\/\/bezo.nl\/wp-content\/uploads\/2025\/11\/Tweedelig-antidiefstal-opbouwluik-C2-Aluminium.jpg\" \/>\n\t<meta property=\"og:image:width\" content=\"1000\" \/>\n\t<meta property=\"og:image:height\" content=\"1000\" \/>\n\t<meta property=\"og:image:type\" content=\"image\/jpeg\" \/>\n<meta name=\"twitter:card\" content=\"summary_large_image\" \/>\n<meta name=\"twitter:label1\" content=\"Gesch\u00e4tzte Lesezeit\" \/>\n\t<meta name=\"twitter:data1\" content=\"1\u00a0Minute\" \/>\n<script type=\"application\/ld+json\" class=\"yoast-schema-graph\">{\"@context\":\"https:\/\/schema.org\",\"@graph\":[{\"@type\":\"WebPage\",\"@id\":\"https:\/\/bezo.nl\/en\/product\/c2-tweedelig-antidiefstal-opbouwluik-aluminium-1500x1000-op-voorraad\/\",\"url\":\"https:\/\/bezo.nl\/en\/product\/c2-tweedelig-antidiefstal-opbouwluik-aluminium-1500x1000-op-voorraad\/\",\"name\":\"C2 Tweedelig antidiefstal opbouwluik - Aluminium 1500x1000 op voorraad! - Bezo\",\"isPartOf\":{\"@id\":\"https:\/\/bezo.nl\/#website\"},\"primaryImageOfPage\":{\"@id\":\"https:\/\/bezo.nl\/en\/product\/c2-tweedelig-antidiefstal-opbouwluik-aluminium-1500x1000-op-voorraad\/#primaryimage\"},\"image\":{\"@id\":\"https:\/\/bezo.nl\/en\/product\/c2-tweedelig-antidiefstal-opbouwluik-aluminium-1500x1000-op-voorraad\/#primaryimage\"},\"thumbnailUrl\":\"https:\/\/bezo.nl\/wp-content\/uploads\/2025\/11\/Tweedelig-antidiefstal-opbouwluik-C2-Aluminium.jpg\",\"datePublished\":\"2025-11-04T13:47:52+00:00\",\"dateModified\":\"2026-02-05T08:33:18+00:00\",\"breadcrumb\":{\"@id\":\"https:\/\/bezo.nl\/en\/product\/c2-tweedelig-antidiefstal-opbouwluik-aluminium-1500x1000-op-voorraad\/#breadcrumb\"},\"inLanguage\":\"de\",\"potentialAction\":[{\"@type\":\"ReadAction\",\"target\":[\"https:\/\/bezo.nl\/en\/product\/c2-tweedelig-antidiefstal-opbouwluik-aluminium-1500x1000-op-voorraad\/\"]}]},{\"@type\":\"ImageObject\",\"inLanguage\":\"de\",\"@id\":\"https:\/\/bezo.nl\/en\/product\/c2-tweedelig-antidiefstal-opbouwluik-aluminium-1500x1000-op-voorraad\/#primaryimage\",\"url\":\"https:\/\/bezo.nl\/wp-content\/uploads\/2025\/11\/Tweedelig-antidiefstal-opbouwluik-C2-Aluminium.jpg\",\"contentUrl\":\"https:\/\/bezo.nl\/wp-content\/uploads\/2025\/11\/Tweedelig-antidiefstal-opbouwluik-C2-Aluminium.jpg\",\"width\":1000,\"height\":1000,\"caption\":\"Tweedelig antidiefstal opbouwluik - C2 Aluminium\"},{\"@type\":\"BreadcrumbList\",\"@id\":\"https:\/\/bezo.nl\/en\/product\/c2-tweedelig-antidiefstal-opbouwluik-aluminium-1500x1000-op-voorraad\/#breadcrumb\",\"itemListElement\":[{\"@type\":\"ListItem\",\"position\":1,\"name\":\"Home\",\"item\":\"https:\/\/bezo.nl\/\"},{\"@type\":\"ListItem\",\"position\":2,\"name\":\"Shop\",\"item\":\"https:\/\/bezo.nl\/shop\/\"},{\"@type\":\"ListItem\",\"position\":3,\"name\":\"C2 Tweedelig antidiefstal opbouwluik &#8211; Aluminium 1500&#215;1000 op voorraad!\"}]},{\"@type\":\"WebSite\",\"@id\":\"https:\/\/bezo.nl\/#website\",\"url\":\"https:\/\/bezo.nl\/\",\"name\":\"Bezo\",\"description\":\"\",\"publisher\":{\"@id\":\"https:\/\/bezo.nl\/#organization\"},\"potentialAction\":[{\"@type\":\"SearchAction\",\"target\":{\"@type\":\"EntryPoint\",\"urlTemplate\":\"https:\/\/bezo.nl\/?s={search_term_string}\"},\"query-input\":{\"@type\":\"PropertyValueSpecification\",\"valueRequired\":true,\"valueName\":\"search_term_string\"}}],\"inLanguage\":\"de\"},{\"@type\":\"Organization\",\"@id\":\"https:\/\/bezo.nl\/#organization\",\"name\":\"Bezo\",\"url\":\"https:\/\/bezo.nl\/\",\"logo\":{\"@type\":\"ImageObject\",\"inLanguage\":\"de\",\"@id\":\"https:\/\/bezo.nl\/#\/schema\/logo\/image\/\",\"url\":\"https:\/\/bezo.nl\/wp-content\/uploads\/2022\/05\/BEZOlogo_payoff_transparant-213-85.png\",\"contentUrl\":\"https:\/\/bezo.nl\/wp-content\/uploads\/2022\/05\/BEZOlogo_payoff_transparant-213-85.png\",\"width\":213,\"height\":85,\"caption\":\"Bezo\"},\"image\":{\"@id\":\"https:\/\/bezo.nl\/#\/schema\/logo\/image\/\"}}]}<\/script>\n<!-- \/ Yoast SEO plugin. -->","yoast_head_json":{"title":"C2 Zweiteilige Aufputz-Diebstahlsicherung - Aluminium 1500x1000 auf Lager! - Sichtbar","robots":{"index":"index","follow":"follow","max-snippet":"max-snippet:-1","max-image-preview":"max-image-preview:large","max-video-preview":"max-video-preview:-1"},"canonical":"https:\/\/bezo.nl\/de\/produkt\/c2-zweiteilige-diebstahlsicherung-kopfklappe-aluminium-1500x1000-auf-lager\/","og_locale":"de_DE","og_type":"article","og_title":"C2 Tweedelig antidiefstal opbouwluik - Aluminium 1500x1000 op voorraad! - Bezo","og_description":"Tweedelig aluminium antidiefstal opbouwluik met verdekte scharnieren en montagegaten voorzien van RVS veiligheidsrooster en gasveer, inclusief hangslotvoorziening, knevelsloten, bevestigingsmateriaal en neoprene afdichtband. Bekijk de details hieronder in de volledige productbeschrijving. [...]Weiterlesen... from C2 Tweedelig antidiefstal opbouwluik &#8211; Aluminium 1500&#215;1000 op voorraad!","og_url":"https:\/\/bezo.nl\/de\/produkt\/c2-zweiteilige-diebstahlsicherung-kopfklappe-aluminium-1500x1000-auf-lager\/","og_site_name":"Bezo","article_modified_time":"2026-02-05T08:33:18+00:00","og_image":[{"width":1000,"height":1000,"url":"https:\/\/bezo.nl\/wp-content\/uploads\/2025\/11\/Tweedelig-antidiefstal-opbouwluik-C2-Aluminium.jpg","type":"image\/jpeg"}],"twitter_card":"summary_large_image","twitter_misc":{"Gesch\u00e4tzte Lesezeit":"1\u00a0Minute"},"schema":{"@context":"https:\/\/schema.org","@graph":[{"@type":"WebPage","@id":"https:\/\/bezo.nl\/en\/product\/c2-tweedelig-antidiefstal-opbouwluik-aluminium-1500x1000-op-voorraad\/","url":"https:\/\/bezo.nl\/en\/product\/c2-tweedelig-antidiefstal-opbouwluik-aluminium-1500x1000-op-voorraad\/","name":"C2 Zweiteilige Aufputz-Diebstahlsicherung - Aluminium 1500x1000 auf Lager! - Sichtbar","isPartOf":{"@id":"https:\/\/bezo.nl\/#website"},"primaryImageOfPage":{"@id":"https:\/\/bezo.nl\/en\/product\/c2-tweedelig-antidiefstal-opbouwluik-aluminium-1500x1000-op-voorraad\/#primaryimage"},"image":{"@id":"https:\/\/bezo.nl\/en\/product\/c2-tweedelig-antidiefstal-opbouwluik-aluminium-1500x1000-op-voorraad\/#primaryimage"},"thumbnailUrl":"https:\/\/bezo.nl\/wp-content\/uploads\/2025\/11\/Tweedelig-antidiefstal-opbouwluik-C2-Aluminium.jpg","datePublished":"2025-11-04T13:47:52+00:00","dateModified":"2026-02-05T08:33:18+00:00","breadcrumb":{"@id":"https:\/\/bezo.nl\/en\/product\/c2-tweedelig-antidiefstal-opbouwluik-aluminium-1500x1000-op-voorraad\/#breadcrumb"},"inLanguage":"de","potentialAction":[{"@type":"ReadAction","target":["https:\/\/bezo.nl\/en\/product\/c2-tweedelig-antidiefstal-opbouwluik-aluminium-1500x1000-op-voorraad\/"]}]},{"@type":"ImageObject","inLanguage":"de","@id":"https:\/\/bezo.nl\/en\/product\/c2-tweedelig-antidiefstal-opbouwluik-aluminium-1500x1000-op-voorraad\/#primaryimage","url":"https:\/\/bezo.nl\/wp-content\/uploads\/2025\/11\/Tweedelig-antidiefstal-opbouwluik-C2-Aluminium.jpg","contentUrl":"https:\/\/bezo.nl\/wp-content\/uploads\/2025\/11\/Tweedelig-antidiefstal-opbouwluik-C2-Aluminium.jpg","width":1000,"height":1000,"caption":"Tweedelig antidiefstal opbouwluik - C2 Aluminium"},{"@type":"BreadcrumbList","@id":"https:\/\/bezo.nl\/en\/product\/c2-tweedelig-antidiefstal-opbouwluik-aluminium-1500x1000-op-voorraad\/#breadcrumb","itemListElement":[{"@type":"ListItem","position":1,"name":"Home","item":"https:\/\/bezo.nl\/"},{"@type":"ListItem","position":2,"name":"Shop","item":"https:\/\/bezo.nl\/shop\/"},{"@type":"ListItem","position":3,"name":"C2 Tweedelig antidiefstal opbouwluik &#8211; Aluminium 1500&#215;1000 op voorraad!"}]},{"@type":"WebSite","@id":"https:\/\/bezo.nl\/#website","url":"https:\/\/bezo.nl\/","name":"Bezo","description":"","publisher":{"@id":"https:\/\/bezo.nl\/#organization"},"potentialAction":[{"@type":"SearchAction","target":{"@type":"EntryPoint","urlTemplate":"https:\/\/bezo.nl\/?s={search_term_string}"},"query-input":{"@type":"PropertyValueSpecification","valueRequired":true,"valueName":"search_term_string"}}],"inLanguage":"de"},{"@type":"Organization","@id":"https:\/\/bezo.nl\/#organization","name":"Bezo","url":"https:\/\/bezo.nl\/","logo":{"@type":"ImageObject","inLanguage":"de","@id":"https:\/\/bezo.nl\/#\/schema\/logo\/image\/","url":"https:\/\/bezo.nl\/wp-content\/uploads\/2022\/05\/BEZOlogo_payoff_transparant-213-85.png","contentUrl":"https:\/\/bezo.nl\/wp-content\/uploads\/2022\/05\/BEZOlogo_payoff_transparant-213-85.png","width":213,"height":85,"caption":"Bezo"},"image":{"@id":"https:\/\/bezo.nl\/#\/schema\/logo\/image\/"}}]}},"_links":{"self":[{"href":"https:\/\/bezo.nl\/de\/wp-json\/wp\/v2\/product\/2537","targetHints":{"allow":["GET"]}}],"collection":[{"href":"https:\/\/bezo.nl\/de\/wp-json\/wp\/v2\/product"}],"about":[{"href":"https:\/\/bezo.nl\/de\/wp-json\/wp\/v2\/types\/product"}],"wp:featuredmedia":[{"embeddable":true,"href":"https:\/\/bezo.nl\/de\/wp-json\/wp\/v2\/media\/2694"}],"wp:attachment":[{"href":"https:\/\/bezo.nl\/de\/wp-json\/wp\/v2\/media?parent=2537"}],"wp:term":[{"taxonomy":"product_brand","embeddable":true,"href":"https:\/\/bezo.nl\/de\/wp-json\/wp\/v2\/product_brand?post=2537"},{"taxonomy":"product_cat","embeddable":true,"href":"https:\/\/bezo.nl\/de\/wp-json\/wp\/v2\/product_cat?post=2537"},{"taxonomy":"product_tag","embeddable":true,"href":"https:\/\/bezo.nl\/de\/wp-json\/wp\/v2\/product_tag?post=2537"}],"curies":[{"name":"wp","href":"https:\/\/api.w.org\/{rel}","templated":true}]}}