{"id":2323,"date":"2025-08-12T13:40:27","date_gmt":"2025-08-12T13:40:27","guid":{"rendered":"https:\/\/ron.arkdes.dev\/?page_id=2323"},"modified":"2025-08-14T15:44:17","modified_gmt":"2025-08-14T15:44:17","slug":"bezo-tiburon-montado-en-superficie-1-pieza-incl-tapa-aislante","status":"publish","type":"page","link":"https:\/\/bezo.nl\/es\/bezo-tiburon-montado-en-superficie-1-pieza-incl-tapa-aislante\/","title":{"rendered":"Bezo\/Tiburon montado en superficie 1 pieza incl. tapa aislante"},"content":{"rendered":"<div data-elementor-type=\"wp-page\" data-elementor-id=\"2323\" class=\"elementor elementor-2323\" data-elementor-post-type=\"page\">\n\t\t\t\t<div class=\"elementor-element elementor-element-22e4747 e-flex e-con-boxed e-con e-parent\" data-id=\"22e4747\" data-element_type=\"container\" data-settings=\"{&quot;background_background&quot;:&quot;classic&quot;}\">\n\t\t\t\t\t<div class=\"e-con-inner\">\n\t\t\t\t<div class=\"elementor-element elementor-element-9fad2ca elementor-icon-list--layout-inline elementor-list-item-link-full_width elementor-widget elementor-widget-icon-list\" data-id=\"9fad2ca\" data-element_type=\"widget\" data-widget_type=\"icon-list.default\">\n\t\t\t\t<div class=\"elementor-widget-container\">\n\t\t\t\t\t\t\t<ul class=\"elementor-icon-list-items elementor-inline-items\">\n\t\t\t\t\t\t\t<li class=\"elementor-icon-list-item elementor-inline-item\">\n\t\t\t\t\t\t\t\t\t\t\t<a href=\"https:\/\/bezo.nl\/es\">\n\n\t\t\t\t\t\t\t\t\t\t\t<span class=\"elementor-icon-list-text\">Inicio<\/span>\n\t\t\t\t\t\t\t\t\t\t\t<\/a>\n\t\t\t\t\t\t\t\t\t<\/li>\n\t\t\t\t\t\t\t\t<li class=\"elementor-icon-list-item elementor-inline-item\">\n\t\t\t\t\t\t\t\t\t\t\t<span class=\"elementor-icon-list-icon\">\n\t\t\t\t\t\t\t<i aria-hidden=\"true\" class=\"fas fa-chevron-right\"><\/i>\t\t\t\t\t\t<\/span>\n\t\t\t\t\t\t\t\t\t\t<span class=\"elementor-icon-list-text\"><\/span>\n\t\t\t\t\t\t\t\t\t<\/li>\n\t\t\t\t\t\t\t\t<li class=\"elementor-icon-list-item elementor-inline-item\">\n\t\t\t\t\t\t\t\t\t\t<span class=\"elementor-icon-list-text\"><\/span>\n\t\t\t\t\t\t\t\t\t<\/li>\n\t\t\t\t\t\t<\/ul>\n\t\t\t\t\t\t<\/div>\n\t\t\t\t<\/div>\n\t\t\t\t\t<\/div>\n\t\t\t\t<\/div>\n\t\t<div class=\"elementor-element elementor-element-7ea8556 e-flex e-con-boxed e-con e-parent\" data-id=\"7ea8556\" data-element_type=\"container\">\n\t\t\t\t\t<div class=\"e-con-inner\">\n\t\t<div class=\"elementor-element elementor-element-5d0aa62 e-con-full e-flex e-con e-child\" data-id=\"5d0aa62\" data-element_type=\"container\">\n\t\t\t\t<div class=\"elementor-element elementor-element-dd3ee93 elementor-widget elementor-widget-heading\" data-id=\"dd3ee93\" data-element_type=\"widget\" data-widget_type=\"heading.default\">\n\t\t\t\t<div class=\"elementor-widget-container\">\n\t\t\t\t\t<h2 class=\"elementor-heading-title elementor-size-default\">Tipo Persianas Tiburon<\/h2>\t\t\t\t<\/div>\n\t\t\t\t<\/div>\n\t\t\t\t<div class=\"elementor-element elementor-element-ac31ae5 my-heading-class elementor-widget elementor-widget-heading\" data-id=\"ac31ae5\" data-element_type=\"widget\" data-widget_type=\"heading.default\">\n\t\t\t\t<div class=\"elementor-widget-container\">\n\t\t\t\t\t<h2 class=\"elementor-heading-title elementor-size-default\"><a href=\"https:\/\/bezo.nl\/es\/bezo-tiburon-montaje-en-superficie-1-pieza\/\">Bezo\/Tibur\u00f3n montado en superficie 1 pieza<\/a><\/h2>\t\t\t\t<\/div>\n\t\t\t\t<\/div>\n\t\t\t\t<div class=\"elementor-element elementor-element-bb47299 my-heading-class elementor-widget elementor-widget-heading\" data-id=\"bb47299\" data-element_type=\"widget\" data-widget_type=\"heading.default\">\n\t\t\t\t<div class=\"elementor-widget-container\">\n\t\t\t\t\t<h2 class=\"elementor-heading-title elementor-size-default\"><a href=\"https:\/\/bezo.nl\/es\/bezo-tiburon-superestructura-de-2-piezas\/\">Bezo \/Tiburon 2 piezas de superficie<\/a><\/h2>\t\t\t\t<\/div>\n\t\t\t\t<\/div>\n\t\t\t\t<div class=\"elementor-element elementor-element-1a63481 elementor-widget elementor-widget-heading\" data-id=\"1a63481\" data-element_type=\"widget\" data-widget_type=\"heading.default\">\n\t\t\t\t<div class=\"elementor-widget-container\">\n\t\t\t\t\t<h2 class=\"elementor-heading-title elementor-size-default\"><a href=\"https:\/\/bezo.nl\/es\/bezo-tiburon-montado-en-superficie-1-pieza-incl-tapa-aislante\/\">Bezo\/Tiburon montado en superficie 1 pieza incl. tapa aislante<\/a><\/h2>\t\t\t\t<\/div>\n\t\t\t\t<\/div>\n\t\t\t\t<div class=\"elementor-element elementor-element-e3a2cc8 my-heading-class elementor-widget elementor-widget-heading\" data-id=\"e3a2cc8\" data-element_type=\"widget\" data-widget_type=\"heading.default\">\n\t\t\t\t<div class=\"elementor-widget-container\">\n\t\t\t\t\t<h2 class=\"elementor-heading-title elementor-size-default\"><a href=\"https:\/\/bezo.nl\/es\/bezo-tiburon-hhnk-escotilla-con-abrazadera-de-2-lados-estanca-al-gas\/\">Bezo \/Tiburon HHNK Escotilla con abrazadera de 2 lados estanca al gas<\/a><\/h2>\t\t\t\t<\/div>\n\t\t\t\t<\/div>\n\t\t\t\t<div class=\"elementor-element elementor-element-1a5c89c my-heading-class elementor-widget elementor-widget-heading\" data-id=\"1a5c89c\" data-element_type=\"widget\" data-widget_type=\"heading.default\">\n\t\t\t\t<div class=\"elementor-widget-container\">\n\t\t\t\t\t<h2 class=\"elementor-heading-title elementor-size-default\"><a href=\"https:\/\/bezo.nl\/es\/voorbeelden-referenties\/\">Ejemplos y referencias<\/a><\/h2>\t\t\t\t<\/div>\n\t\t\t\t<\/div>\n\t\t\t\t<\/div>\n\t\t<div class=\"elementor-element elementor-element-50261a1 e-con-full e-flex e-con e-child\" data-id=\"50261a1\" data-element_type=\"container\">\n\t\t\t\t<div class=\"elementor-element elementor-element-b4d6d4d elementor-widget elementor-widget-heading\" data-id=\"b4d6d4d\" data-element_type=\"widget\" data-widget_type=\"heading.default\">\n\t\t\t\t<div class=\"elementor-widget-container\">\n\t\t\t\t\t<h2 class=\"elementor-heading-title elementor-size-default\">ALMG3 tapa \/RVS304 marco\/ opci\u00f3n: rejilla (acero inoxidable 316 opcional)<\/h2>\t\t\t\t<\/div>\n\t\t\t\t<\/div>\n\t\t\t\t<div class=\"elementor-element elementor-element-ce14fa5 elementor-widget elementor-widget-text-editor\" data-id=\"ce14fa5\" data-element_type=\"widget\" data-widget_type=\"text-editor.default\">\n\t\t\t\t<div class=\"elementor-widget-container\">\n\t\t\t\t\t\t\t\t\t<p>Aqu\u00ed, las bisagras, el anclaje del marco y la construcci\u00f3n de la cerradura se colocan fuera de la tapa.<\/p>\t\t\t\t\t\t\t\t<\/div>\n\t\t\t\t<\/div>\n\t\t\t\t<div class=\"elementor-element elementor-element-08da8ee elementor-widget elementor-widget-image\" data-id=\"08da8ee\" data-element_type=\"widget\" data-widget_type=\"image.default\">\n\t\t\t\t<div class=\"elementor-widget-container\">\n\t\t\t\t\t\t\t\t\t\t\t\t\t\t\t<img fetchpriority=\"high\" decoding=\"async\" width=\"1137\" height=\"803\" src=\"https:\/\/bezo.nl\/wp-content\/uploads\/2025\/08\/download-2.png\" class=\"attachment-full size-full wp-image-2335\" alt=\"todas las piezas m\u00f3viles montadas con bujes de nylon SS304 despu\u00e9s de la soldadura.\" srcset=\"https:\/\/bezo.nl\/wp-content\/uploads\/2025\/08\/download-2.png 1137w, https:\/\/bezo.nl\/wp-content\/uploads\/2025\/08\/download-2-300x212.png 300w, https:\/\/bezo.nl\/wp-content\/uploads\/2025\/08\/download-2-1024x723.png 1024w, https:\/\/bezo.nl\/wp-content\/uploads\/2025\/08\/download-2-768x542.png 768w, https:\/\/bezo.nl\/wp-content\/uploads\/2025\/08\/download-2-600x424.png 600w, https:\/\/bezo.nl\/wp-content\/uploads\/2025\/08\/download-2-64x45.png 64w\" sizes=\"(max-width: 1137px) 100vw, 1137px\" \/>\t\t\t\t\t\t\t\t\t\t\t\t\t\t\t<\/div>\n\t\t\t\t<\/div>\n\t\t\t\t<\/div>\n\t\t\t\t\t<\/div>\n\t\t\t\t<\/div>\n\t\t<div class=\"elementor-element elementor-element-3897c32 e-flex e-con-boxed e-con e-parent\" data-id=\"3897c32\" data-element_type=\"container\">\n\t\t\t\t\t<div class=\"e-con-inner\">\n\t\t<div class=\"elementor-element elementor-element-ca49b6a e-con-full e-flex e-con e-child\" data-id=\"ca49b6a\" data-element_type=\"container\">\n\t\t\t\t<div class=\"elementor-element elementor-element-c67dec6 elementor-widget elementor-widget-heading\" data-id=\"c67dec6\" data-element_type=\"widget\" data-widget_type=\"heading.default\">\n\t\t\t\t<div class=\"elementor-widget-container\">\n\t\t\t\t\t<h2 class=\"elementor-heading-title elementor-size-default\">Texto de especificaci\u00f3n<\/h2>\t\t\t\t<\/div>\n\t\t\t\t<\/div>\n\t\t\t\t<div class=\"elementor-element elementor-element-8e04690 elementor-widget elementor-widget-text-editor\" data-id=\"8e04690\" data-element_type=\"widget\" data-widget_type=\"text-editor.default\">\n\t\t\t\t<div class=\"elementor-widget-container\">\n\t\t\t\t\t\t\t\t\t<div class=\"column mcb-column mcb-item-a3fade6ea one-second laptop-one-second tablet-one-second mobile-one column_column vb-item\"><div class=\"mcb-column-inner mfn-module-wrapper mcb-column-inner-a3fade6ea mcb-item-column-inner\"><div class=\"column_attr mfn-inline-editor clearfix\"><p class=\"big\">Marco de acero inoxidable y tapa de aluminio lagrimada con rejilla de seguridad de acero inoxidable. Herm\u00e9tica al gas con junta de neopreno. Todas las piezas m\u00f3viles est\u00e1n montadas con casquillos de nailon. Equipado tambi\u00e9n con dispositivo de bloqueo por candado, resorte de gas de acero inoxidable + cerradura de palanca. Se suministra con material de montaje consistente en: banda de neopreno para entre la escotilla y la cubierta\/pernos RS + tacos de lat\u00f3n.<\/p><\/div><\/div><\/div>\t\t\t\t\t\t\t\t<\/div>\n\t\t\t\t<\/div>\n\t\t\t\t<\/div>\n\t\t<div class=\"elementor-element elementor-element-82c2259 e-con-full e-flex e-con e-child\" data-id=\"82c2259\" data-element_type=\"container\">\n\t\t<div class=\"elementor-element elementor-element-eafdcbc e-grid e-con-full e-con e-child\" data-id=\"eafdcbc\" data-element_type=\"container\">\n\t\t\t\t<div class=\"elementor-element elementor-element-9c6339e elementor-view-framed elementor-shape-circle elementor-widget elementor-widget-icon\" data-id=\"9c6339e\" data-element_type=\"widget\" data-widget_type=\"icon.default\">\n\t\t\t\t<div class=\"elementor-widget-container\">\n\t\t\t\t\t\t\t<div class=\"elementor-icon-wrapper\">\n\t\t\t<div class=\"elementor-icon\">\n\t\t\t<i aria-hidden=\"true\" class=\"fas fa-info-circle\"><\/i>\t\t\t<\/div>\n\t\t<\/div>\n\t\t\t\t\t\t<\/div>\n\t\t\t\t<\/div>\n\t\t\t\t<div class=\"elementor-element elementor-element-9d169fd elementor-view-framed elementor-shape-circle elementor-widget elementor-widget-icon\" data-id=\"9d169fd\" data-element_type=\"widget\" data-widget_type=\"icon.default\">\n\t\t\t\t<div class=\"elementor-widget-container\">\n\t\t\t\t\t\t\t<div class=\"elementor-icon-wrapper\">\n\t\t\t<div class=\"elementor-icon\">\n\t\t\t<i aria-hidden=\"true\" class=\"far fa-comment\"><\/i>\t\t\t<\/div>\n\t\t<\/div>\n\t\t\t\t\t\t<\/div>\n\t\t\t\t<\/div>\n\t\t\t\t<div class=\"elementor-element elementor-element-6d4c28d elementor-view-framed elementor-shape-circle elementor-widget elementor-widget-icon\" data-id=\"6d4c28d\" data-element_type=\"widget\" data-widget_type=\"icon.default\">\n\t\t\t\t<div class=\"elementor-widget-container\">\n\t\t\t\t\t\t\t<div class=\"elementor-icon-wrapper\">\n\t\t\t<div class=\"elementor-icon\">\n\t\t\t<i aria-hidden=\"true\" class=\"fas fa-info-circle\"><\/i>\t\t\t<\/div>\n\t\t<\/div>\n\t\t\t\t\t\t<\/div>\n\t\t\t\t<\/div>\n\t\t\t\t<div class=\"elementor-element elementor-element-bb65dc9 elementor-widget elementor-widget-heading\" data-id=\"bb65dc9\" data-element_type=\"widget\" data-widget_type=\"heading.default\">\n\t\t\t\t<div class=\"elementor-widget-container\">\n\t\t\t\t\t<h2 class=\"elementor-heading-title elementor-size-default\">Ofrecer persianas\n<\/h2>\t\t\t\t<\/div>\n\t\t\t\t<\/div>\n\t\t\t\t<div class=\"elementor-element elementor-element-cc8fa43 elementor-widget elementor-widget-heading\" data-id=\"cc8fa43\" data-element_type=\"widget\" data-widget_type=\"heading.default\">\n\t\t\t\t<div class=\"elementor-widget-container\">\n\t\t\t\t\t<h2 class=\"elementor-heading-title elementor-size-default\">P\u00f3ngase en contacto con<\/h2>\t\t\t\t<\/div>\n\t\t\t\t<\/div>\n\t\t\t\t<div class=\"elementor-element elementor-element-5718864 elementor-widget elementor-widget-heading\" data-id=\"5718864\" data-element_type=\"widget\" data-widget_type=\"heading.default\">\n\t\t\t\t<div class=\"elementor-widget-container\">\n\t\t\t\t\t<h2 class=\"elementor-heading-title elementor-size-default\">Presupuesto de tuber\u00edas<\/h2>\t\t\t\t<\/div>\n\t\t\t\t<\/div>\n\t\t\t\t<\/div>\n\t\t\t\t<\/div>\n\t\t\t\t\t<\/div>\n\t\t\t\t<\/div>\n\t\t<div class=\"elementor-element elementor-element-d7930ed e-flex e-con-boxed e-con e-parent\" data-id=\"d7930ed\" data-element_type=\"container\">\n\t\t\t\t\t<div class=\"e-con-inner\">\n\t\t<div class=\"elementor-element elementor-element-8828e09 e-con-full e-flex e-con e-child\" data-id=\"8828e09\" data-element_type=\"container\">\n\t\t\t\t<div class=\"elementor-element elementor-element-3d86dcc elementor-widget__width-initial elementor-widget elementor-widget-image\" data-id=\"3d86dcc\" data-element_type=\"widget\" data-widget_type=\"image.default\">\n\t\t\t\t<div class=\"elementor-widget-container\">\n\t\t\t\t\t\t\t\t\t\t\t\t\t\t\t<img decoding=\"async\" width=\"227\" height=\"187\" src=\"https:\/\/bezo.nl\/wp-content\/uploads\/2025\/08\/default.png\" class=\"attachment-full size-full wp-image-2406\" alt=\"flecha ocupada\" srcset=\"https:\/\/bezo.nl\/wp-content\/uploads\/2025\/08\/default.png 227w, https:\/\/bezo.nl\/wp-content\/uploads\/2025\/08\/default-64x53.png 64w\" sizes=\"(max-width: 227px) 100vw, 227px\" \/>\t\t\t\t\t\t\t\t\t\t\t\t\t\t\t<\/div>\n\t\t\t\t<\/div>\n\t\t\t\t<\/div>\n\t\t<div class=\"elementor-element elementor-element-93c2204 e-con-full e-flex e-con e-child\" data-id=\"93c2204\" data-element_type=\"container\">\n\t\t\t\t<div class=\"elementor-element elementor-element-771557b elementor-widget elementor-widget-text-editor\" data-id=\"771557b\" data-element_type=\"widget\" data-widget_type=\"text-editor.default\">\n\t\t\t\t<div class=\"elementor-widget-container\">\n\t\t\t\t\t\t\t\t\t<div class=\"column mcb-column mcb-item-a3fade6ea one-second laptop-one-second tablet-one-second mobile-one column_column vb-item\"><div class=\"mcb-column-inner mfn-module-wrapper mcb-column-inner-a3fade6ea mcb-item-column-inner\"><div class=\"column_attr mfn-inline-editor clearfix\"><h2>Las ventajas de Tibur\u00f3n<\/h2><p class=\"big\">\u00bfQu\u00e9 hace que las contraventanas Tiburon sean tan populares? Qu\u00e9 tal los siguientes puntos fuertes:<br \/>- nuestro cliente est\u00e1 en el centro, \u00a1pensamos con usted!<br \/>- un producto holand\u00e9s s\u00f3lido y de calidad<br \/>- sin rodeos, ofrecemos comunicaci\u00f3n directa y, por lo tanto, podemos responder r\u00e1pidamente a todas sus consultas<br \/>- siempre se pueden realizar opciones y ofertas especiales en nuestras contraventanas<\/p><\/div><\/div><\/div>\t\t\t\t\t\t\t\t<\/div>\n\t\t\t\t<\/div>\n\t\t\t\t<\/div>\n\t\t\t\t\t<\/div>\n\t\t\t\t<\/div>\n\t\t\t\t<\/div>","protected":false},"excerpt":{"rendered":"<p>Home Type Tiburon Luiken Bezo\/Tiburon opbouw 1 delig Bezo \/Tiburon opbouw 2-delig Bezo\/Tiburon opbouw 1-delig incl. ge\u00efsoleerd deksel Bezo \/Tiburon HHNK Gasdicht 2 zijdig gekneveld luik Voorbeelden &amp; Referenties ALMG3 deksel \/RVS304 frame\/ optie: rooster (optioneel RVS316) Hierbij zijn de scharnieren, de frameverankering en de slotconstructie buiten het deksel geplaatst. Bestektekst RVS opbouwrand en aluminium [&#8230;]<\/p>\n<p><a class=\"btn btn-secondary understrap-read-more-link\" href=\"https:\/\/bezo.nl\/es\/bezo-tiburon-montado-en-superficie-1-pieza-incl-tapa-aislante\/\">Leer m\u00e1s&#8230;<span class=\"screen-reader-text\"> from Bezo\/Tiburon opbouw 1-delig incl. ge\u00efsoleerd deksel<\/span><\/a><\/p>","protected":false},"author":31,"featured_media":0,"parent":0,"menu_order":0,"comment_status":"closed","ping_status":"closed","template":"elementor_header_footer","meta":{"content-type":"","footnotes":""},"class_list":["post-2323","page","type-page","status-publish","hentry"],"yoast_head":"<!-- This site is optimized with the Yoast SEO plugin v26.4 - https:\/\/yoast.com\/wordpress\/plugins\/seo\/ -->\n<title>Bezo\/Tiburon opbouw 1-delig incl. ge\u00efsoleerd deksel - Bezo<\/title>\n<meta name=\"robots\" content=\"index, follow, max-snippet:-1, max-image-preview:large, max-video-preview:-1\" \/>\n<link rel=\"canonical\" href=\"https:\/\/bezo.nl\/es\/bezo-tiburon-montado-en-superficie-1-pieza-incl-tapa-aislante\/\" \/>\n<meta property=\"og:locale\" content=\"es_ES\" \/>\n<meta property=\"og:type\" content=\"article\" \/>\n<meta property=\"og:title\" content=\"Bezo\/Tiburon opbouw 1-delig incl. ge\u00efsoleerd deksel - Bezo\" \/>\n<meta property=\"og:description\" content=\"Home Type Tiburon Luiken Bezo\/Tiburon opbouw 1 delig Bezo \/Tiburon opbouw 2-delig Bezo\/Tiburon opbouw 1-delig incl. ge\u00efsoleerd deksel Bezo \/Tiburon HHNK Gasdicht 2 zijdig gekneveld luik Voorbeelden &amp; Referenties ALMG3 deksel \/RVS304 frame\/ optie: rooster (optioneel RVS316) Hierbij zijn de scharnieren, de frameverankering en de slotconstructie buiten het deksel geplaatst. Bestektekst RVS opbouwrand en aluminium [...]Leer m\u00e1s... from Bezo\/Tiburon opbouw 1-delig incl. ge\u00efsoleerd deksel\" \/>\n<meta property=\"og:url\" content=\"https:\/\/bezo.nl\/es\/bezo-tiburon-montado-en-superficie-1-pieza-incl-tapa-aislante\/\" \/>\n<meta property=\"og:site_name\" content=\"Bezo\" \/>\n<meta property=\"article:modified_time\" content=\"2025-08-14T15:44:17+00:00\" \/>\n<meta property=\"og:image\" content=\"https:\/\/ron.arkdes.dev\/wp-content\/uploads\/2025\/08\/download-2.png\" \/>\n<meta name=\"twitter:card\" content=\"summary_large_image\" \/>\n<meta name=\"twitter:label1\" content=\"Tiempo de lectura\" \/>\n\t<meta name=\"twitter:data1\" content=\"2 minutos\" \/>\n<script type=\"application\/ld+json\" class=\"yoast-schema-graph\">{\"@context\":\"https:\/\/schema.org\",\"@graph\":[{\"@type\":\"WebPage\",\"@id\":\"https:\/\/bezo.nl\/bezo-tiburon-opbouw-1-delig-incl-geisoleerd-deksel\/\",\"url\":\"https:\/\/bezo.nl\/bezo-tiburon-opbouw-1-delig-incl-geisoleerd-deksel\/\",\"name\":\"Bezo\/Tiburon opbouw 1-delig incl. ge\u00efsoleerd deksel - Bezo\",\"isPartOf\":{\"@id\":\"https:\/\/bezo.nl\/#website\"},\"primaryImageOfPage\":{\"@id\":\"https:\/\/bezo.nl\/bezo-tiburon-opbouw-1-delig-incl-geisoleerd-deksel\/#primaryimage\"},\"image\":{\"@id\":\"https:\/\/bezo.nl\/bezo-tiburon-opbouw-1-delig-incl-geisoleerd-deksel\/#primaryimage\"},\"thumbnailUrl\":\"https:\/\/ron.arkdes.dev\/wp-content\/uploads\/2025\/08\/download-2.png\",\"datePublished\":\"2025-08-12T13:40:27+00:00\",\"dateModified\":\"2025-08-14T15:44:17+00:00\",\"breadcrumb\":{\"@id\":\"https:\/\/bezo.nl\/bezo-tiburon-opbouw-1-delig-incl-geisoleerd-deksel\/#breadcrumb\"},\"inLanguage\":\"es\",\"potentialAction\":[{\"@type\":\"ReadAction\",\"target\":[\"https:\/\/bezo.nl\/bezo-tiburon-opbouw-1-delig-incl-geisoleerd-deksel\/\"]}]},{\"@type\":\"ImageObject\",\"inLanguage\":\"es\",\"@id\":\"https:\/\/bezo.nl\/bezo-tiburon-opbouw-1-delig-incl-geisoleerd-deksel\/#primaryimage\",\"url\":\"https:\/\/ron.arkdes.dev\/wp-content\/uploads\/2025\/08\/download-2.png\",\"contentUrl\":\"https:\/\/ron.arkdes.dev\/wp-content\/uploads\/2025\/08\/download-2.png\"},{\"@type\":\"BreadcrumbList\",\"@id\":\"https:\/\/bezo.nl\/bezo-tiburon-opbouw-1-delig-incl-geisoleerd-deksel\/#breadcrumb\",\"itemListElement\":[{\"@type\":\"ListItem\",\"position\":1,\"name\":\"Home\",\"item\":\"https:\/\/bezo.nl\/\"},{\"@type\":\"ListItem\",\"position\":2,\"name\":\"Bezo\/Tiburon opbouw 1-delig incl. ge\u00efsoleerd deksel\"}]},{\"@type\":\"WebSite\",\"@id\":\"https:\/\/bezo.nl\/#website\",\"url\":\"https:\/\/bezo.nl\/\",\"name\":\"Bezo\",\"description\":\"\",\"publisher\":{\"@id\":\"https:\/\/bezo.nl\/#organization\"},\"potentialAction\":[{\"@type\":\"SearchAction\",\"target\":{\"@type\":\"EntryPoint\",\"urlTemplate\":\"https:\/\/bezo.nl\/?s={search_term_string}\"},\"query-input\":{\"@type\":\"PropertyValueSpecification\",\"valueRequired\":true,\"valueName\":\"search_term_string\"}}],\"inLanguage\":\"es\"},{\"@type\":\"Organization\",\"@id\":\"https:\/\/bezo.nl\/#organization\",\"name\":\"Bezo\",\"url\":\"https:\/\/bezo.nl\/\",\"logo\":{\"@type\":\"ImageObject\",\"inLanguage\":\"es\",\"@id\":\"https:\/\/bezo.nl\/#\/schema\/logo\/image\/\",\"url\":\"https:\/\/bezo.nl\/wp-content\/uploads\/2022\/05\/BEZOlogo_payoff_transparant-213-85.png\",\"contentUrl\":\"https:\/\/bezo.nl\/wp-content\/uploads\/2022\/05\/BEZOlogo_payoff_transparant-213-85.png\",\"width\":213,\"height\":85,\"caption\":\"Bezo\"},\"image\":{\"@id\":\"https:\/\/bezo.nl\/#\/schema\/logo\/image\/\"}}]}<\/script>\n<!-- \/ Yoast SEO plugin. -->","yoast_head_json":{"title":"Bezo\/Tiburon 1 pieza de superficie incl. tapa isot\u00e9rmica - Bezo","robots":{"index":"index","follow":"follow","max-snippet":"max-snippet:-1","max-image-preview":"max-image-preview:large","max-video-preview":"max-video-preview:-1"},"canonical":"https:\/\/bezo.nl\/es\/bezo-tiburon-montado-en-superficie-1-pieza-incl-tapa-aislante\/","og_locale":"es_ES","og_type":"article","og_title":"Bezo\/Tiburon opbouw 1-delig incl. ge\u00efsoleerd deksel - Bezo","og_description":"Home Type Tiburon Luiken Bezo\/Tiburon opbouw 1 delig Bezo \/Tiburon opbouw 2-delig Bezo\/Tiburon opbouw 1-delig incl. ge\u00efsoleerd deksel Bezo \/Tiburon HHNK Gasdicht 2 zijdig gekneveld luik Voorbeelden &amp; Referenties ALMG3 deksel \/RVS304 frame\/ optie: rooster (optioneel RVS316) Hierbij zijn de scharnieren, de frameverankering en de slotconstructie buiten het deksel geplaatst. Bestektekst RVS opbouwrand en aluminium [...]Leer m\u00e1s... from Bezo\/Tiburon opbouw 1-delig incl. ge\u00efsoleerd deksel","og_url":"https:\/\/bezo.nl\/es\/bezo-tiburon-montado-en-superficie-1-pieza-incl-tapa-aislante\/","og_site_name":"Bezo","article_modified_time":"2025-08-14T15:44:17+00:00","og_image":[{"url":"https:\/\/ron.arkdes.dev\/wp-content\/uploads\/2025\/08\/download-2.png","type":"","width":"","height":""}],"twitter_card":"summary_large_image","twitter_misc":{"Tiempo de lectura":"2 minutos"},"schema":{"@context":"https:\/\/schema.org","@graph":[{"@type":"WebPage","@id":"https:\/\/bezo.nl\/bezo-tiburon-opbouw-1-delig-incl-geisoleerd-deksel\/","url":"https:\/\/bezo.nl\/bezo-tiburon-opbouw-1-delig-incl-geisoleerd-deksel\/","name":"Bezo\/Tiburon 1 pieza de superficie incl. tapa isot\u00e9rmica - Bezo","isPartOf":{"@id":"https:\/\/bezo.nl\/#website"},"primaryImageOfPage":{"@id":"https:\/\/bezo.nl\/bezo-tiburon-opbouw-1-delig-incl-geisoleerd-deksel\/#primaryimage"},"image":{"@id":"https:\/\/bezo.nl\/bezo-tiburon-opbouw-1-delig-incl-geisoleerd-deksel\/#primaryimage"},"thumbnailUrl":"https:\/\/ron.arkdes.dev\/wp-content\/uploads\/2025\/08\/download-2.png","datePublished":"2025-08-12T13:40:27+00:00","dateModified":"2025-08-14T15:44:17+00:00","breadcrumb":{"@id":"https:\/\/bezo.nl\/bezo-tiburon-opbouw-1-delig-incl-geisoleerd-deksel\/#breadcrumb"},"inLanguage":"es","potentialAction":[{"@type":"ReadAction","target":["https:\/\/bezo.nl\/bezo-tiburon-opbouw-1-delig-incl-geisoleerd-deksel\/"]}]},{"@type":"ImageObject","inLanguage":"es","@id":"https:\/\/bezo.nl\/bezo-tiburon-opbouw-1-delig-incl-geisoleerd-deksel\/#primaryimage","url":"https:\/\/ron.arkdes.dev\/wp-content\/uploads\/2025\/08\/download-2.png","contentUrl":"https:\/\/ron.arkdes.dev\/wp-content\/uploads\/2025\/08\/download-2.png"},{"@type":"BreadcrumbList","@id":"https:\/\/bezo.nl\/bezo-tiburon-opbouw-1-delig-incl-geisoleerd-deksel\/#breadcrumb","itemListElement":[{"@type":"ListItem","position":1,"name":"Home","item":"https:\/\/bezo.nl\/"},{"@type":"ListItem","position":2,"name":"Bezo\/Tiburon opbouw 1-delig incl. ge\u00efsoleerd deksel"}]},{"@type":"WebSite","@id":"https:\/\/bezo.nl\/#website","url":"https:\/\/bezo.nl\/","name":"Bezo","description":"","publisher":{"@id":"https:\/\/bezo.nl\/#organization"},"potentialAction":[{"@type":"SearchAction","target":{"@type":"EntryPoint","urlTemplate":"https:\/\/bezo.nl\/?s={search_term_string}"},"query-input":{"@type":"PropertyValueSpecification","valueRequired":true,"valueName":"search_term_string"}}],"inLanguage":"es"},{"@type":"Organization","@id":"https:\/\/bezo.nl\/#organization","name":"Bezo","url":"https:\/\/bezo.nl\/","logo":{"@type":"ImageObject","inLanguage":"es","@id":"https:\/\/bezo.nl\/#\/schema\/logo\/image\/","url":"https:\/\/bezo.nl\/wp-content\/uploads\/2022\/05\/BEZOlogo_payoff_transparant-213-85.png","contentUrl":"https:\/\/bezo.nl\/wp-content\/uploads\/2022\/05\/BEZOlogo_payoff_transparant-213-85.png","width":213,"height":85,"caption":"Bezo"},"image":{"@id":"https:\/\/bezo.nl\/#\/schema\/logo\/image\/"}}]}},"_links":{"self":[{"href":"https:\/\/bezo.nl\/es\/wp-json\/wp\/v2\/pages\/2323","targetHints":{"allow":["GET"]}}],"collection":[{"href":"https:\/\/bezo.nl\/es\/wp-json\/wp\/v2\/pages"}],"about":[{"href":"https:\/\/bezo.nl\/es\/wp-json\/wp\/v2\/types\/page"}],"author":[{"embeddable":true,"href":"https:\/\/bezo.nl\/es\/wp-json\/wp\/v2\/users\/31"}],"replies":[{"embeddable":true,"href":"https:\/\/bezo.nl\/es\/wp-json\/wp\/v2\/comments?post=2323"}],"version-history":[{"count":21,"href":"https:\/\/bezo.nl\/es\/wp-json\/wp\/v2\/pages\/2323\/revisions"}],"predecessor-version":[{"id":2459,"href":"https:\/\/bezo.nl\/es\/wp-json\/wp\/v2\/pages\/2323\/revisions\/2459"}],"wp:attachment":[{"href":"https:\/\/bezo.nl\/es\/wp-json\/wp\/v2\/media?parent=2323"}],"curies":[{"name":"wp","href":"https:\/\/api.w.org\/{rel}","templated":true}]}}