{"id":1919,"date":"2025-03-25T12:04:00","date_gmt":"2025-03-25T12:04:00","guid":{"rendered":"https:\/\/ron.arkdes.dev\/?post_type=product&#038;p=1919"},"modified":"2026-02-08T20:30:08","modified_gmt":"2026-02-08T20:30:08","slug":"instort-spindelpot-rvs316-hhnk","status":"publish","type":"product","link":"https:\/\/bezo.nl\/es\/producto\/instort-spindelpot-rvs316-hhnk\/","title":{"rendered":"Jarra de husillo colapsable - acero inoxidable 316 (HHNK)"},"content":{"rendered":"<p>El pote de husillo de acero inoxidable 316 fundido se ha dise\u00f1ado espec\u00edficamente para el funcionamiento de v\u00e1lvulas de husillo, centr\u00e1ndose en la durabilidad, la precisi\u00f3n y la fiabilidad. Esta robusta olla de acero inoxidable se instala f\u00e1cilmente en hormig\u00f3n u otros cimientos, proporcionando una soluci\u00f3n estable y de bajo mantenimiento para el funcionamiento de v\u00e1lvulas en entornos exigentes.<\/p>\n<p><strong>Caracter\u00edsticas y ventajas<\/strong><br \/>\n- Construcci\u00f3n de acero inoxidable de alta calidad: fabricada en acero inoxidable, lo que confiere al tarro de husillo una excelente resistencia a la corrosi\u00f3n, incluso en entornos con humedad, productos qu\u00edmicos u otros factores de estr\u00e9s.<br \/>\n- Precisi\u00f3n en el funcionamiento: la olla de husillo proporciona una conexi\u00f3n segura y fiable para el funcionamiento de las v\u00e1lvulas de husillo, garantizando un funcionamiento suave y una mayor precisi\u00f3n durante la apertura y el cierre de la v\u00e1lvula.<br \/>\n- F\u00e1cil instalaci\u00f3n plegable: el dise\u00f1o permite instalar f\u00e1cilmente la maceta de husillo en hormig\u00f3n o materiales de cimentaci\u00f3n, eliminando la necesidad de fijaciones adicionales<br \/>\n- Fiables en condiciones duras: adecuadas para aplicaciones industriales como plantas de tratamiento de aguas, gesti\u00f3n de aguas residuales u otras aplicaciones en las que las v\u00e1lvulas son esenciales para controlar l\u00edquidos o gases.<br \/>\n- Larga vida \u00fatil y bajo mantenimiento: el robusto material de acero inoxidable hace que la olla del husillo sea resistente al desgaste y la corrosi\u00f3n, lo que se traduce en unos costes de mantenimiento m\u00ednimos y un funcionamiento fiable a largo plazo.<\/p>\n<p>Esta olla de husillo plegable de acero inoxidable ofrece la soluci\u00f3n perfecta para operar v\u00e1lvulas de husillo en diversas aplicaciones industriales y de infraestructuras. Gracias a su robusta construcci\u00f3n y f\u00e1cil instalaci\u00f3n, es una opci\u00f3n ideal para quienes buscan una forma fiable y duradera de operar y mantener las v\u00e1lvulas de forma eficiente.<\/p>","protected":false},"excerpt":{"rendered":"<p>RVS instort spindelpot om spindelafsluiters te bedienen. Bekijk de details hieronder in de volledige productbeschrijving. [&#8230;]<\/p>\n<p><a class=\"btn btn-secondary understrap-read-more-link\" href=\"https:\/\/bezo.nl\/es\/producto\/instort-spindelpot-rvs316-hhnk\/\">Leer m\u00e1s&#8230;<span class=\"screen-reader-text\"> from Instort spindelpot &#8211; RVS 316 (HHNK)<\/span><\/a><\/p>","protected":false},"featured_media":2683,"template":"","meta":{"content-type":""},"product_brand":[],"product_cat":[67],"product_tag":[],"class_list":{"0":"post-1919","1":"product","2":"type-product","3":"status-publish","4":"has-post-thumbnail","6":"product_cat-hijspotten-en-spindelpotten","8":"first","9":"instock","10":"sold-individually","11":"taxable","12":"shipping-taxable","13":"product-type-simple"},"yoast_head":"<!-- This site is optimized with the Yoast SEO plugin v26.4 - https:\/\/yoast.com\/wordpress\/plugins\/seo\/ -->\n<title>Instort spindelpot - RVS 316 (HHNK) - Bezo<\/title>\n<meta name=\"robots\" content=\"index, follow, max-snippet:-1, max-image-preview:large, max-video-preview:-1\" \/>\n<link rel=\"canonical\" href=\"https:\/\/bezo.nl\/es\/producto\/instort-spindelpot-rvs316-hhnk\/\" \/>\n<meta property=\"og:locale\" content=\"es_ES\" \/>\n<meta property=\"og:type\" content=\"article\" \/>\n<meta property=\"og:title\" content=\"Instort spindelpot - RVS 316 (HHNK) - Bezo\" \/>\n<meta property=\"og:description\" content=\"RVS instort spindelpot om spindelafsluiters te bedienen. Bekijk de details hieronder in de volledige productbeschrijving. [...]Leer m\u00e1s... from Instort spindelpot &#8211; RVS 316 (HHNK)\" \/>\n<meta property=\"og:url\" content=\"https:\/\/bezo.nl\/es\/producto\/instort-spindelpot-rvs316-hhnk\/\" \/>\n<meta property=\"og:site_name\" content=\"Bezo\" \/>\n<meta property=\"article:modified_time\" content=\"2026-02-08T20:30:08+00:00\" \/>\n<meta property=\"og:image\" content=\"https:\/\/bezo.nl\/wp-content\/uploads\/2025\/11\/Instort-hijspot-RVS-316-HHNK.jpg\" \/>\n\t<meta property=\"og:image:width\" content=\"1000\" \/>\n\t<meta property=\"og:image:height\" content=\"1000\" \/>\n\t<meta property=\"og:image:type\" content=\"image\/jpeg\" \/>\n<meta name=\"twitter:card\" content=\"summary_large_image\" \/>\n<meta name=\"twitter:label1\" content=\"Tiempo de lectura\" \/>\n\t<meta name=\"twitter:data1\" content=\"2 minutos\" \/>\n<script type=\"application\/ld+json\" class=\"yoast-schema-graph\">{\"@context\":\"https:\/\/schema.org\",\"@graph\":[{\"@type\":\"WebPage\",\"@id\":\"https:\/\/bezo.nl\/product\/instort-spindelpot-rvs316-hhnk\/\",\"url\":\"https:\/\/bezo.nl\/product\/instort-spindelpot-rvs316-hhnk\/\",\"name\":\"Instort spindelpot - RVS 316 (HHNK) - Bezo\",\"isPartOf\":{\"@id\":\"https:\/\/bezo.nl\/#website\"},\"primaryImageOfPage\":{\"@id\":\"https:\/\/bezo.nl\/product\/instort-spindelpot-rvs316-hhnk\/#primaryimage\"},\"image\":{\"@id\":\"https:\/\/bezo.nl\/product\/instort-spindelpot-rvs316-hhnk\/#primaryimage\"},\"thumbnailUrl\":\"https:\/\/bezo.nl\/wp-content\/uploads\/2025\/11\/Instort-hijspot-RVS-316-HHNK.jpg\",\"datePublished\":\"2025-03-25T12:04:00+00:00\",\"dateModified\":\"2026-02-08T20:30:08+00:00\",\"breadcrumb\":{\"@id\":\"https:\/\/bezo.nl\/product\/instort-spindelpot-rvs316-hhnk\/#breadcrumb\"},\"inLanguage\":\"es\",\"potentialAction\":[{\"@type\":\"ReadAction\",\"target\":[\"https:\/\/bezo.nl\/product\/instort-spindelpot-rvs316-hhnk\/\"]}]},{\"@type\":\"ImageObject\",\"inLanguage\":\"es\",\"@id\":\"https:\/\/bezo.nl\/product\/instort-spindelpot-rvs316-hhnk\/#primaryimage\",\"url\":\"https:\/\/bezo.nl\/wp-content\/uploads\/2025\/11\/Instort-hijspot-RVS-316-HHNK.jpg\",\"contentUrl\":\"https:\/\/bezo.nl\/wp-content\/uploads\/2025\/11\/Instort-hijspot-RVS-316-HHNK.jpg\",\"width\":1000,\"height\":1000,\"caption\":\"Instort hijspot - RVS 316 (HHNK)\"},{\"@type\":\"BreadcrumbList\",\"@id\":\"https:\/\/bezo.nl\/product\/instort-spindelpot-rvs316-hhnk\/#breadcrumb\",\"itemListElement\":[{\"@type\":\"ListItem\",\"position\":1,\"name\":\"Home\",\"item\":\"https:\/\/bezo.nl\/\"},{\"@type\":\"ListItem\",\"position\":2,\"name\":\"Shop\",\"item\":\"https:\/\/bezo.nl\/shop\/\"},{\"@type\":\"ListItem\",\"position\":3,\"name\":\"Instort spindelpot &#8211; RVS 316 (HHNK)\"}]},{\"@type\":\"WebSite\",\"@id\":\"https:\/\/bezo.nl\/#website\",\"url\":\"https:\/\/bezo.nl\/\",\"name\":\"Bezo\",\"description\":\"\",\"publisher\":{\"@id\":\"https:\/\/bezo.nl\/#organization\"},\"potentialAction\":[{\"@type\":\"SearchAction\",\"target\":{\"@type\":\"EntryPoint\",\"urlTemplate\":\"https:\/\/bezo.nl\/?s={search_term_string}\"},\"query-input\":{\"@type\":\"PropertyValueSpecification\",\"valueRequired\":true,\"valueName\":\"search_term_string\"}}],\"inLanguage\":\"es\"},{\"@type\":\"Organization\",\"@id\":\"https:\/\/bezo.nl\/#organization\",\"name\":\"Bezo\",\"url\":\"https:\/\/bezo.nl\/\",\"logo\":{\"@type\":\"ImageObject\",\"inLanguage\":\"es\",\"@id\":\"https:\/\/bezo.nl\/#\/schema\/logo\/image\/\",\"url\":\"https:\/\/bezo.nl\/wp-content\/uploads\/2022\/05\/BEZOlogo_payoff_transparant-213-85.png\",\"contentUrl\":\"https:\/\/bezo.nl\/wp-content\/uploads\/2022\/05\/BEZOlogo_payoff_transparant-213-85.png\",\"width\":213,\"height\":85,\"caption\":\"Bezo\"},\"image\":{\"@id\":\"https:\/\/bezo.nl\/#\/schema\/logo\/image\/\"}}]}<\/script>\n<!-- \/ Yoast SEO plugin. -->","yoast_head_json":{"title":"Instort spindelpot - RVS 316 (HHNK) - Bezo","robots":{"index":"index","follow":"follow","max-snippet":"max-snippet:-1","max-image-preview":"max-image-preview:large","max-video-preview":"max-video-preview:-1"},"canonical":"https:\/\/bezo.nl\/es\/producto\/instort-spindelpot-rvs316-hhnk\/","og_locale":"es_ES","og_type":"article","og_title":"Instort spindelpot - RVS 316 (HHNK) - Bezo","og_description":"RVS instort spindelpot om spindelafsluiters te bedienen. Bekijk de details hieronder in de volledige productbeschrijving. [...]Leer m\u00e1s... from Instort spindelpot &#8211; RVS 316 (HHNK)","og_url":"https:\/\/bezo.nl\/es\/producto\/instort-spindelpot-rvs316-hhnk\/","og_site_name":"Bezo","article_modified_time":"2026-02-08T20:30:08+00:00","og_image":[{"width":1000,"height":1000,"url":"https:\/\/bezo.nl\/wp-content\/uploads\/2025\/11\/Instort-hijspot-RVS-316-HHNK.jpg","type":"image\/jpeg"}],"twitter_card":"summary_large_image","twitter_misc":{"Tiempo de lectura":"2 minutos"},"schema":{"@context":"https:\/\/schema.org","@graph":[{"@type":"WebPage","@id":"https:\/\/bezo.nl\/product\/instort-spindelpot-rvs316-hhnk\/","url":"https:\/\/bezo.nl\/product\/instort-spindelpot-rvs316-hhnk\/","name":"Instort spindelpot - RVS 316 (HHNK) - Bezo","isPartOf":{"@id":"https:\/\/bezo.nl\/#website"},"primaryImageOfPage":{"@id":"https:\/\/bezo.nl\/product\/instort-spindelpot-rvs316-hhnk\/#primaryimage"},"image":{"@id":"https:\/\/bezo.nl\/product\/instort-spindelpot-rvs316-hhnk\/#primaryimage"},"thumbnailUrl":"https:\/\/bezo.nl\/wp-content\/uploads\/2025\/11\/Instort-hijspot-RVS-316-HHNK.jpg","datePublished":"2025-03-25T12:04:00+00:00","dateModified":"2026-02-08T20:30:08+00:00","breadcrumb":{"@id":"https:\/\/bezo.nl\/product\/instort-spindelpot-rvs316-hhnk\/#breadcrumb"},"inLanguage":"es","potentialAction":[{"@type":"ReadAction","target":["https:\/\/bezo.nl\/product\/instort-spindelpot-rvs316-hhnk\/"]}]},{"@type":"ImageObject","inLanguage":"es","@id":"https:\/\/bezo.nl\/product\/instort-spindelpot-rvs316-hhnk\/#primaryimage","url":"https:\/\/bezo.nl\/wp-content\/uploads\/2025\/11\/Instort-hijspot-RVS-316-HHNK.jpg","contentUrl":"https:\/\/bezo.nl\/wp-content\/uploads\/2025\/11\/Instort-hijspot-RVS-316-HHNK.jpg","width":1000,"height":1000,"caption":"Instort hijspot - RVS 316 (HHNK)"},{"@type":"BreadcrumbList","@id":"https:\/\/bezo.nl\/product\/instort-spindelpot-rvs316-hhnk\/#breadcrumb","itemListElement":[{"@type":"ListItem","position":1,"name":"Home","item":"https:\/\/bezo.nl\/"},{"@type":"ListItem","position":2,"name":"Shop","item":"https:\/\/bezo.nl\/shop\/"},{"@type":"ListItem","position":3,"name":"Instort spindelpot &#8211; RVS 316 (HHNK)"}]},{"@type":"WebSite","@id":"https:\/\/bezo.nl\/#website","url":"https:\/\/bezo.nl\/","name":"Bezo","description":"","publisher":{"@id":"https:\/\/bezo.nl\/#organization"},"potentialAction":[{"@type":"SearchAction","target":{"@type":"EntryPoint","urlTemplate":"https:\/\/bezo.nl\/?s={search_term_string}"},"query-input":{"@type":"PropertyValueSpecification","valueRequired":true,"valueName":"search_term_string"}}],"inLanguage":"es"},{"@type":"Organization","@id":"https:\/\/bezo.nl\/#organization","name":"Bezo","url":"https:\/\/bezo.nl\/","logo":{"@type":"ImageObject","inLanguage":"es","@id":"https:\/\/bezo.nl\/#\/schema\/logo\/image\/","url":"https:\/\/bezo.nl\/wp-content\/uploads\/2022\/05\/BEZOlogo_payoff_transparant-213-85.png","contentUrl":"https:\/\/bezo.nl\/wp-content\/uploads\/2022\/05\/BEZOlogo_payoff_transparant-213-85.png","width":213,"height":85,"caption":"Bezo"},"image":{"@id":"https:\/\/bezo.nl\/#\/schema\/logo\/image\/"}}]}},"_links":{"self":[{"href":"https:\/\/bezo.nl\/es\/wp-json\/wp\/v2\/product\/1919","targetHints":{"allow":["GET"]}}],"collection":[{"href":"https:\/\/bezo.nl\/es\/wp-json\/wp\/v2\/product"}],"about":[{"href":"https:\/\/bezo.nl\/es\/wp-json\/wp\/v2\/types\/product"}],"wp:featuredmedia":[{"embeddable":true,"href":"https:\/\/bezo.nl\/es\/wp-json\/wp\/v2\/media\/2683"}],"wp:attachment":[{"href":"https:\/\/bezo.nl\/es\/wp-json\/wp\/v2\/media?parent=1919"}],"wp:term":[{"taxonomy":"product_brand","embeddable":true,"href":"https:\/\/bezo.nl\/es\/wp-json\/wp\/v2\/product_brand?post=1919"},{"taxonomy":"product_cat","embeddable":true,"href":"https:\/\/bezo.nl\/es\/wp-json\/wp\/v2\/product_cat?post=1919"},{"taxonomy":"product_tag","embeddable":true,"href":"https:\/\/bezo.nl\/es\/wp-json\/wp\/v2\/product_tag?post=1919"}],"curies":[{"name":"wp","href":"https:\/\/api.w.org\/{rel}","templated":true}]}}