{"id":1196,"date":"2024-10-23T20:46:43","date_gmt":"2024-10-23T20:46:43","guid":{"rendered":"https:\/\/ron.arkdes.dev\/wholesale-login\/"},"modified":"2025-05-22T13:02:56","modified_gmt":"2025-05-22T13:02:56","slug":"login-grossiste","status":"publish","type":"page","link":"https:\/\/bezo.nl\/fr\/boutique\/login-grossiste\/","title":{"rendered":"Connexion B2B"},"content":{"rendered":"<div data-elementor-type=\"wp-page\" data-elementor-id=\"1196\" class=\"elementor elementor-1196\" data-elementor-post-type=\"page\">\n\t\t\t\t\t\t<section class=\"elementor-section elementor-top-section elementor-element elementor-element-f5866b2 elementor-section-boxed elementor-section-height-default elementor-section-height-default\" data-id=\"f5866b2\" data-element_type=\"section\" data-settings=\"{&quot;background_background&quot;:&quot;classic&quot;}\">\n\t\t\t\t\t\t\t<div class=\"elementor-background-overlay\"><\/div>\n\t\t\t\t\t\t\t<div class=\"elementor-container elementor-column-gap-default\">\n\t\t\t\t\t<div class=\"elementor-column elementor-col-100 elementor-top-column elementor-element elementor-element-4dbfe95\" data-id=\"4dbfe95\" data-element_type=\"column\">\n\t\t\t<div class=\"elementor-widget-wrap elementor-element-populated\">\n\t\t\t\t\t\t<div class=\"elementor-element elementor-element-575741d elementor-widget elementor-widget-heading\" data-id=\"575741d\" data-element_type=\"widget\" data-widget_type=\"heading.default\">\n\t\t\t\t<div class=\"elementor-widget-container\">\n\t\t\t\t\t<h2 class=\"elementor-heading-title elementor-size-default\">Connexion B2B<\/h2>\t\t\t\t<\/div>\n\t\t\t\t<\/div>\n\t\t\t\t<div class=\"elementor-element elementor-element-52813e9 elementor-icon-list--layout-inline elementor-align-center elementor-widget__width-auto elementor-list-item-link-full_width elementor-widget elementor-widget-icon-list\" data-id=\"52813e9\" data-element_type=\"widget\" data-widget_type=\"icon-list.default\">\n\t\t\t\t<div class=\"elementor-widget-container\">\n\t\t\t\t\t\t\t<ul class=\"elementor-icon-list-items elementor-inline-items\">\n\t\t\t\t\t\t\t<li class=\"elementor-icon-list-item elementor-inline-item\">\n\t\t\t\t\t\t\t\t\t\t\t<a href=\"\/fr\/\">\n\n\t\t\t\t\t\t\t\t\t\t\t<span class=\"elementor-icon-list-text\">Accueil<\/span>\n\t\t\t\t\t\t\t\t\t\t\t<\/a>\n\t\t\t\t\t\t\t\t\t<\/li>\n\t\t\t\t\t\t\t\t<li class=\"elementor-icon-list-item elementor-inline-item\">\n\t\t\t\t\t\t\t\t\t\t\t<span class=\"elementor-icon-list-icon\">\n\t\t\t\t\t\t\t<i aria-hidden=\"true\" class=\"fas fa-chevron-right\"><\/i>\t\t\t\t\t\t<\/span>\n\t\t\t\t\t\t\t\t\t\t<span class=\"elementor-icon-list-text\">Connexion B2B<\/span>\n\t\t\t\t\t\t\t\t\t<\/li>\n\t\t\t\t\t\t<\/ul>\n\t\t\t\t\t\t<\/div>\n\t\t\t\t<\/div>\n\t\t\t\t\t<\/div>\n\t\t<\/div>\n\t\t\t\t\t<\/div>\n\t\t<\/section>\n\t\t\t\t<section class=\"elementor-section elementor-top-section elementor-element elementor-element-d380ff3 elementor-section-boxed elementor-section-height-default elementor-section-height-default\" data-id=\"d380ff3\" data-element_type=\"section\">\n\t\t\t\t\t\t<div class=\"elementor-container elementor-column-gap-default\">\n\t\t\t\t\t<div class=\"elementor-column elementor-col-100 elementor-top-column elementor-element elementor-element-4060d91\" data-id=\"4060d91\" data-element_type=\"column\">\n\t\t\t<div class=\"elementor-widget-wrap elementor-element-populated\">\n\t\t\t\t\t\t<div class=\"elementor-element elementor-element-de77092 elementor-widget elementor-widget-shortcode\" data-id=\"de77092\" data-element_type=\"widget\" data-widget_type=\"shortcode.default\">\n\t\t\t\t<div class=\"elementor-widget-container\">\n\t\t\t\t\t\t\t<div class=\"elementor-shortcode\">\n<div class=\"woocommerce\">\n\n<div class=\"woocommerce-notices-wrapper\"><\/div>\n\n<div class=\"u-columns col2-set\" id=\"customer_login\">\n\n\t<div class=\"u-column1 col-1\">\n\n\t\t<h2>Login<\/h2>\n\n\t\t<form class=\"woocommerce-form woocommerce-form-login login\" method=\"post\" action=\"\">\n\n\t\t\t\n\t\t\t<p class=\"woocommerce-form-row woocommerce-form-row--wide form-row form-row-wide\">\n\t\t\t\t<label for=\"username\">Username or email address&nbsp;<span class=\"required\">*<\/span><\/label>\n\t\t\t\t<input type=\"text\" class=\"woocommerce-Input woocommerce-Input--text input-text\" name=\"username\" id=\"username\" autocomplete=\"username\" value=\"\" \/>\t\t\t<\/p>\n\t\t\t<p class=\"woocommerce-form-row woocommerce-form-row--wide form-row form-row-wide\">\n\t\t\t\t<label for=\"password\">Password&nbsp;<span class=\"required\">*<\/span><\/label>\n\t\t\t\t<input class=\"woocommerce-Input woocommerce-Input--text input-text\" type=\"password\" name=\"password\" id=\"password\" autocomplete=\"current-password\" \/>\n\t\t\t<\/p>\n\n\t\t\t\n\t\t\t<p class=\"form-row\">\n\t\t\t\t<label class=\"woocommerce-form__label woocommerce-form__label-for-checkbox woocommerce-form-login__rememberme\">\n\t\t\t\t\t<input class=\"woocommerce-form__input woocommerce-form__input-checkbox\" name=\"rememberme\" type=\"checkbox\" id=\"rememberme\" value=\"forever\" \/> <span>Remember me<\/span>\n\t\t\t\t<\/label>\n\t\t\t\t<input type=\"hidden\" id=\"wcwp-login-nonce\" name=\"wcwp-login-nonce\" value=\"30ebe6447c\" \/><input type=\"hidden\" name=\"_wp_http_referer\" value=\"\/fr\/wp-json\/wp\/v2\/pages\/1196\" \/>\t\t\t\t<button type=\"submit\" class=\"woocommerce-button button woocommerce-form-login__submit\" name=\"login\" value=\"Log in\">Se connecter<\/button>\n\t\t\t<\/p>\n\t\t\t<p class=\"woocommerce-LostPassword lost_password\">\n\t\t\t\t<a href=\"https:\/\/bezo.nl\/fr\/boutique\/mon-compte\/lost-password\/\">Lost your password?<\/a>\n\t\t\t<\/p>\n\n\t\t\t\n\t\t<input type=\"hidden\" name=\"trp-form-language\" value=\"fr\"\/><\/form>\n\n\n\t<\/div>\n\n\t<div class=\"u-column2 col-2\">\n\n\t\t<h2>Register<\/h2>\n\n\t\t<form method=\"post\" class=\"woocommerce-form woocommerce-form-register register\" action=\"\"  >\n\n\t\t\t\n\t\t\t\n\t\t\t\t<p class=\"woocommerce-form-row woocommerce-form-row--wide form-row form-row-wide\">\n\t\t\t\t\t<label for=\"reg_username\">Username&nbsp;<span class=\"required\">*<\/span><\/label>\n\t\t\t\t\t<input type=\"text\" class=\"woocommerce-Input woocommerce-Input--text input-text\" name=\"username\" id=\"reg_username\" autocomplete=\"username\" value=\"\" \/>\t\t\t\t<\/p>\n\n\t\t\t\n\t\t\t<p class=\"woocommerce-form-row woocommerce-form-row--wide form-row form-row-wide\">\n\t\t\t\t<label for=\"reg_email\">Email address&nbsp;<span class=\"required\">*<\/span><\/label>\n\t\t\t\t<input type=\"email\" class=\"woocommerce-Input woocommerce-Input--text input-text\" name=\"email\" id=\"reg_email\" autocomplete=\"email\" value=\"\" \/>\t\t\t<\/p>\n\n\n\t\t\t<p class=\"form-row form-group mb-3 validate-required\" id=\"wcwp-67e1db40be8eb_field\" data-priority=\"\"><label for=\"wcwp-67e1db40be8eb\" class=\"required_field\">Nom de l'entreprise&nbsp;<span class=\"required\" aria-hidden=\"true\">*<\/span><\/label><span class=\"woocommerce-input-wrapper\"><input type=\"text\" class=\"input-text form-control\" name=\"wcwp-67e1db40be8eb\" id=\"wcwp-67e1db40be8eb\" placeholder=\"\"  value=\"\" aria-required=\"true\" \/><\/span><\/p><p class=\"form-row form-group mb-3 validate-required\" id=\"wcwp-67e1db40be8e7_field\" data-priority=\"\"><label for=\"wcwp-67e1db40be8e7\" class=\"required_field\">Num\u00e9ro de la chambre de commerce&nbsp;<span class=\"required\" aria-hidden=\"true\">*<\/span><\/label><span class=\"woocommerce-input-wrapper\"><input type=\"text\" class=\"input-text form-control\" name=\"wcwp-67e1db40be8e7\" id=\"wcwp-67e1db40be8e7\" placeholder=\"\"  value=\"\" aria-required=\"true\" \/><\/span><\/p><p class=\"form-row form-group mb-3 validate-required\" id=\"wcwp-67e1db55efa44_field\" data-priority=\"\"><label for=\"wcwp-67e1db55efa44\" class=\"required_field\">Pr\u00e9nom&nbsp;<span class=\"required\" aria-hidden=\"true\">*<\/span><\/label><span class=\"woocommerce-input-wrapper\"><input type=\"text\" class=\"input-text form-control\" name=\"wcwp-67e1db55efa44\" id=\"wcwp-67e1db55efa44\" placeholder=\"\"  value=\"\" aria-required=\"true\" \/><\/span><\/p><p class=\"form-row form-group mb-3 validate-required\" id=\"wcwp-67e1db55efa47_field\" data-priority=\"\"><label for=\"wcwp-67e1db55efa47\" class=\"required_field\">Nom de famille&nbsp;<span class=\"required\" aria-hidden=\"true\">*<\/span><\/label><span class=\"woocommerce-input-wrapper\"><input type=\"text\" class=\"input-text form-control\" name=\"wcwp-67e1db55efa47\" id=\"wcwp-67e1db55efa47\" placeholder=\"\"  value=\"\" aria-required=\"true\" \/><\/span><\/p><p class=\"form-row form-group mb-3\" id=\"wcwp-67e1db55efa48_field\" data-priority=\"\"><label for=\"wcwp-67e1db55efa48\" class=\"\">Num\u00e9ro de TVA&nbsp;<span class=\"optional\">(facultatif)<\/span><\/label><span class=\"woocommerce-input-wrapper\"><input type=\"text\" class=\"input-text form-control\" name=\"wcwp-67e1db55efa48\" id=\"wcwp-67e1db55efa48\" placeholder=\"\"  value=\"\"  \/><\/span><\/p><wc-order-attribution-inputs><\/wc-order-attribution-inputs><div class=\"woocommerce-privacy-policy-text\"><p>Une fois votre compte approuv\u00e9, vous recevrez un courriel contenant un lien pour d\u00e9finir votre mot de passe. <\/p>\n<p>Nous traitons vos donn\u00e9es personnelles de mani\u00e8re confidentielle, comme d\u00e9crit dans notre <a href=\"https:\/\/bezo.nl\/fr\/privacybeleid-2\/\" class=\"woocommerce-privacy-policy-link\" target=\"_blank\" data-no-translation=\"\" data-trp-gettext=\"\">politique de confidentialit\u00e9<\/a>.<\/p>\n<\/div>\n\n\t\t\t\t\t\t\t<p>A link to set a password will be sent to your email address when your account is approved.<\/p>\n\t\t\t\n\t\t\t<p class=\"woocommerce-FormRow form-row\">\n\t\t\t\t<input type=\"hidden\" id=\"wcwp-register-nonce\" name=\"wcwp-register-nonce\" value=\"e479f369a6\" \/><input type=\"hidden\" name=\"_wp_http_referer\" value=\"\/fr\/wp-json\/wp\/v2\/pages\/1196\" \/>\t\t\t\t<button type=\"submit\" class=\"woocommerce-Button woocommerce-button button woocommerce-form-register__submit\" name=\"register\" value=\"Register\">Register<\/button>\n\t\t\t<\/p>\n\n\t\t\t\n\t\t<input type=\"hidden\" name=\"trp-form-language\" value=\"fr\"\/><\/form>\n\n\t<\/div>\n\n<\/div>\n\n<\/div>\n\n<\/div>\n\t\t\t\t\t\t<\/div>\n\t\t\t\t<\/div>\n\t\t\t\t<div class=\"elementor-element elementor-element-edda4d0 elementor-widget elementor-widget-html\" data-id=\"edda4d0\" data-element_type=\"widget\" data-widget_type=\"html.default\">\n\t\t\t\t<div class=\"elementor-widget-container\">\n\t\t\t\t\t<script>\r\ndocument.addEventListener(\"DOMContentLoaded\", function() {\r\n  const privacyTextContainer = document.querySelector(\".woocommerce-privacy-policy-text\");\r\n  if (privacyTextContainer) {\r\n    let sibling = privacyTextContainer.nextElementSibling;\r\n    while (sibling) {\r\n      if (sibling.tagName.toLowerCase() === \"p\") {\r\n        sibling.style.display = \"none\";\r\n        break;\r\n      }\r\n      sibling = sibling.nextElementSibling;\r\n    }\r\n  }\r\n});\r\n<\/script>\t\t\t\t<\/div>\n\t\t\t\t<\/div>\n\t\t\t\t\t<\/div>\n\t\t<\/div>\n\t\t\t\t\t<\/div>\n\t\t<\/section>\n\t\t\t\t<\/div>","protected":false},"excerpt":{"rendered":"<p>Home [&#8230;]<\/p>\n<p><a class=\"btn btn-secondary understrap-read-more-link\" href=\"https:\/\/bezo.nl\/fr\/boutique\/login-grossiste\/\">Lire la suite&#8230;<span class=\"screen-reader-text\"> from B2B login<\/span><\/a><\/p>","protected":false},"author":1,"featured_media":0,"parent":29,"menu_order":0,"comment_status":"closed","ping_status":"closed","template":"","meta":{"content-type":"","footnotes":""},"class_list":["post-1196","page","type-page","status-publish","hentry"],"yoast_head":"<!-- This site is optimized with the Yoast SEO plugin v26.4 - https:\/\/yoast.com\/wordpress\/plugins\/seo\/ -->\n<title>B2B login - Bezo<\/title>\n<meta name=\"robots\" content=\"index, follow, max-snippet:-1, max-image-preview:large, max-video-preview:-1\" \/>\n<link rel=\"canonical\" href=\"https:\/\/bezo.nl\/fr\/boutique\/login-grossiste\/\" \/>\n<meta property=\"og:locale\" content=\"fr_FR\" \/>\n<meta property=\"og:type\" content=\"article\" \/>\n<meta property=\"og:title\" content=\"B2B login - Bezo\" \/>\n<meta property=\"og:description\" content=\"Home [...]Lire la suite... from B2B login\" \/>\n<meta property=\"og:url\" content=\"https:\/\/bezo.nl\/fr\/boutique\/login-grossiste\/\" \/>\n<meta property=\"og:site_name\" content=\"Bezo\" \/>\n<meta property=\"article:modified_time\" content=\"2025-05-22T13:02:56+00:00\" \/>\n<meta name=\"twitter:card\" content=\"summary_large_image\" \/>\n<script type=\"application\/ld+json\" class=\"yoast-schema-graph\">{\"@context\":\"https:\/\/schema.org\",\"@graph\":[{\"@type\":\"WebPage\",\"@id\":\"https:\/\/bezo.nl\/shop\/wholesale-login\/\",\"url\":\"https:\/\/bezo.nl\/shop\/wholesale-login\/\",\"name\":\"B2B login - Bezo\",\"isPartOf\":{\"@id\":\"https:\/\/bezo.nl\/#website\"},\"datePublished\":\"2024-10-23T20:46:43+00:00\",\"dateModified\":\"2025-05-22T13:02:56+00:00\",\"breadcrumb\":{\"@id\":\"https:\/\/bezo.nl\/shop\/wholesale-login\/#breadcrumb\"},\"inLanguage\":\"fr-FR\",\"potentialAction\":[{\"@type\":\"ReadAction\",\"target\":[\"https:\/\/bezo.nl\/shop\/wholesale-login\/\"]}]},{\"@type\":\"BreadcrumbList\",\"@id\":\"https:\/\/bezo.nl\/shop\/wholesale-login\/#breadcrumb\",\"itemListElement\":[{\"@type\":\"ListItem\",\"position\":1,\"name\":\"Home\",\"item\":\"https:\/\/bezo.nl\/\"},{\"@type\":\"ListItem\",\"position\":2,\"name\":\"Shop\",\"item\":\"https:\/\/bezo.nl\/shop\/\"},{\"@type\":\"ListItem\",\"position\":3,\"name\":\"B2B login\"}]},{\"@type\":\"WebSite\",\"@id\":\"https:\/\/bezo.nl\/#website\",\"url\":\"https:\/\/bezo.nl\/\",\"name\":\"Bezo\",\"description\":\"\",\"publisher\":{\"@id\":\"https:\/\/bezo.nl\/#organization\"},\"potentialAction\":[{\"@type\":\"SearchAction\",\"target\":{\"@type\":\"EntryPoint\",\"urlTemplate\":\"https:\/\/bezo.nl\/?s={search_term_string}\"},\"query-input\":{\"@type\":\"PropertyValueSpecification\",\"valueRequired\":true,\"valueName\":\"search_term_string\"}}],\"inLanguage\":\"fr-FR\"},{\"@type\":\"Organization\",\"@id\":\"https:\/\/bezo.nl\/#organization\",\"name\":\"Bezo\",\"url\":\"https:\/\/bezo.nl\/\",\"logo\":{\"@type\":\"ImageObject\",\"inLanguage\":\"fr-FR\",\"@id\":\"https:\/\/bezo.nl\/#\/schema\/logo\/image\/\",\"url\":\"https:\/\/bezo.nl\/wp-content\/uploads\/2022\/05\/BEZOlogo_payoff_transparant-213-85.png\",\"contentUrl\":\"https:\/\/bezo.nl\/wp-content\/uploads\/2022\/05\/BEZOlogo_payoff_transparant-213-85.png\",\"width\":213,\"height\":85,\"caption\":\"Bezo\"},\"image\":{\"@id\":\"https:\/\/bezo.nl\/#\/schema\/logo\/image\/\"}}]}<\/script>\n<!-- \/ Yoast SEO plugin. -->","yoast_head_json":{"title":"Connexion B2B - Bezo","robots":{"index":"index","follow":"follow","max-snippet":"max-snippet:-1","max-image-preview":"max-image-preview:large","max-video-preview":"max-video-preview:-1"},"canonical":"https:\/\/bezo.nl\/fr\/boutique\/login-grossiste\/","og_locale":"fr_FR","og_type":"article","og_title":"B2B login - Bezo","og_description":"Home [...]Lire la suite... from B2B login","og_url":"https:\/\/bezo.nl\/fr\/boutique\/login-grossiste\/","og_site_name":"Bezo","article_modified_time":"2025-05-22T13:02:56+00:00","twitter_card":"summary_large_image","schema":{"@context":"https:\/\/schema.org","@graph":[{"@type":"WebPage","@id":"https:\/\/bezo.nl\/shop\/wholesale-login\/","url":"https:\/\/bezo.nl\/shop\/wholesale-login\/","name":"Connexion B2B - Bezo","isPartOf":{"@id":"https:\/\/bezo.nl\/#website"},"datePublished":"2024-10-23T20:46:43+00:00","dateModified":"2025-05-22T13:02:56+00:00","breadcrumb":{"@id":"https:\/\/bezo.nl\/shop\/wholesale-login\/#breadcrumb"},"inLanguage":"fr-FR","potentialAction":[{"@type":"ReadAction","target":["https:\/\/bezo.nl\/shop\/wholesale-login\/"]}]},{"@type":"BreadcrumbList","@id":"https:\/\/bezo.nl\/shop\/wholesale-login\/#breadcrumb","itemListElement":[{"@type":"ListItem","position":1,"name":"Home","item":"https:\/\/bezo.nl\/"},{"@type":"ListItem","position":2,"name":"Shop","item":"https:\/\/bezo.nl\/shop\/"},{"@type":"ListItem","position":3,"name":"B2B login"}]},{"@type":"WebSite","@id":"https:\/\/bezo.nl\/#website","url":"https:\/\/bezo.nl\/","name":"Bezo","description":"","publisher":{"@id":"https:\/\/bezo.nl\/#organization"},"potentialAction":[{"@type":"SearchAction","target":{"@type":"EntryPoint","urlTemplate":"https:\/\/bezo.nl\/?s={search_term_string}"},"query-input":{"@type":"PropertyValueSpecification","valueRequired":true,"valueName":"search_term_string"}}],"inLanguage":"fr-FR"},{"@type":"Organization","@id":"https:\/\/bezo.nl\/#organization","name":"Bezo","url":"https:\/\/bezo.nl\/","logo":{"@type":"ImageObject","inLanguage":"fr-FR","@id":"https:\/\/bezo.nl\/#\/schema\/logo\/image\/","url":"https:\/\/bezo.nl\/wp-content\/uploads\/2022\/05\/BEZOlogo_payoff_transparant-213-85.png","contentUrl":"https:\/\/bezo.nl\/wp-content\/uploads\/2022\/05\/BEZOlogo_payoff_transparant-213-85.png","width":213,"height":85,"caption":"Bezo"},"image":{"@id":"https:\/\/bezo.nl\/#\/schema\/logo\/image\/"}}]}},"_links":{"self":[{"href":"https:\/\/bezo.nl\/fr\/wp-json\/wp\/v2\/pages\/1196","targetHints":{"allow":["GET"]}}],"collection":[{"href":"https:\/\/bezo.nl\/fr\/wp-json\/wp\/v2\/pages"}],"about":[{"href":"https:\/\/bezo.nl\/fr\/wp-json\/wp\/v2\/types\/page"}],"author":[{"embeddable":true,"href":"https:\/\/bezo.nl\/fr\/wp-json\/wp\/v2\/users\/1"}],"replies":[{"embeddable":true,"href":"https:\/\/bezo.nl\/fr\/wp-json\/wp\/v2\/comments?post=1196"}],"version-history":[{"count":23,"href":"https:\/\/bezo.nl\/fr\/wp-json\/wp\/v2\/pages\/1196\/revisions"}],"predecessor-version":[{"id":2066,"href":"https:\/\/bezo.nl\/fr\/wp-json\/wp\/v2\/pages\/1196\/revisions\/2066"}],"up":[{"embeddable":true,"href":"https:\/\/bezo.nl\/fr\/wp-json\/wp\/v2\/pages\/29"}],"wp:attachment":[{"href":"https:\/\/bezo.nl\/fr\/wp-json\/wp\/v2\/media?parent=1196"}],"curies":[{"name":"wp","href":"https:\/\/api.w.org\/{rel}","templated":true}]}}