{"id":2319,"date":"2025-08-12T13:39:17","date_gmt":"2025-08-12T13:39:17","guid":{"rendered":"https:\/\/ron.arkdes.dev\/?page_id=2319"},"modified":"2025-08-14T15:44:10","modified_gmt":"2025-08-14T15:44:10","slug":"bezo-tiburon-monte-en-surface-1-piece","status":"publish","type":"page","link":"https:\/\/bezo.nl\/fr\/bezo-tiburon-monte-en-surface-1-piece\/","title":{"rendered":"Bezo\/Tiburon montage en surface 1 pi\u00e8ce"},"content":{"rendered":"<div data-elementor-type=\"wp-page\" data-elementor-id=\"2319\" class=\"elementor elementor-2319\" data-elementor-post-type=\"page\">\n\t\t\t\t<div class=\"elementor-element elementor-element-dc23742 e-flex e-con-boxed e-con e-parent\" data-id=\"dc23742\" data-element_type=\"container\" data-settings=\"{&quot;background_background&quot;:&quot;classic&quot;}\">\n\t\t\t\t\t<div class=\"e-con-inner\">\n\t\t\t\t<div class=\"elementor-element elementor-element-7bfa12e elementor-icon-list--layout-inline elementor-list-item-link-full_width elementor-widget elementor-widget-icon-list\" data-id=\"7bfa12e\" data-element_type=\"widget\" data-widget_type=\"icon-list.default\">\n\t\t\t\t<div class=\"elementor-widget-container\">\n\t\t\t\t\t\t\t<ul class=\"elementor-icon-list-items elementor-inline-items\">\n\t\t\t\t\t\t\t<li class=\"elementor-icon-list-item elementor-inline-item\">\n\t\t\t\t\t\t\t\t\t\t\t<a href=\"https:\/\/bezo.nl\/fr\">\n\n\t\t\t\t\t\t\t\t\t\t\t<span class=\"elementor-icon-list-text\">Accueil<\/span>\n\t\t\t\t\t\t\t\t\t\t\t<\/a>\n\t\t\t\t\t\t\t\t\t<\/li>\n\t\t\t\t\t\t\t\t<li class=\"elementor-icon-list-item elementor-inline-item\">\n\t\t\t\t\t\t\t\t\t\t\t<span class=\"elementor-icon-list-icon\">\n\t\t\t\t\t\t\t<i aria-hidden=\"true\" class=\"fas fa-chevron-right\"><\/i>\t\t\t\t\t\t<\/span>\n\t\t\t\t\t\t\t\t\t\t<span class=\"elementor-icon-list-text\"><\/span>\n\t\t\t\t\t\t\t\t\t<\/li>\n\t\t\t\t\t\t\t\t<li class=\"elementor-icon-list-item elementor-inline-item\">\n\t\t\t\t\t\t\t\t\t\t<span class=\"elementor-icon-list-text\"><\/span>\n\t\t\t\t\t\t\t\t\t<\/li>\n\t\t\t\t\t\t<\/ul>\n\t\t\t\t\t\t<\/div>\n\t\t\t\t<\/div>\n\t\t\t\t\t<\/div>\n\t\t\t\t<\/div>\n\t\t<div class=\"elementor-element elementor-element-08dfde2 e-flex e-con-boxed e-con e-parent\" data-id=\"08dfde2\" data-element_type=\"container\">\n\t\t\t\t\t<div class=\"e-con-inner\">\n\t\t<div class=\"elementor-element elementor-element-3e36696 e-con-full e-flex e-con e-child\" data-id=\"3e36696\" data-element_type=\"container\">\n\t\t\t\t<div class=\"elementor-element elementor-element-aef63c6 elementor-widget elementor-widget-heading\" data-id=\"aef63c6\" data-element_type=\"widget\" data-widget_type=\"heading.default\">\n\t\t\t\t<div class=\"elementor-widget-container\">\n\t\t\t\t\t<h2 class=\"elementor-heading-title elementor-size-default\">Type Tiburon Shutters<\/h2>\t\t\t\t<\/div>\n\t\t\t\t<\/div>\n\t\t\t\t<div class=\"elementor-element elementor-element-10ce490 elementor-widget elementor-widget-heading\" data-id=\"10ce490\" data-element_type=\"widget\" data-widget_type=\"heading.default\">\n\t\t\t\t<div class=\"elementor-widget-container\">\n\t\t\t\t\t<h2 class=\"elementor-heading-title elementor-size-default\"><a href=\"https:\/\/bezo.nl\/fr\/bezo-tiburon-monte-en-surface-1-piece\/\">Bezo\/Tiburon montage en surface 1 pi\u00e8ce<\/a><\/h2>\t\t\t\t<\/div>\n\t\t\t\t<\/div>\n\t\t\t\t<div class=\"elementor-element elementor-element-814ba27 my-heading-class elementor-widget elementor-widget-heading\" data-id=\"814ba27\" data-element_type=\"widget\" data-widget_type=\"heading.default\">\n\t\t\t\t<div class=\"elementor-widget-container\">\n\t\t\t\t\t<h2 class=\"elementor-heading-title elementor-size-default\"><a href=\"https:\/\/bezo.nl\/fr\/bezo-tiburon-2-piece-superstructure\/\">Bezo \/Tiburon en saillie 2 pi\u00e8ces<\/a><\/h2>\t\t\t\t<\/div>\n\t\t\t\t<\/div>\n\t\t\t\t<div class=\"elementor-element elementor-element-d6d96c8 my-heading-class elementor-widget elementor-widget-heading\" data-id=\"d6d96c8\" data-element_type=\"widget\" data-widget_type=\"heading.default\">\n\t\t\t\t<div class=\"elementor-widget-container\">\n\t\t\t\t\t<h2 class=\"elementor-heading-title elementor-size-default\"><a href=\"https:\/\/bezo.nl\/fr\/bezo-tiburon-montage-en-surface-1-piece-avec-couvercle-isole\/\">Bezo\/Tiburon montage en surface 1 pi\u00e8ce avec couvercle isol\u00e9<\/a><\/h2>\t\t\t\t<\/div>\n\t\t\t\t<\/div>\n\t\t\t\t<div class=\"elementor-element elementor-element-0064cca my-heading-class elementor-widget elementor-widget-heading\" data-id=\"0064cca\" data-element_type=\"widget\" data-widget_type=\"heading.default\">\n\t\t\t\t<div class=\"elementor-widget-container\">\n\t\t\t\t\t<h2 class=\"elementor-heading-title elementor-size-default\"><a href=\"https:\/\/bezo.nl\/fr\/bezo-tiburon-hhnk-trappe-clampee-2-cotes-etanche-au-gaz\/\">Bezo \/Tiburon HHNK Trappe \u00e0 clapet \u00e9tanche au gaz sur 2 c\u00f4t\u00e9s<\/a><\/h2>\t\t\t\t<\/div>\n\t\t\t\t<\/div>\n\t\t\t\t<div class=\"elementor-element elementor-element-0e642bb my-heading-class elementor-widget elementor-widget-heading\" data-id=\"0e642bb\" data-element_type=\"widget\" data-widget_type=\"heading.default\">\n\t\t\t\t<div class=\"elementor-widget-container\">\n\t\t\t\t\t<h2 class=\"elementor-heading-title elementor-size-default\"><a href=\"https:\/\/bezo.nl\/fr\/voorbeelden-referenties\/\">Exemples et r\u00e9f\u00e9rences<\/a><\/h2>\t\t\t\t<\/div>\n\t\t\t\t<\/div>\n\t\t\t\t<\/div>\n\t\t<div class=\"elementor-element elementor-element-8387930 e-con-full e-flex e-con e-child\" data-id=\"8387930\" data-element_type=\"container\">\n\t\t\t\t<div class=\"elementor-element elementor-element-96ab598 elementor-widget elementor-widget-heading\" data-id=\"96ab598\" data-element_type=\"widget\" data-widget_type=\"heading.default\">\n\t\t\t\t<div class=\"elementor-widget-container\">\n\t\t\t\t\t<h2 class=\"elementor-heading-title elementor-size-default\">Couvercle ALMG3 \/cadre RVS304\/ option : grille (option acier inoxydable 316)<\/h2>\t\t\t\t<\/div>\n\t\t\t\t<\/div>\n\t\t\t\t<div class=\"elementor-element elementor-element-1196ddb elementor-widget elementor-widget-text-editor\" data-id=\"1196ddb\" data-element_type=\"widget\" data-widget_type=\"text-editor.default\">\n\t\t\t\t<div class=\"elementor-widget-container\">\n\t\t\t\t\t\t\t\t\t<p>Ici, les charni\u00e8res, l'ancrage du cadre et la construction de la serrure sont plac\u00e9s \u00e0 l'ext\u00e9rieur du couvercle.<\/p>\t\t\t\t\t\t\t\t<\/div>\n\t\t\t\t<\/div>\n\t\t\t\t<div class=\"elementor-element elementor-element-af6538e elementor-widget elementor-widget-image\" data-id=\"af6538e\" data-element_type=\"widget\" data-widget_type=\"image.default\">\n\t\t\t\t<div class=\"elementor-widget-container\">\n\t\t\t\t\t\t\t\t\t\t\t\t\t\t\t<img fetchpriority=\"high\" decoding=\"async\" width=\"1138\" height=\"805\" src=\"https:\/\/bezo.nl\/wp-content\/uploads\/2025\/08\/download.png\" class=\"attachment-full size-full wp-image-2331\" alt=\"Acier inoxydable 304 apr\u00e8s soudage et roulements de toutes les pi\u00e8ces mobiles\" srcset=\"https:\/\/bezo.nl\/wp-content\/uploads\/2025\/08\/download.png 1138w, https:\/\/bezo.nl\/wp-content\/uploads\/2025\/08\/download-300x212.png 300w, https:\/\/bezo.nl\/wp-content\/uploads\/2025\/08\/download-1024x724.png 1024w, https:\/\/bezo.nl\/wp-content\/uploads\/2025\/08\/download-768x543.png 768w, https:\/\/bezo.nl\/wp-content\/uploads\/2025\/08\/download-600x424.png 600w, https:\/\/bezo.nl\/wp-content\/uploads\/2025\/08\/download-64x45.png 64w\" sizes=\"(max-width: 1138px) 100vw, 1138px\" \/>\t\t\t\t\t\t\t\t\t\t\t\t\t\t\t<\/div>\n\t\t\t\t<\/div>\n\t\t\t\t<\/div>\n\t\t\t\t\t<\/div>\n\t\t\t\t<\/div>\n\t\t<div class=\"elementor-element elementor-element-64fec21 e-flex e-con-boxed e-con e-parent\" data-id=\"64fec21\" data-element_type=\"container\">\n\t\t\t\t\t<div class=\"e-con-inner\">\n\t\t<div class=\"elementor-element elementor-element-4f3debd e-con-full e-flex e-con e-child\" data-id=\"4f3debd\" data-element_type=\"container\">\n\t\t\t\t<div class=\"elementor-element elementor-element-bf2b3b2 elementor-widget elementor-widget-heading\" data-id=\"bf2b3b2\" data-element_type=\"widget\" data-widget_type=\"heading.default\">\n\t\t\t\t<div class=\"elementor-widget-container\">\n\t\t\t\t\t<h2 class=\"elementor-heading-title elementor-size-default\">Texte de sp\u00e9cification<\/h2>\t\t\t\t<\/div>\n\t\t\t\t<\/div>\n\t\t\t\t<div class=\"elementor-element elementor-element-56ec0b4 elementor-widget elementor-widget-text-editor\" data-id=\"56ec0b4\" data-element_type=\"widget\" data-widget_type=\"text-editor.default\">\n\t\t\t\t<div class=\"elementor-widget-container\">\n\t\t\t\t\t\t\t\t\t<div class=\"column mcb-column mcb-item-a3fade6ea one-second laptop-one-second tablet-one-second mobile-one column_column vb-item\"><div class=\"mcb-column-inner mfn-module-wrapper mcb-column-inner-a3fade6ea mcb-item-column-inner\"><div class=\"column_attr mfn-inline-editor clearfix\"><p class=\"big\">Couvercle en aluminium avec grille de s\u00e9curit\u00e9 en acier inoxydable. \u00c9tanch\u00e9it\u00e9 au gaz gr\u00e2ce \u00e0 un joint en n\u00e9opr\u00e8ne. Toutes les pi\u00e8ces mobiles sont mont\u00e9es avec des bagues en nylon. \u00c9galement \u00e9quip\u00e9 d'un dispositif de cadenassage, d'un ressort \u00e0 gaz en acier inoxydable et d'une serrure \u00e0 genouill\u00e8re. Fourni avec le mat\u00e9riel de montage comprenant : bande de n\u00e9opr\u00e8ne pour le passage entre la trappe et le pont\/ boulons SR + bouchons en laiton.<\/p><\/div><\/div><\/div>\t\t\t\t\t\t\t\t<\/div>\n\t\t\t\t<\/div>\n\t\t\t\t<\/div>\n\t\t<div class=\"elementor-element elementor-element-144ac5f e-con-full e-flex e-con e-child\" data-id=\"144ac5f\" data-element_type=\"container\">\n\t\t<div class=\"elementor-element elementor-element-82f56d8 e-grid e-con-full e-con e-child\" data-id=\"82f56d8\" data-element_type=\"container\">\n\t\t\t\t<div class=\"elementor-element elementor-element-d6538c8 elementor-view-framed elementor-shape-circle elementor-widget elementor-widget-icon\" data-id=\"d6538c8\" data-element_type=\"widget\" data-widget_type=\"icon.default\">\n\t\t\t\t<div class=\"elementor-widget-container\">\n\t\t\t\t\t\t\t<div class=\"elementor-icon-wrapper\">\n\t\t\t<div class=\"elementor-icon\">\n\t\t\t<i aria-hidden=\"true\" class=\"fas fa-info-circle\"><\/i>\t\t\t<\/div>\n\t\t<\/div>\n\t\t\t\t\t\t<\/div>\n\t\t\t\t<\/div>\n\t\t\t\t<div class=\"elementor-element elementor-element-2c2f4ef elementor-view-framed elementor-shape-circle elementor-widget elementor-widget-icon\" data-id=\"2c2f4ef\" data-element_type=\"widget\" data-widget_type=\"icon.default\">\n\t\t\t\t<div class=\"elementor-widget-container\">\n\t\t\t\t\t\t\t<div class=\"elementor-icon-wrapper\">\n\t\t\t<div class=\"elementor-icon\">\n\t\t\t<i aria-hidden=\"true\" class=\"far fa-comment\"><\/i>\t\t\t<\/div>\n\t\t<\/div>\n\t\t\t\t\t\t<\/div>\n\t\t\t\t<\/div>\n\t\t\t\t<div class=\"elementor-element elementor-element-0d8c2de elementor-view-framed elementor-shape-circle elementor-widget elementor-widget-icon\" data-id=\"0d8c2de\" data-element_type=\"widget\" data-widget_type=\"icon.default\">\n\t\t\t\t<div class=\"elementor-widget-container\">\n\t\t\t\t\t\t\t<div class=\"elementor-icon-wrapper\">\n\t\t\t<div class=\"elementor-icon\">\n\t\t\t<i aria-hidden=\"true\" class=\"fas fa-info-circle\"><\/i>\t\t\t<\/div>\n\t\t<\/div>\n\t\t\t\t\t\t<\/div>\n\t\t\t\t<\/div>\n\t\t\t\t<div class=\"elementor-element elementor-element-0220d24 elementor-widget elementor-widget-heading\" data-id=\"0220d24\" data-element_type=\"widget\" data-widget_type=\"heading.default\">\n\t\t\t\t<div class=\"elementor-widget-container\">\n\t\t\t\t\t<h2 class=\"elementor-heading-title elementor-size-default\">Offrir des volets\n<\/h2>\t\t\t\t<\/div>\n\t\t\t\t<\/div>\n\t\t\t\t<div class=\"elementor-element elementor-element-46308e9 elementor-widget elementor-widget-heading\" data-id=\"46308e9\" data-element_type=\"widget\" data-widget_type=\"heading.default\">\n\t\t\t\t<div class=\"elementor-widget-container\">\n\t\t\t\t\t<h2 class=\"elementor-heading-title elementor-size-default\">Contact<\/h2>\t\t\t\t<\/div>\n\t\t\t\t<\/div>\n\t\t\t\t<div class=\"elementor-element elementor-element-c97a4b1 elementor-widget elementor-widget-heading\" data-id=\"c97a4b1\" data-element_type=\"widget\" data-widget_type=\"heading.default\">\n\t\t\t\t<div class=\"elementor-widget-container\">\n\t\t\t\t\t<h2 class=\"elementor-heading-title elementor-size-default\">Devis de tuyauterie<\/h2>\t\t\t\t<\/div>\n\t\t\t\t<\/div>\n\t\t\t\t<\/div>\n\t\t\t\t<\/div>\n\t\t\t\t\t<\/div>\n\t\t\t\t<\/div>\n\t\t<div class=\"elementor-element elementor-element-f8bb4fe e-flex e-con-boxed e-con e-parent\" data-id=\"f8bb4fe\" data-element_type=\"container\">\n\t\t\t\t\t<div class=\"e-con-inner\">\n\t\t<div class=\"elementor-element elementor-element-ad6cf3c e-con-full e-flex e-con e-child\" data-id=\"ad6cf3c\" data-element_type=\"container\">\n\t\t\t\t<div class=\"elementor-element elementor-element-dbb57b1 elementor-widget__width-initial elementor-widget elementor-widget-image\" data-id=\"dbb57b1\" data-element_type=\"widget\" data-widget_type=\"image.default\">\n\t\t\t\t<div class=\"elementor-widget-container\">\n\t\t\t\t\t\t\t\t\t\t\t\t\t\t\t<img decoding=\"async\" width=\"227\" height=\"187\" src=\"https:\/\/bezo.nl\/wp-content\/uploads\/2025\/08\/default.png\" class=\"attachment-full size-full wp-image-2406\" alt=\"fl\u00e8che occup\u00e9e\" srcset=\"https:\/\/bezo.nl\/wp-content\/uploads\/2025\/08\/default.png 227w, https:\/\/bezo.nl\/wp-content\/uploads\/2025\/08\/default-64x53.png 64w\" sizes=\"(max-width: 227px) 100vw, 227px\" \/>\t\t\t\t\t\t\t\t\t\t\t\t\t\t\t<\/div>\n\t\t\t\t<\/div>\n\t\t\t\t<\/div>\n\t\t<div class=\"elementor-element elementor-element-f935bd1 e-con-full e-flex e-con e-child\" data-id=\"f935bd1\" data-element_type=\"container\">\n\t\t\t\t<div class=\"elementor-element elementor-element-5a3f5cf elementor-widget elementor-widget-text-editor\" data-id=\"5a3f5cf\" data-element_type=\"widget\" data-widget_type=\"text-editor.default\">\n\t\t\t\t<div class=\"elementor-widget-container\">\n\t\t\t\t\t\t\t\t\t<div class=\"column mcb-column mcb-item-a3fade6ea one-second laptop-one-second tablet-one-second mobile-one column_column vb-item\"><div class=\"mcb-column-inner mfn-module-wrapper mcb-column-inner-a3fade6ea mcb-item-column-inner\"><div class=\"column_attr mfn-inline-editor clearfix\"><h2>Les avantages de Tiburon<\/h2><p class=\"big\">Qu'est-ce qui rend les volets Tiburon si populaires ? Les points forts suivants :<br \/>- notre client est au centre de nos pr\u00e9occupations, nous pensons avec vous !<br \/>- un produit solide de qualit\u00e9 n\u00e9erlandaise<br \/>- pas de d\u00e9tours, nous offrons une communication directe et pouvons donc r\u00e9pondre rapidement \u00e0 toutes vos questions<br \/>- des options et des sp\u00e9ciaux peuvent toujours \u00eatre r\u00e9alis\u00e9s sur nos volets<\/p><\/div><\/div><\/div>\t\t\t\t\t\t\t\t<\/div>\n\t\t\t\t<\/div>\n\t\t\t\t<\/div>\n\t\t\t\t\t<\/div>\n\t\t\t\t<\/div>\n\t\t\t\t<\/div>","protected":false},"excerpt":{"rendered":"<p>Home Type Tiburon Luiken Bezo\/Tiburon opbouw 1 delig Bezo \/Tiburon opbouw 2-delig Bezo\/Tiburon opbouw 1-delig incl. ge\u00efsoleerd deksel Bezo \/Tiburon HHNK Gasdicht 2 zijdig gekneveld luik Voorbeelden &amp; Referenties ALMG3 deksel \/RVS304 frame\/ optie: rooster (optioneel RVS316) Hierbij zijn de scharnieren, de frameverankering en de slotconstructie buiten het deksel geplaatst. Bestektekst RVS opbouwrand en aluminium [&#8230;]<\/p>\n<p><a class=\"btn btn-secondary understrap-read-more-link\" href=\"https:\/\/bezo.nl\/fr\/bezo-tiburon-monte-en-surface-1-piece\/\">Lire la suite&#8230;<span class=\"screen-reader-text\"> from Bezo\/Tiburon opbouw 1 delig<\/span><\/a><\/p>","protected":false},"author":31,"featured_media":0,"parent":0,"menu_order":0,"comment_status":"closed","ping_status":"closed","template":"elementor_header_footer","meta":{"content-type":"","footnotes":""},"class_list":["post-2319","page","type-page","status-publish","hentry"],"yoast_head":"<!-- This site is optimized with the Yoast SEO plugin v26.4 - https:\/\/yoast.com\/wordpress\/plugins\/seo\/ -->\n<title>Bezo\/Tiburon opbouw 1 delig - Bezo<\/title>\n<meta name=\"robots\" content=\"index, follow, max-snippet:-1, max-image-preview:large, max-video-preview:-1\" \/>\n<link rel=\"canonical\" href=\"https:\/\/bezo.nl\/fr\/bezo-tiburon-monte-en-surface-1-piece\/\" \/>\n<meta property=\"og:locale\" content=\"fr_FR\" \/>\n<meta property=\"og:type\" content=\"article\" \/>\n<meta property=\"og:title\" content=\"Bezo\/Tiburon opbouw 1 delig - Bezo\" \/>\n<meta property=\"og:description\" content=\"Home Type Tiburon Luiken Bezo\/Tiburon opbouw 1 delig Bezo \/Tiburon opbouw 2-delig Bezo\/Tiburon opbouw 1-delig incl. ge\u00efsoleerd deksel Bezo \/Tiburon HHNK Gasdicht 2 zijdig gekneveld luik Voorbeelden &amp; Referenties ALMG3 deksel \/RVS304 frame\/ optie: rooster (optioneel RVS316) Hierbij zijn de scharnieren, de frameverankering en de slotconstructie buiten het deksel geplaatst. Bestektekst RVS opbouwrand en aluminium [...]Lire la suite... from Bezo\/Tiburon opbouw 1 delig\" \/>\n<meta property=\"og:url\" content=\"https:\/\/bezo.nl\/fr\/bezo-tiburon-monte-en-surface-1-piece\/\" \/>\n<meta property=\"og:site_name\" content=\"Bezo\" \/>\n<meta property=\"article:modified_time\" content=\"2025-08-14T15:44:10+00:00\" \/>\n<meta property=\"og:image\" content=\"https:\/\/ron.arkdes.dev\/wp-content\/uploads\/2025\/08\/download.png\" \/>\n<meta name=\"twitter:card\" content=\"summary_large_image\" \/>\n<meta name=\"twitter:label1\" content=\"Dur\u00e9e de lecture estim\u00e9e\" \/>\n\t<meta name=\"twitter:data1\" content=\"2 minutes\" \/>\n<script type=\"application\/ld+json\" class=\"yoast-schema-graph\">{\"@context\":\"https:\/\/schema.org\",\"@graph\":[{\"@type\":\"WebPage\",\"@id\":\"https:\/\/bezo.nl\/bezo-tiburon-opbouw-1-delig\/\",\"url\":\"https:\/\/bezo.nl\/bezo-tiburon-opbouw-1-delig\/\",\"name\":\"Bezo\/Tiburon opbouw 1 delig - Bezo\",\"isPartOf\":{\"@id\":\"https:\/\/bezo.nl\/#website\"},\"primaryImageOfPage\":{\"@id\":\"https:\/\/bezo.nl\/bezo-tiburon-opbouw-1-delig\/#primaryimage\"},\"image\":{\"@id\":\"https:\/\/bezo.nl\/bezo-tiburon-opbouw-1-delig\/#primaryimage\"},\"thumbnailUrl\":\"https:\/\/ron.arkdes.dev\/wp-content\/uploads\/2025\/08\/download.png\",\"datePublished\":\"2025-08-12T13:39:17+00:00\",\"dateModified\":\"2025-08-14T15:44:10+00:00\",\"breadcrumb\":{\"@id\":\"https:\/\/bezo.nl\/bezo-tiburon-opbouw-1-delig\/#breadcrumb\"},\"inLanguage\":\"fr-FR\",\"potentialAction\":[{\"@type\":\"ReadAction\",\"target\":[\"https:\/\/bezo.nl\/bezo-tiburon-opbouw-1-delig\/\"]}]},{\"@type\":\"ImageObject\",\"inLanguage\":\"fr-FR\",\"@id\":\"https:\/\/bezo.nl\/bezo-tiburon-opbouw-1-delig\/#primaryimage\",\"url\":\"https:\/\/ron.arkdes.dev\/wp-content\/uploads\/2025\/08\/download.png\",\"contentUrl\":\"https:\/\/ron.arkdes.dev\/wp-content\/uploads\/2025\/08\/download.png\"},{\"@type\":\"BreadcrumbList\",\"@id\":\"https:\/\/bezo.nl\/bezo-tiburon-opbouw-1-delig\/#breadcrumb\",\"itemListElement\":[{\"@type\":\"ListItem\",\"position\":1,\"name\":\"Home\",\"item\":\"https:\/\/bezo.nl\/\"},{\"@type\":\"ListItem\",\"position\":2,\"name\":\"Bezo\/Tiburon opbouw 1 delig\"}]},{\"@type\":\"WebSite\",\"@id\":\"https:\/\/bezo.nl\/#website\",\"url\":\"https:\/\/bezo.nl\/\",\"name\":\"Bezo\",\"description\":\"\",\"publisher\":{\"@id\":\"https:\/\/bezo.nl\/#organization\"},\"potentialAction\":[{\"@type\":\"SearchAction\",\"target\":{\"@type\":\"EntryPoint\",\"urlTemplate\":\"https:\/\/bezo.nl\/?s={search_term_string}\"},\"query-input\":{\"@type\":\"PropertyValueSpecification\",\"valueRequired\":true,\"valueName\":\"search_term_string\"}}],\"inLanguage\":\"fr-FR\"},{\"@type\":\"Organization\",\"@id\":\"https:\/\/bezo.nl\/#organization\",\"name\":\"Bezo\",\"url\":\"https:\/\/bezo.nl\/\",\"logo\":{\"@type\":\"ImageObject\",\"inLanguage\":\"fr-FR\",\"@id\":\"https:\/\/bezo.nl\/#\/schema\/logo\/image\/\",\"url\":\"https:\/\/bezo.nl\/wp-content\/uploads\/2022\/05\/BEZOlogo_payoff_transparant-213-85.png\",\"contentUrl\":\"https:\/\/bezo.nl\/wp-content\/uploads\/2022\/05\/BEZOlogo_payoff_transparant-213-85.png\",\"width\":213,\"height\":85,\"caption\":\"Bezo\"},\"image\":{\"@id\":\"https:\/\/bezo.nl\/#\/schema\/logo\/image\/\"}}]}<\/script>\n<!-- \/ Yoast SEO plugin. -->","yoast_head_json":{"title":"Bezo\/Tiburon montage en surface 1 pi\u00e8ce - Bezo","robots":{"index":"index","follow":"follow","max-snippet":"max-snippet:-1","max-image-preview":"max-image-preview:large","max-video-preview":"max-video-preview:-1"},"canonical":"https:\/\/bezo.nl\/fr\/bezo-tiburon-monte-en-surface-1-piece\/","og_locale":"fr_FR","og_type":"article","og_title":"Bezo\/Tiburon opbouw 1 delig - Bezo","og_description":"Home Type Tiburon Luiken Bezo\/Tiburon opbouw 1 delig Bezo \/Tiburon opbouw 2-delig Bezo\/Tiburon opbouw 1-delig incl. ge\u00efsoleerd deksel Bezo \/Tiburon HHNK Gasdicht 2 zijdig gekneveld luik Voorbeelden &amp; Referenties ALMG3 deksel \/RVS304 frame\/ optie: rooster (optioneel RVS316) Hierbij zijn de scharnieren, de frameverankering en de slotconstructie buiten het deksel geplaatst. Bestektekst RVS opbouwrand en aluminium [...]Lire la suite... from Bezo\/Tiburon opbouw 1 delig","og_url":"https:\/\/bezo.nl\/fr\/bezo-tiburon-monte-en-surface-1-piece\/","og_site_name":"Bezo","article_modified_time":"2025-08-14T15:44:10+00:00","og_image":[{"url":"https:\/\/ron.arkdes.dev\/wp-content\/uploads\/2025\/08\/download.png","type":"","width":"","height":""}],"twitter_card":"summary_large_image","twitter_misc":{"Dur\u00e9e de lecture estim\u00e9e":"2 minutes"},"schema":{"@context":"https:\/\/schema.org","@graph":[{"@type":"WebPage","@id":"https:\/\/bezo.nl\/bezo-tiburon-opbouw-1-delig\/","url":"https:\/\/bezo.nl\/bezo-tiburon-opbouw-1-delig\/","name":"Bezo\/Tiburon montage en surface 1 pi\u00e8ce - Bezo","isPartOf":{"@id":"https:\/\/bezo.nl\/#website"},"primaryImageOfPage":{"@id":"https:\/\/bezo.nl\/bezo-tiburon-opbouw-1-delig\/#primaryimage"},"image":{"@id":"https:\/\/bezo.nl\/bezo-tiburon-opbouw-1-delig\/#primaryimage"},"thumbnailUrl":"https:\/\/ron.arkdes.dev\/wp-content\/uploads\/2025\/08\/download.png","datePublished":"2025-08-12T13:39:17+00:00","dateModified":"2025-08-14T15:44:10+00:00","breadcrumb":{"@id":"https:\/\/bezo.nl\/bezo-tiburon-opbouw-1-delig\/#breadcrumb"},"inLanguage":"fr-FR","potentialAction":[{"@type":"ReadAction","target":["https:\/\/bezo.nl\/bezo-tiburon-opbouw-1-delig\/"]}]},{"@type":"ImageObject","inLanguage":"fr-FR","@id":"https:\/\/bezo.nl\/bezo-tiburon-opbouw-1-delig\/#primaryimage","url":"https:\/\/ron.arkdes.dev\/wp-content\/uploads\/2025\/08\/download.png","contentUrl":"https:\/\/ron.arkdes.dev\/wp-content\/uploads\/2025\/08\/download.png"},{"@type":"BreadcrumbList","@id":"https:\/\/bezo.nl\/bezo-tiburon-opbouw-1-delig\/#breadcrumb","itemListElement":[{"@type":"ListItem","position":1,"name":"Home","item":"https:\/\/bezo.nl\/"},{"@type":"ListItem","position":2,"name":"Bezo\/Tiburon opbouw 1 delig"}]},{"@type":"WebSite","@id":"https:\/\/bezo.nl\/#website","url":"https:\/\/bezo.nl\/","name":"Bezo","description":"","publisher":{"@id":"https:\/\/bezo.nl\/#organization"},"potentialAction":[{"@type":"SearchAction","target":{"@type":"EntryPoint","urlTemplate":"https:\/\/bezo.nl\/?s={search_term_string}"},"query-input":{"@type":"PropertyValueSpecification","valueRequired":true,"valueName":"search_term_string"}}],"inLanguage":"fr-FR"},{"@type":"Organization","@id":"https:\/\/bezo.nl\/#organization","name":"Bezo","url":"https:\/\/bezo.nl\/","logo":{"@type":"ImageObject","inLanguage":"fr-FR","@id":"https:\/\/bezo.nl\/#\/schema\/logo\/image\/","url":"https:\/\/bezo.nl\/wp-content\/uploads\/2022\/05\/BEZOlogo_payoff_transparant-213-85.png","contentUrl":"https:\/\/bezo.nl\/wp-content\/uploads\/2022\/05\/BEZOlogo_payoff_transparant-213-85.png","width":213,"height":85,"caption":"Bezo"},"image":{"@id":"https:\/\/bezo.nl\/#\/schema\/logo\/image\/"}}]}},"_links":{"self":[{"href":"https:\/\/bezo.nl\/fr\/wp-json\/wp\/v2\/pages\/2319","targetHints":{"allow":["GET"]}}],"collection":[{"href":"https:\/\/bezo.nl\/fr\/wp-json\/wp\/v2\/pages"}],"about":[{"href":"https:\/\/bezo.nl\/fr\/wp-json\/wp\/v2\/types\/page"}],"author":[{"embeddable":true,"href":"https:\/\/bezo.nl\/fr\/wp-json\/wp\/v2\/users\/31"}],"replies":[{"embeddable":true,"href":"https:\/\/bezo.nl\/fr\/wp-json\/wp\/v2\/comments?post=2319"}],"version-history":[{"count":12,"href":"https:\/\/bezo.nl\/fr\/wp-json\/wp\/v2\/pages\/2319\/revisions"}],"predecessor-version":[{"id":2456,"href":"https:\/\/bezo.nl\/fr\/wp-json\/wp\/v2\/pages\/2319\/revisions\/2456"}],"wp:attachment":[{"href":"https:\/\/bezo.nl\/fr\/wp-json\/wp\/v2\/media?parent=2319"}],"curies":[{"name":"wp","href":"https:\/\/api.w.org\/{rel}","templated":true}]}}