{"id":1510,"date":"2025-02-12T10:03:43","date_gmt":"2025-02-12T10:03:43","guid":{"rendered":"https:\/\/ron.arkdes.dev\/?post_type=product&#038;p=1510"},"modified":"2026-02-08T20:40:13","modified_gmt":"2026-02-08T20:40:13","slug":"hotte-standard-en-deux-parties-a2-aluminium","status":"publish","type":"product","link":"https:\/\/bezo.nl\/fr\/produit\/hotte-standard-en-deux-parties-a2-aluminium\/","title":{"rendered":"A2 Trappe standard en deux parties en saillie - Aluminium"},"content":{"rendered":"<p>Cette trappe en deux parties mont\u00e9e en saillie est constitu\u00e9e d'un cadre en aluminium mont\u00e9 en saillie (\u299d 100x100x10) avec des charni\u00e8res et des trous de fixation \u00e0 l'ext\u00e9rieur des couvercles. En fonction de la taille de la lumi\u00e8re du jour, la trappe comporte une ou deux grilles de s\u00e9curit\u00e9 en acier inoxydable 316 par section et un couvercle en aluminium avec un ou deux ressorts \u00e0 gaz en acier inoxydable. Les couvercles sont fabriqu\u00e9s en t\u00f4le larm\u00e9e ALMG3 de 5\/6 mm d'\u00e9paisseur et sont renforc\u00e9s par des nervures. Les couvercles peuvent ainsi supporter une charge de 1,5 kN\/m\u00b2. En outre, la trappe est \u00e9quip\u00e9e d'un poteau interm\u00e9diaire enti\u00e8rement amovible. Toutes les pi\u00e8ces mobiles sont soutenues par des bagues en nylon et le joint en n\u00e9opr\u00e8ne rend la trappe \u00e9tanche au gaz. La trappe est livr\u00e9e avec un dispositif de cadenassage, des verrous \u00e0 genouill\u00e8re, du mat\u00e9riel de fixation et une bande d'\u00e9tanch\u00e9it\u00e9 en n\u00e9opr\u00e8ne.<\/p>","protected":false},"excerpt":{"rendered":"<p>Tweedelig aluminium opbouwluik voorzien van RVS veiligheidsrooster en gasveer, inclusief hangslotvoorziening, knevelsloten, bevestigingsmateriaal en neoprene afdichtband. Bekijk de details hieronder in de volledige productbeschrijving. [&#8230;]<\/p>\n<p><a class=\"btn btn-secondary understrap-read-more-link\" href=\"https:\/\/bezo.nl\/fr\/produit\/hotte-standard-en-deux-parties-a2-aluminium\/\">Lire la suite&#8230;<span class=\"screen-reader-text\"> from A2 Standaard tweedelig opbouwluik &#8211; Aluminium<\/span><\/a><\/p>","protected":false},"featured_media":2691,"template":"","meta":{"content-type":""},"product_brand":[],"product_cat":[60],"product_tag":[],"class_list":{"0":"post-1510","1":"product","2":"type-product","3":"status-publish","4":"has-post-thumbnail","6":"product_cat-tweedelige-luiken","8":"first","9":"instock","10":"sold-individually","11":"taxable","12":"shipping-taxable","13":"product-type-simple"},"yoast_head":"<!-- This site is optimized with the Yoast SEO plugin v26.4 - https:\/\/yoast.com\/wordpress\/plugins\/seo\/ -->\n<title>A2 Standaard tweedelig opbouwluik - Aluminium - Bezo<\/title>\n<meta name=\"robots\" content=\"index, follow, max-snippet:-1, max-image-preview:large, max-video-preview:-1\" \/>\n<link rel=\"canonical\" href=\"https:\/\/bezo.nl\/fr\/produit\/hotte-standard-en-deux-parties-a2-aluminium\/\" \/>\n<meta property=\"og:locale\" content=\"fr_FR\" \/>\n<meta property=\"og:type\" content=\"article\" \/>\n<meta property=\"og:title\" content=\"A2 Standaard tweedelig opbouwluik - Aluminium - Bezo\" \/>\n<meta property=\"og:description\" content=\"Tweedelig aluminium opbouwluik voorzien van RVS veiligheidsrooster en gasveer, inclusief hangslotvoorziening, knevelsloten, bevestigingsmateriaal en neoprene afdichtband. Bekijk de details hieronder in de volledige productbeschrijving. [...]Lire la suite... from A2 Standaard tweedelig opbouwluik &#8211; Aluminium\" \/>\n<meta property=\"og:url\" content=\"https:\/\/bezo.nl\/fr\/produit\/hotte-standard-en-deux-parties-a2-aluminium\/\" \/>\n<meta property=\"og:site_name\" content=\"Bezo\" \/>\n<meta property=\"article:modified_time\" content=\"2026-02-08T20:40:13+00:00\" \/>\n<meta property=\"og:image\" content=\"https:\/\/bezo.nl\/wp-content\/uploads\/2025\/11\/Standaard-tweedelig-opbouwluik-A2-Aluminium.jpg\" \/>\n\t<meta property=\"og:image:width\" content=\"1000\" \/>\n\t<meta property=\"og:image:height\" content=\"1000\" \/>\n\t<meta property=\"og:image:type\" content=\"image\/jpeg\" \/>\n<meta name=\"twitter:card\" content=\"summary_large_image\" \/>\n<meta name=\"twitter:label1\" content=\"Dur\u00e9e de lecture estim\u00e9e\" \/>\n\t<meta name=\"twitter:data1\" content=\"1 minute\" \/>\n<script type=\"application\/ld+json\" class=\"yoast-schema-graph\">{\"@context\":\"https:\/\/schema.org\",\"@graph\":[{\"@type\":\"WebPage\",\"@id\":\"https:\/\/bezo.nl\/es\/producto\/standaard-tweedelig-opbouwluik-a2-aluminium\/\",\"url\":\"https:\/\/bezo.nl\/es\/producto\/standaard-tweedelig-opbouwluik-a2-aluminium\/\",\"name\":\"A2 Standaard tweedelig opbouwluik - Aluminium - Bezo\",\"isPartOf\":{\"@id\":\"https:\/\/bezo.nl\/#website\"},\"primaryImageOfPage\":{\"@id\":\"https:\/\/bezo.nl\/es\/producto\/standaard-tweedelig-opbouwluik-a2-aluminium\/#primaryimage\"},\"image\":{\"@id\":\"https:\/\/bezo.nl\/es\/producto\/standaard-tweedelig-opbouwluik-a2-aluminium\/#primaryimage\"},\"thumbnailUrl\":\"https:\/\/bezo.nl\/wp-content\/uploads\/2025\/11\/Standaard-tweedelig-opbouwluik-A2-Aluminium.jpg\",\"datePublished\":\"2025-02-12T10:03:43+00:00\",\"dateModified\":\"2026-02-08T20:40:13+00:00\",\"breadcrumb\":{\"@id\":\"https:\/\/bezo.nl\/es\/producto\/standaard-tweedelig-opbouwluik-a2-aluminium\/#breadcrumb\"},\"inLanguage\":\"fr-FR\",\"potentialAction\":[{\"@type\":\"ReadAction\",\"target\":[\"https:\/\/bezo.nl\/es\/producto\/standaard-tweedelig-opbouwluik-a2-aluminium\/\"]}]},{\"@type\":\"ImageObject\",\"inLanguage\":\"fr-FR\",\"@id\":\"https:\/\/bezo.nl\/es\/producto\/standaard-tweedelig-opbouwluik-a2-aluminium\/#primaryimage\",\"url\":\"https:\/\/bezo.nl\/wp-content\/uploads\/2025\/11\/Standaard-tweedelig-opbouwluik-A2-Aluminium.jpg\",\"contentUrl\":\"https:\/\/bezo.nl\/wp-content\/uploads\/2025\/11\/Standaard-tweedelig-opbouwluik-A2-Aluminium.jpg\",\"width\":1000,\"height\":1000,\"caption\":\"Standaard tweedelig opbouwluik - A2 Aluminium\"},{\"@type\":\"BreadcrumbList\",\"@id\":\"https:\/\/bezo.nl\/es\/producto\/standaard-tweedelig-opbouwluik-a2-aluminium\/#breadcrumb\",\"itemListElement\":[{\"@type\":\"ListItem\",\"position\":1,\"name\":\"Home\",\"item\":\"https:\/\/bezo.nl\/\"},{\"@type\":\"ListItem\",\"position\":2,\"name\":\"Shop\",\"item\":\"https:\/\/bezo.nl\/shop\/\"},{\"@type\":\"ListItem\",\"position\":3,\"name\":\"A2 Standaard tweedelig opbouwluik &#8211; Aluminium\"}]},{\"@type\":\"WebSite\",\"@id\":\"https:\/\/bezo.nl\/#website\",\"url\":\"https:\/\/bezo.nl\/\",\"name\":\"Bezo\",\"description\":\"\",\"publisher\":{\"@id\":\"https:\/\/bezo.nl\/#organization\"},\"potentialAction\":[{\"@type\":\"SearchAction\",\"target\":{\"@type\":\"EntryPoint\",\"urlTemplate\":\"https:\/\/bezo.nl\/?s={search_term_string}\"},\"query-input\":{\"@type\":\"PropertyValueSpecification\",\"valueRequired\":true,\"valueName\":\"search_term_string\"}}],\"inLanguage\":\"fr-FR\"},{\"@type\":\"Organization\",\"@id\":\"https:\/\/bezo.nl\/#organization\",\"name\":\"Bezo\",\"url\":\"https:\/\/bezo.nl\/\",\"logo\":{\"@type\":\"ImageObject\",\"inLanguage\":\"fr-FR\",\"@id\":\"https:\/\/bezo.nl\/#\/schema\/logo\/image\/\",\"url\":\"https:\/\/bezo.nl\/wp-content\/uploads\/2022\/05\/BEZOlogo_payoff_transparant-213-85.png\",\"contentUrl\":\"https:\/\/bezo.nl\/wp-content\/uploads\/2022\/05\/BEZOlogo_payoff_transparant-213-85.png\",\"width\":213,\"height\":85,\"caption\":\"Bezo\"},\"image\":{\"@id\":\"https:\/\/bezo.nl\/#\/schema\/logo\/image\/\"}}]}<\/script>\n<!-- \/ Yoast SEO plugin. -->","yoast_head_json":{"title":"A2 Trappe en saillie standard en deux parties - Aluminium - Bezo","robots":{"index":"index","follow":"follow","max-snippet":"max-snippet:-1","max-image-preview":"max-image-preview:large","max-video-preview":"max-video-preview:-1"},"canonical":"https:\/\/bezo.nl\/fr\/produit\/hotte-standard-en-deux-parties-a2-aluminium\/","og_locale":"fr_FR","og_type":"article","og_title":"A2 Standaard tweedelig opbouwluik - Aluminium - Bezo","og_description":"Tweedelig aluminium opbouwluik voorzien van RVS veiligheidsrooster en gasveer, inclusief hangslotvoorziening, knevelsloten, bevestigingsmateriaal en neoprene afdichtband. Bekijk de details hieronder in de volledige productbeschrijving. [...]Lire la suite... from A2 Standaard tweedelig opbouwluik &#8211; Aluminium","og_url":"https:\/\/bezo.nl\/fr\/produit\/hotte-standard-en-deux-parties-a2-aluminium\/","og_site_name":"Bezo","article_modified_time":"2026-02-08T20:40:13+00:00","og_image":[{"width":1000,"height":1000,"url":"https:\/\/bezo.nl\/wp-content\/uploads\/2025\/11\/Standaard-tweedelig-opbouwluik-A2-Aluminium.jpg","type":"image\/jpeg"}],"twitter_card":"summary_large_image","twitter_misc":{"Dur\u00e9e de lecture estim\u00e9e":"1 minute"},"schema":{"@context":"https:\/\/schema.org","@graph":[{"@type":"WebPage","@id":"https:\/\/bezo.nl\/es\/producto\/standaard-tweedelig-opbouwluik-a2-aluminium\/","url":"https:\/\/bezo.nl\/es\/producto\/standaard-tweedelig-opbouwluik-a2-aluminium\/","name":"A2 Trappe en saillie standard en deux parties - Aluminium - Bezo","isPartOf":{"@id":"https:\/\/bezo.nl\/#website"},"primaryImageOfPage":{"@id":"https:\/\/bezo.nl\/es\/producto\/standaard-tweedelig-opbouwluik-a2-aluminium\/#primaryimage"},"image":{"@id":"https:\/\/bezo.nl\/es\/producto\/standaard-tweedelig-opbouwluik-a2-aluminium\/#primaryimage"},"thumbnailUrl":"https:\/\/bezo.nl\/wp-content\/uploads\/2025\/11\/Standaard-tweedelig-opbouwluik-A2-Aluminium.jpg","datePublished":"2025-02-12T10:03:43+00:00","dateModified":"2026-02-08T20:40:13+00:00","breadcrumb":{"@id":"https:\/\/bezo.nl\/es\/producto\/standaard-tweedelig-opbouwluik-a2-aluminium\/#breadcrumb"},"inLanguage":"fr-FR","potentialAction":[{"@type":"ReadAction","target":["https:\/\/bezo.nl\/es\/producto\/standaard-tweedelig-opbouwluik-a2-aluminium\/"]}]},{"@type":"ImageObject","inLanguage":"fr-FR","@id":"https:\/\/bezo.nl\/es\/producto\/standaard-tweedelig-opbouwluik-a2-aluminium\/#primaryimage","url":"https:\/\/bezo.nl\/wp-content\/uploads\/2025\/11\/Standaard-tweedelig-opbouwluik-A2-Aluminium.jpg","contentUrl":"https:\/\/bezo.nl\/wp-content\/uploads\/2025\/11\/Standaard-tweedelig-opbouwluik-A2-Aluminium.jpg","width":1000,"height":1000,"caption":"Standaard tweedelig opbouwluik - A2 Aluminium"},{"@type":"BreadcrumbList","@id":"https:\/\/bezo.nl\/es\/producto\/standaard-tweedelig-opbouwluik-a2-aluminium\/#breadcrumb","itemListElement":[{"@type":"ListItem","position":1,"name":"Home","item":"https:\/\/bezo.nl\/"},{"@type":"ListItem","position":2,"name":"Shop","item":"https:\/\/bezo.nl\/shop\/"},{"@type":"ListItem","position":3,"name":"A2 Standaard tweedelig opbouwluik &#8211; Aluminium"}]},{"@type":"WebSite","@id":"https:\/\/bezo.nl\/#website","url":"https:\/\/bezo.nl\/","name":"Bezo","description":"","publisher":{"@id":"https:\/\/bezo.nl\/#organization"},"potentialAction":[{"@type":"SearchAction","target":{"@type":"EntryPoint","urlTemplate":"https:\/\/bezo.nl\/?s={search_term_string}"},"query-input":{"@type":"PropertyValueSpecification","valueRequired":true,"valueName":"search_term_string"}}],"inLanguage":"fr-FR"},{"@type":"Organization","@id":"https:\/\/bezo.nl\/#organization","name":"Bezo","url":"https:\/\/bezo.nl\/","logo":{"@type":"ImageObject","inLanguage":"fr-FR","@id":"https:\/\/bezo.nl\/#\/schema\/logo\/image\/","url":"https:\/\/bezo.nl\/wp-content\/uploads\/2022\/05\/BEZOlogo_payoff_transparant-213-85.png","contentUrl":"https:\/\/bezo.nl\/wp-content\/uploads\/2022\/05\/BEZOlogo_payoff_transparant-213-85.png","width":213,"height":85,"caption":"Bezo"},"image":{"@id":"https:\/\/bezo.nl\/#\/schema\/logo\/image\/"}}]}},"_links":{"self":[{"href":"https:\/\/bezo.nl\/fr\/wp-json\/wp\/v2\/product\/1510","targetHints":{"allow":["GET"]}}],"collection":[{"href":"https:\/\/bezo.nl\/fr\/wp-json\/wp\/v2\/product"}],"about":[{"href":"https:\/\/bezo.nl\/fr\/wp-json\/wp\/v2\/types\/product"}],"wp:featuredmedia":[{"embeddable":true,"href":"https:\/\/bezo.nl\/fr\/wp-json\/wp\/v2\/media\/2691"}],"wp:attachment":[{"href":"https:\/\/bezo.nl\/fr\/wp-json\/wp\/v2\/media?parent=1510"}],"wp:term":[{"taxonomy":"product_brand","embeddable":true,"href":"https:\/\/bezo.nl\/fr\/wp-json\/wp\/v2\/product_brand?post=1510"},{"taxonomy":"product_cat","embeddable":true,"href":"https:\/\/bezo.nl\/fr\/wp-json\/wp\/v2\/product_cat?post=1510"},{"taxonomy":"product_tag","embeddable":true,"href":"https:\/\/bezo.nl\/fr\/wp-json\/wp\/v2\/product_tag?post=1510"}],"curies":[{"name":"wp","href":"https:\/\/api.w.org\/{rel}","templated":true}]}}