{"id":1919,"date":"2025-03-25T12:04:00","date_gmt":"2025-03-25T12:04:00","guid":{"rendered":"https:\/\/ron.arkdes.dev\/?post_type=product&#038;p=1919"},"modified":"2026-02-08T20:30:08","modified_gmt":"2026-02-08T20:30:08","slug":"bocal-a-broche-fendue-acier-inoxydable-316-hhnk","status":"publish","type":"product","link":"https:\/\/bezo.nl\/fr\/produit\/bocal-a-broche-fendue-acier-inoxydable-316-hhnk\/","title":{"rendered":"Bocal \u00e0 fuseau d'effondrement - acier inoxydable 316 (HHNK)"},"content":{"rendered":"<p>Le pot \u00e0 broche en acier inoxydable 316 coul\u00e9 est con\u00e7u sp\u00e9cifiquement pour les vannes \u00e0 broche, avec un accent sur la durabilit\u00e9, la pr\u00e9cision et la fiabilit\u00e9. Ce pot robuste en acier inoxydable s'installe facilement dans des fondations en b\u00e9ton ou autres, offrant une solution stable et n\u00e9cessitant peu d'entretien pour le fonctionnement des vannes dans des environnements exigeants.<\/p>\n<p><strong>Caract\u00e9ristiques et avantages<\/strong><br \/>\n- Construction en acier inoxydable de haute qualit\u00e9 : l'acier inoxydable conf\u00e8re \u00e0 la jarre \u00e0 broche une excellente r\u00e9sistance \u00e0 la corrosion, m\u00eame dans des environnements o\u00f9 l'humidit\u00e9, les produits chimiques ou d'autres facteurs de stress sont pr\u00e9sents.<br \/>\n- Pr\u00e9cision de fonctionnement : le pot de broche fournit une connexion s\u00fbre et fiable pour les vannes \u00e0 broche, assurant un fonctionnement en douceur et une pr\u00e9cision accrue lors de l'ouverture et de la fermeture de la vanne.<br \/>\n- Installation facile : la conception permet une installation facile du pot \u00e0 broche dans le b\u00e9ton ou les mat\u00e9riaux de fondation, \u00e9liminant ainsi le besoin de fixations suppl\u00e9mentaires.<br \/>\n- Fiabilit\u00e9 dans des conditions difficiles : convient aux applications industrielles telles que les stations d'\u00e9puration des eaux, la gestion des eaux us\u00e9es ou d'autres applications o\u00f9 les vannes sont essentielles pour contr\u00f4ler les liquides ou les gaz.<br \/>\n- Longue dur\u00e9e de vie et faible entretien : le mat\u00e9riau robuste en acier inoxydable rend le pot de broche r\u00e9sistant \u00e0 l'usure et \u00e0 la corrosion, ce qui se traduit par des co\u00fbts d'entretien minimes et un fonctionnement fiable \u00e0 long terme.<\/p>\n<p>Ce pot \u00e0 broche repliable en acier inoxydable constitue la solution id\u00e9ale pour actionner des vannes \u00e0 broche dans diverses applications industrielles et d'infrastructure. Gr\u00e2ce \u00e0 sa construction robuste et \u00e0 sa facilit\u00e9 d'installation, il constitue un choix id\u00e9al pour ceux qui recherchent un moyen fiable et durable d'actionner et d'entretenir efficacement les vannes.<\/p>","protected":false},"excerpt":{"rendered":"<p>RVS instort spindelpot om spindelafsluiters te bedienen. Bekijk de details hieronder in de volledige productbeschrijving. [&#8230;]<\/p>\n<p><a class=\"btn btn-secondary understrap-read-more-link\" href=\"https:\/\/bezo.nl\/fr\/produit\/bocal-a-broche-fendue-acier-inoxydable-316-hhnk\/\">Lire la suite&#8230;<span class=\"screen-reader-text\"> from Instort spindelpot &#8211; RVS 316 (HHNK)<\/span><\/a><\/p>","protected":false},"featured_media":2683,"template":"","meta":{"content-type":""},"product_brand":[],"product_cat":[67],"product_tag":[],"class_list":{"0":"post-1919","1":"product","2":"type-product","3":"status-publish","4":"has-post-thumbnail","6":"product_cat-hijspotten-en-spindelpotten","8":"first","9":"instock","10":"sold-individually","11":"taxable","12":"shipping-taxable","13":"product-type-simple"},"yoast_head":"<!-- This site is optimized with the Yoast SEO plugin v26.4 - https:\/\/yoast.com\/wordpress\/plugins\/seo\/ -->\n<title>Instort spindelpot - RVS 316 (HHNK) - Bezo<\/title>\n<meta name=\"robots\" content=\"index, follow, max-snippet:-1, max-image-preview:large, max-video-preview:-1\" \/>\n<link rel=\"canonical\" href=\"https:\/\/bezo.nl\/fr\/produit\/bocal-a-broche-fendue-acier-inoxydable-316-hhnk\/\" \/>\n<meta property=\"og:locale\" content=\"fr_FR\" \/>\n<meta property=\"og:type\" content=\"article\" \/>\n<meta property=\"og:title\" content=\"Instort spindelpot - RVS 316 (HHNK) - Bezo\" \/>\n<meta property=\"og:description\" content=\"RVS instort spindelpot om spindelafsluiters te bedienen. Bekijk de details hieronder in de volledige productbeschrijving. [...]Lire la suite... from Instort spindelpot &#8211; RVS 316 (HHNK)\" \/>\n<meta property=\"og:url\" content=\"https:\/\/bezo.nl\/fr\/produit\/bocal-a-broche-fendue-acier-inoxydable-316-hhnk\/\" \/>\n<meta property=\"og:site_name\" content=\"Bezo\" \/>\n<meta property=\"article:modified_time\" content=\"2026-02-08T20:30:08+00:00\" \/>\n<meta property=\"og:image\" content=\"https:\/\/bezo.nl\/wp-content\/uploads\/2025\/11\/Instort-hijspot-RVS-316-HHNK.jpg\" \/>\n\t<meta property=\"og:image:width\" content=\"1000\" \/>\n\t<meta property=\"og:image:height\" content=\"1000\" \/>\n\t<meta property=\"og:image:type\" content=\"image\/jpeg\" \/>\n<meta name=\"twitter:card\" content=\"summary_large_image\" \/>\n<meta name=\"twitter:label1\" content=\"Dur\u00e9e de lecture estim\u00e9e\" \/>\n\t<meta name=\"twitter:data1\" content=\"2 minutes\" \/>\n<script type=\"application\/ld+json\" class=\"yoast-schema-graph\">{\"@context\":\"https:\/\/schema.org\",\"@graph\":[{\"@type\":\"WebPage\",\"@id\":\"https:\/\/bezo.nl\/product\/instort-spindelpot-rvs316-hhnk\/\",\"url\":\"https:\/\/bezo.nl\/product\/instort-spindelpot-rvs316-hhnk\/\",\"name\":\"Instort spindelpot - RVS 316 (HHNK) - Bezo\",\"isPartOf\":{\"@id\":\"https:\/\/bezo.nl\/#website\"},\"primaryImageOfPage\":{\"@id\":\"https:\/\/bezo.nl\/product\/instort-spindelpot-rvs316-hhnk\/#primaryimage\"},\"image\":{\"@id\":\"https:\/\/bezo.nl\/product\/instort-spindelpot-rvs316-hhnk\/#primaryimage\"},\"thumbnailUrl\":\"https:\/\/bezo.nl\/wp-content\/uploads\/2025\/11\/Instort-hijspot-RVS-316-HHNK.jpg\",\"datePublished\":\"2025-03-25T12:04:00+00:00\",\"dateModified\":\"2026-02-08T20:30:08+00:00\",\"breadcrumb\":{\"@id\":\"https:\/\/bezo.nl\/product\/instort-spindelpot-rvs316-hhnk\/#breadcrumb\"},\"inLanguage\":\"fr-FR\",\"potentialAction\":[{\"@type\":\"ReadAction\",\"target\":[\"https:\/\/bezo.nl\/product\/instort-spindelpot-rvs316-hhnk\/\"]}]},{\"@type\":\"ImageObject\",\"inLanguage\":\"fr-FR\",\"@id\":\"https:\/\/bezo.nl\/product\/instort-spindelpot-rvs316-hhnk\/#primaryimage\",\"url\":\"https:\/\/bezo.nl\/wp-content\/uploads\/2025\/11\/Instort-hijspot-RVS-316-HHNK.jpg\",\"contentUrl\":\"https:\/\/bezo.nl\/wp-content\/uploads\/2025\/11\/Instort-hijspot-RVS-316-HHNK.jpg\",\"width\":1000,\"height\":1000,\"caption\":\"Instort hijspot - RVS 316 (HHNK)\"},{\"@type\":\"BreadcrumbList\",\"@id\":\"https:\/\/bezo.nl\/product\/instort-spindelpot-rvs316-hhnk\/#breadcrumb\",\"itemListElement\":[{\"@type\":\"ListItem\",\"position\":1,\"name\":\"Home\",\"item\":\"https:\/\/bezo.nl\/\"},{\"@type\":\"ListItem\",\"position\":2,\"name\":\"Shop\",\"item\":\"https:\/\/bezo.nl\/shop\/\"},{\"@type\":\"ListItem\",\"position\":3,\"name\":\"Instort spindelpot &#8211; RVS 316 (HHNK)\"}]},{\"@type\":\"WebSite\",\"@id\":\"https:\/\/bezo.nl\/#website\",\"url\":\"https:\/\/bezo.nl\/\",\"name\":\"Bezo\",\"description\":\"\",\"publisher\":{\"@id\":\"https:\/\/bezo.nl\/#organization\"},\"potentialAction\":[{\"@type\":\"SearchAction\",\"target\":{\"@type\":\"EntryPoint\",\"urlTemplate\":\"https:\/\/bezo.nl\/?s={search_term_string}\"},\"query-input\":{\"@type\":\"PropertyValueSpecification\",\"valueRequired\":true,\"valueName\":\"search_term_string\"}}],\"inLanguage\":\"fr-FR\"},{\"@type\":\"Organization\",\"@id\":\"https:\/\/bezo.nl\/#organization\",\"name\":\"Bezo\",\"url\":\"https:\/\/bezo.nl\/\",\"logo\":{\"@type\":\"ImageObject\",\"inLanguage\":\"fr-FR\",\"@id\":\"https:\/\/bezo.nl\/#\/schema\/logo\/image\/\",\"url\":\"https:\/\/bezo.nl\/wp-content\/uploads\/2022\/05\/BEZOlogo_payoff_transparant-213-85.png\",\"contentUrl\":\"https:\/\/bezo.nl\/wp-content\/uploads\/2022\/05\/BEZOlogo_payoff_transparant-213-85.png\",\"width\":213,\"height\":85,\"caption\":\"Bezo\"},\"image\":{\"@id\":\"https:\/\/bezo.nl\/#\/schema\/logo\/image\/\"}}]}<\/script>\n<!-- \/ Yoast SEO plugin. -->","yoast_head_json":{"title":"Bocal \u00e0 broche d'effondrement - SS 316 (HHNK) - Bezo","robots":{"index":"index","follow":"follow","max-snippet":"max-snippet:-1","max-image-preview":"max-image-preview:large","max-video-preview":"max-video-preview:-1"},"canonical":"https:\/\/bezo.nl\/fr\/produit\/bocal-a-broche-fendue-acier-inoxydable-316-hhnk\/","og_locale":"fr_FR","og_type":"article","og_title":"Instort spindelpot - RVS 316 (HHNK) - Bezo","og_description":"RVS instort spindelpot om spindelafsluiters te bedienen. Bekijk de details hieronder in de volledige productbeschrijving. [...]Lire la suite... from Instort spindelpot &#8211; RVS 316 (HHNK)","og_url":"https:\/\/bezo.nl\/fr\/produit\/bocal-a-broche-fendue-acier-inoxydable-316-hhnk\/","og_site_name":"Bezo","article_modified_time":"2026-02-08T20:30:08+00:00","og_image":[{"width":1000,"height":1000,"url":"https:\/\/bezo.nl\/wp-content\/uploads\/2025\/11\/Instort-hijspot-RVS-316-HHNK.jpg","type":"image\/jpeg"}],"twitter_card":"summary_large_image","twitter_misc":{"Dur\u00e9e de lecture estim\u00e9e":"2 minutes"},"schema":{"@context":"https:\/\/schema.org","@graph":[{"@type":"WebPage","@id":"https:\/\/bezo.nl\/product\/instort-spindelpot-rvs316-hhnk\/","url":"https:\/\/bezo.nl\/product\/instort-spindelpot-rvs316-hhnk\/","name":"Bocal \u00e0 broche d'effondrement - SS 316 (HHNK) - Bezo","isPartOf":{"@id":"https:\/\/bezo.nl\/#website"},"primaryImageOfPage":{"@id":"https:\/\/bezo.nl\/product\/instort-spindelpot-rvs316-hhnk\/#primaryimage"},"image":{"@id":"https:\/\/bezo.nl\/product\/instort-spindelpot-rvs316-hhnk\/#primaryimage"},"thumbnailUrl":"https:\/\/bezo.nl\/wp-content\/uploads\/2025\/11\/Instort-hijspot-RVS-316-HHNK.jpg","datePublished":"2025-03-25T12:04:00+00:00","dateModified":"2026-02-08T20:30:08+00:00","breadcrumb":{"@id":"https:\/\/bezo.nl\/product\/instort-spindelpot-rvs316-hhnk\/#breadcrumb"},"inLanguage":"fr-FR","potentialAction":[{"@type":"ReadAction","target":["https:\/\/bezo.nl\/product\/instort-spindelpot-rvs316-hhnk\/"]}]},{"@type":"ImageObject","inLanguage":"fr-FR","@id":"https:\/\/bezo.nl\/product\/instort-spindelpot-rvs316-hhnk\/#primaryimage","url":"https:\/\/bezo.nl\/wp-content\/uploads\/2025\/11\/Instort-hijspot-RVS-316-HHNK.jpg","contentUrl":"https:\/\/bezo.nl\/wp-content\/uploads\/2025\/11\/Instort-hijspot-RVS-316-HHNK.jpg","width":1000,"height":1000,"caption":"Instort hijspot - RVS 316 (HHNK)"},{"@type":"BreadcrumbList","@id":"https:\/\/bezo.nl\/product\/instort-spindelpot-rvs316-hhnk\/#breadcrumb","itemListElement":[{"@type":"ListItem","position":1,"name":"Home","item":"https:\/\/bezo.nl\/"},{"@type":"ListItem","position":2,"name":"Shop","item":"https:\/\/bezo.nl\/shop\/"},{"@type":"ListItem","position":3,"name":"Instort spindelpot &#8211; RVS 316 (HHNK)"}]},{"@type":"WebSite","@id":"https:\/\/bezo.nl\/#website","url":"https:\/\/bezo.nl\/","name":"Bezo","description":"","publisher":{"@id":"https:\/\/bezo.nl\/#organization"},"potentialAction":[{"@type":"SearchAction","target":{"@type":"EntryPoint","urlTemplate":"https:\/\/bezo.nl\/?s={search_term_string}"},"query-input":{"@type":"PropertyValueSpecification","valueRequired":true,"valueName":"search_term_string"}}],"inLanguage":"fr-FR"},{"@type":"Organization","@id":"https:\/\/bezo.nl\/#organization","name":"Bezo","url":"https:\/\/bezo.nl\/","logo":{"@type":"ImageObject","inLanguage":"fr-FR","@id":"https:\/\/bezo.nl\/#\/schema\/logo\/image\/","url":"https:\/\/bezo.nl\/wp-content\/uploads\/2022\/05\/BEZOlogo_payoff_transparant-213-85.png","contentUrl":"https:\/\/bezo.nl\/wp-content\/uploads\/2022\/05\/BEZOlogo_payoff_transparant-213-85.png","width":213,"height":85,"caption":"Bezo"},"image":{"@id":"https:\/\/bezo.nl\/#\/schema\/logo\/image\/"}}]}},"_links":{"self":[{"href":"https:\/\/bezo.nl\/fr\/wp-json\/wp\/v2\/product\/1919","targetHints":{"allow":["GET"]}}],"collection":[{"href":"https:\/\/bezo.nl\/fr\/wp-json\/wp\/v2\/product"}],"about":[{"href":"https:\/\/bezo.nl\/fr\/wp-json\/wp\/v2\/types\/product"}],"wp:featuredmedia":[{"embeddable":true,"href":"https:\/\/bezo.nl\/fr\/wp-json\/wp\/v2\/media\/2683"}],"wp:attachment":[{"href":"https:\/\/bezo.nl\/fr\/wp-json\/wp\/v2\/media?parent=1919"}],"wp:term":[{"taxonomy":"product_brand","embeddable":true,"href":"https:\/\/bezo.nl\/fr\/wp-json\/wp\/v2\/product_brand?post=1919"},{"taxonomy":"product_cat","embeddable":true,"href":"https:\/\/bezo.nl\/fr\/wp-json\/wp\/v2\/product_cat?post=1919"},{"taxonomy":"product_tag","embeddable":true,"href":"https:\/\/bezo.nl\/fr\/wp-json\/wp\/v2\/product_tag?post=1919"}],"curies":[{"name":"wp","href":"https:\/\/api.w.org\/{rel}","templated":true}]}}