{"id":1921,"date":"2025-03-25T12:04:24","date_gmt":"2025-03-25T12:04:24","guid":{"rendered":"https:\/\/ron.arkdes.dev\/?post_type=product&#038;p=1921"},"modified":"2026-03-05T13:17:35","modified_gmt":"2026-03-05T13:17:35","slug":"serre-cable-acier-inoxydable-hhnk","status":"publish","type":"product","link":"https:\/\/bezo.nl\/fr\/produit\/serre-cable-acier-inoxydable-hhnk\/","title":{"rendered":"Support de c\u00e2ble - acier inoxydable 316 (HHNK)"},"content":{"rendered":"<p>Le support de c\u00e2ble en acier inoxydable est un support robuste et fiable con\u00e7u pour suspendre en toute s\u00e9curit\u00e9 le c\u00e2ble d'une pompe. Ce support emp\u00eache le c\u00e2ble d'entrer en contact avec l'eau ou d'autres \u00e9l\u00e9ments susceptibles de l'endommager. Il constitue une solution pratique pour suspendre de mani\u00e8re nette et organis\u00e9e le c\u00e2blage d'une pompe, par exemple dans des puits, des salles de pompes ou des installations industrielles.<\/p>\n<p><strong>Caract\u00e9ristiques et avantages<\/strong><br \/>\n- Construction durable : le support de c\u00e2ble est fabriqu\u00e9 dans un mat\u00e9riau de haute qualit\u00e9, ce qui le rend r\u00e9sistant \u00e0 la corrosion et \u00e0 l'abrasion dans les environnements humides et industriels.<br \/>\n- Syst\u00e8me de suspension s\u00fbr : le support permet de suspendre le c\u00e2ble de la pompe en toute s\u00e9curit\u00e9, de sorte que le c\u00e2ble ne reste pas dans l'eau ou sur le sol, ce qui prolonge la dur\u00e9e de vie du c\u00e2ble et pr\u00e9vient les dommages.<br \/>\n- Installation facile : le support de c\u00e2ble est facile \u00e0 monter sur le mur ou le bord du puits, l'installation de la pompe ou d'autres structures, sans outils compliqu\u00e9s.<br \/>\n- Gain de place et organisation : le support maintient le c\u00e2ble bien en place, ce qui permet de garder l'espace de travail ordonn\u00e9 et de r\u00e9duire le risque d'enchev\u00eatrement ou d'endommagement du c\u00e2ble.<br \/>\n- Convient \u00e0 diverses pompes : le support convient \u00e0 une large gamme de pompes et de types de c\u00e2bles, et peut \u00eatre facilement adapt\u00e9 aux exigences sp\u00e9cifiques de l'installation.<br \/>\n- R\u00e9sistance aux conditions difficiles : id\u00e9al pour les environnements industriels tels que les stations d'\u00e9puration des eaux, la gestion des eaux us\u00e9es et d'autres applications o\u00f9 les pompes sont r\u00e9guli\u00e8rement plac\u00e9es dans des fosses ou des espaces confin\u00e9s.<\/p>\n<p>Le support de c\u00e2ble offre un moyen s\u00fbr et organis\u00e9 de suspendre le c\u00e2blage des pompes, ce qui augmente l'efficacit\u00e9 et facilite la maintenance. Gr\u00e2ce \u00e0 sa conception durable et \u00e0 sa facilit\u00e9 d'installation, ce support constitue une solution pratique et fiable pour diverses applications industrielles et d'infrastructure.<\/p>","protected":false},"excerpt":{"rendered":"<p>RVS kabelbeugel om de kabel van een pomp veilig op te hangen. Bekijk de details hieronder in de volledige productbeschrijving. [&#8230;]<\/p>\n<p><a class=\"btn btn-secondary understrap-read-more-link\" href=\"https:\/\/bezo.nl\/fr\/produit\/serre-cable-acier-inoxydable-hhnk\/\">Lire la suite&#8230;<span class=\"screen-reader-text\"> from Kabelbeugel &#8211; RVS 316 (HHNK)<\/span><\/a><\/p>","protected":false},"featured_media":2686,"template":"","meta":{"content-type":""},"product_brand":[],"product_cat":[66],"product_tag":[],"class_list":{"0":"post-1921","1":"product","2":"type-product","3":"status-publish","4":"has-post-thumbnail","6":"product_cat-overig","8":"first","9":"instock","10":"sold-individually","11":"taxable","12":"shipping-taxable","13":"product-type-simple"},"yoast_head":"<!-- This site is optimized with the Yoast SEO plugin v26.4 - https:\/\/yoast.com\/wordpress\/plugins\/seo\/ -->\n<title>Kabelbeugel - RVS 316 (HHNK) - Bezo<\/title>\n<meta name=\"robots\" content=\"index, follow, max-snippet:-1, max-image-preview:large, max-video-preview:-1\" \/>\n<link rel=\"canonical\" href=\"https:\/\/bezo.nl\/fr\/produit\/serre-cable-acier-inoxydable-hhnk\/\" \/>\n<meta property=\"og:locale\" content=\"fr_FR\" \/>\n<meta property=\"og:type\" content=\"article\" \/>\n<meta property=\"og:title\" content=\"Kabelbeugel - RVS 316 (HHNK) - Bezo\" \/>\n<meta property=\"og:description\" content=\"RVS kabelbeugel om de kabel van een pomp veilig op te hangen. Bekijk de details hieronder in de volledige productbeschrijving. [...]Lire la suite... from Kabelbeugel &#8211; RVS 316 (HHNK)\" \/>\n<meta property=\"og:url\" content=\"https:\/\/bezo.nl\/fr\/produit\/serre-cable-acier-inoxydable-hhnk\/\" \/>\n<meta property=\"og:site_name\" content=\"Bezo\" \/>\n<meta property=\"article:modified_time\" content=\"2026-03-05T13:17:35+00:00\" \/>\n<meta property=\"og:image\" content=\"https:\/\/bezo.nl\/wp-content\/uploads\/2025\/11\/Kabelbeugel-RVS-316-HHNK.jpg\" \/>\n\t<meta property=\"og:image:width\" content=\"1000\" \/>\n\t<meta property=\"og:image:height\" content=\"1000\" \/>\n\t<meta property=\"og:image:type\" content=\"image\/jpeg\" \/>\n<meta name=\"twitter:card\" content=\"summary_large_image\" \/>\n<meta name=\"twitter:label1\" content=\"Dur\u00e9e de lecture estim\u00e9e\" \/>\n\t<meta name=\"twitter:data1\" content=\"2 minutes\" \/>\n<script type=\"application\/ld+json\" class=\"yoast-schema-graph\">{\"@context\":\"https:\/\/schema.org\",\"@graph\":[{\"@type\":\"WebPage\",\"@id\":\"https:\/\/bezo.nl\/product\/kabelbeugel-rvs-hhnk\/\",\"url\":\"https:\/\/bezo.nl\/product\/kabelbeugel-rvs-hhnk\/\",\"name\":\"Kabelbeugel - RVS 316 (HHNK) - Bezo\",\"isPartOf\":{\"@id\":\"https:\/\/bezo.nl\/#website\"},\"primaryImageOfPage\":{\"@id\":\"https:\/\/bezo.nl\/product\/kabelbeugel-rvs-hhnk\/#primaryimage\"},\"image\":{\"@id\":\"https:\/\/bezo.nl\/product\/kabelbeugel-rvs-hhnk\/#primaryimage\"},\"thumbnailUrl\":\"https:\/\/bezo.nl\/wp-content\/uploads\/2025\/11\/Kabelbeugel-RVS-316-HHNK.jpg\",\"datePublished\":\"2025-03-25T12:04:24+00:00\",\"dateModified\":\"2026-03-05T13:17:35+00:00\",\"breadcrumb\":{\"@id\":\"https:\/\/bezo.nl\/product\/kabelbeugel-rvs-hhnk\/#breadcrumb\"},\"inLanguage\":\"fr-FR\",\"potentialAction\":[{\"@type\":\"ReadAction\",\"target\":[\"https:\/\/bezo.nl\/product\/kabelbeugel-rvs-hhnk\/\"]}]},{\"@type\":\"ImageObject\",\"inLanguage\":\"fr-FR\",\"@id\":\"https:\/\/bezo.nl\/product\/kabelbeugel-rvs-hhnk\/#primaryimage\",\"url\":\"https:\/\/bezo.nl\/wp-content\/uploads\/2025\/11\/Kabelbeugel-RVS-316-HHNK.jpg\",\"contentUrl\":\"https:\/\/bezo.nl\/wp-content\/uploads\/2025\/11\/Kabelbeugel-RVS-316-HHNK.jpg\",\"width\":1000,\"height\":1000,\"caption\":\"Kabelbeugel - RVS 316 (HHNK)\"},{\"@type\":\"BreadcrumbList\",\"@id\":\"https:\/\/bezo.nl\/product\/kabelbeugel-rvs-hhnk\/#breadcrumb\",\"itemListElement\":[{\"@type\":\"ListItem\",\"position\":1,\"name\":\"Home\",\"item\":\"https:\/\/bezo.nl\/\"},{\"@type\":\"ListItem\",\"position\":2,\"name\":\"Shop\",\"item\":\"https:\/\/bezo.nl\/shop\/\"},{\"@type\":\"ListItem\",\"position\":3,\"name\":\"Kabelbeugel &#8211; RVS 316 (HHNK)\"}]},{\"@type\":\"WebSite\",\"@id\":\"https:\/\/bezo.nl\/#website\",\"url\":\"https:\/\/bezo.nl\/\",\"name\":\"Bezo\",\"description\":\"\",\"publisher\":{\"@id\":\"https:\/\/bezo.nl\/#organization\"},\"potentialAction\":[{\"@type\":\"SearchAction\",\"target\":{\"@type\":\"EntryPoint\",\"urlTemplate\":\"https:\/\/bezo.nl\/?s={search_term_string}\"},\"query-input\":{\"@type\":\"PropertyValueSpecification\",\"valueRequired\":true,\"valueName\":\"search_term_string\"}}],\"inLanguage\":\"fr-FR\"},{\"@type\":\"Organization\",\"@id\":\"https:\/\/bezo.nl\/#organization\",\"name\":\"Bezo\",\"url\":\"https:\/\/bezo.nl\/\",\"logo\":{\"@type\":\"ImageObject\",\"inLanguage\":\"fr-FR\",\"@id\":\"https:\/\/bezo.nl\/#\/schema\/logo\/image\/\",\"url\":\"https:\/\/bezo.nl\/wp-content\/uploads\/2022\/05\/BEZOlogo_payoff_transparant-213-85.png\",\"contentUrl\":\"https:\/\/bezo.nl\/wp-content\/uploads\/2022\/05\/BEZOlogo_payoff_transparant-213-85.png\",\"width\":213,\"height\":85,\"caption\":\"Bezo\"},\"image\":{\"@id\":\"https:\/\/bezo.nl\/#\/schema\/logo\/image\/\"}}]}<\/script>\n<!-- \/ Yoast SEO plugin. -->","yoast_head_json":{"title":"Support de c\u00e2ble - Acier inoxydable 316 (HHNK) - Bezo","robots":{"index":"index","follow":"follow","max-snippet":"max-snippet:-1","max-image-preview":"max-image-preview:large","max-video-preview":"max-video-preview:-1"},"canonical":"https:\/\/bezo.nl\/fr\/produit\/serre-cable-acier-inoxydable-hhnk\/","og_locale":"fr_FR","og_type":"article","og_title":"Kabelbeugel - RVS 316 (HHNK) - Bezo","og_description":"RVS kabelbeugel om de kabel van een pomp veilig op te hangen. Bekijk de details hieronder in de volledige productbeschrijving. [...]Lire la suite... from Kabelbeugel &#8211; RVS 316 (HHNK)","og_url":"https:\/\/bezo.nl\/fr\/produit\/serre-cable-acier-inoxydable-hhnk\/","og_site_name":"Bezo","article_modified_time":"2026-03-05T13:17:35+00:00","og_image":[{"width":1000,"height":1000,"url":"https:\/\/bezo.nl\/wp-content\/uploads\/2025\/11\/Kabelbeugel-RVS-316-HHNK.jpg","type":"image\/jpeg"}],"twitter_card":"summary_large_image","twitter_misc":{"Dur\u00e9e de lecture estim\u00e9e":"2 minutes"},"schema":{"@context":"https:\/\/schema.org","@graph":[{"@type":"WebPage","@id":"https:\/\/bezo.nl\/product\/kabelbeugel-rvs-hhnk\/","url":"https:\/\/bezo.nl\/product\/kabelbeugel-rvs-hhnk\/","name":"Support de c\u00e2ble - Acier inoxydable 316 (HHNK) - Bezo","isPartOf":{"@id":"https:\/\/bezo.nl\/#website"},"primaryImageOfPage":{"@id":"https:\/\/bezo.nl\/product\/kabelbeugel-rvs-hhnk\/#primaryimage"},"image":{"@id":"https:\/\/bezo.nl\/product\/kabelbeugel-rvs-hhnk\/#primaryimage"},"thumbnailUrl":"https:\/\/bezo.nl\/wp-content\/uploads\/2025\/11\/Kabelbeugel-RVS-316-HHNK.jpg","datePublished":"2025-03-25T12:04:24+00:00","dateModified":"2026-03-05T13:17:35+00:00","breadcrumb":{"@id":"https:\/\/bezo.nl\/product\/kabelbeugel-rvs-hhnk\/#breadcrumb"},"inLanguage":"fr-FR","potentialAction":[{"@type":"ReadAction","target":["https:\/\/bezo.nl\/product\/kabelbeugel-rvs-hhnk\/"]}]},{"@type":"ImageObject","inLanguage":"fr-FR","@id":"https:\/\/bezo.nl\/product\/kabelbeugel-rvs-hhnk\/#primaryimage","url":"https:\/\/bezo.nl\/wp-content\/uploads\/2025\/11\/Kabelbeugel-RVS-316-HHNK.jpg","contentUrl":"https:\/\/bezo.nl\/wp-content\/uploads\/2025\/11\/Kabelbeugel-RVS-316-HHNK.jpg","width":1000,"height":1000,"caption":"Kabelbeugel - RVS 316 (HHNK)"},{"@type":"BreadcrumbList","@id":"https:\/\/bezo.nl\/product\/kabelbeugel-rvs-hhnk\/#breadcrumb","itemListElement":[{"@type":"ListItem","position":1,"name":"Home","item":"https:\/\/bezo.nl\/"},{"@type":"ListItem","position":2,"name":"Shop","item":"https:\/\/bezo.nl\/shop\/"},{"@type":"ListItem","position":3,"name":"Kabelbeugel &#8211; RVS 316 (HHNK)"}]},{"@type":"WebSite","@id":"https:\/\/bezo.nl\/#website","url":"https:\/\/bezo.nl\/","name":"Bezo","description":"","publisher":{"@id":"https:\/\/bezo.nl\/#organization"},"potentialAction":[{"@type":"SearchAction","target":{"@type":"EntryPoint","urlTemplate":"https:\/\/bezo.nl\/?s={search_term_string}"},"query-input":{"@type":"PropertyValueSpecification","valueRequired":true,"valueName":"search_term_string"}}],"inLanguage":"fr-FR"},{"@type":"Organization","@id":"https:\/\/bezo.nl\/#organization","name":"Bezo","url":"https:\/\/bezo.nl\/","logo":{"@type":"ImageObject","inLanguage":"fr-FR","@id":"https:\/\/bezo.nl\/#\/schema\/logo\/image\/","url":"https:\/\/bezo.nl\/wp-content\/uploads\/2022\/05\/BEZOlogo_payoff_transparant-213-85.png","contentUrl":"https:\/\/bezo.nl\/wp-content\/uploads\/2022\/05\/BEZOlogo_payoff_transparant-213-85.png","width":213,"height":85,"caption":"Bezo"},"image":{"@id":"https:\/\/bezo.nl\/#\/schema\/logo\/image\/"}}]}},"_links":{"self":[{"href":"https:\/\/bezo.nl\/fr\/wp-json\/wp\/v2\/product\/1921","targetHints":{"allow":["GET"]}}],"collection":[{"href":"https:\/\/bezo.nl\/fr\/wp-json\/wp\/v2\/product"}],"about":[{"href":"https:\/\/bezo.nl\/fr\/wp-json\/wp\/v2\/types\/product"}],"wp:featuredmedia":[{"embeddable":true,"href":"https:\/\/bezo.nl\/fr\/wp-json\/wp\/v2\/media\/2686"}],"wp:attachment":[{"href":"https:\/\/bezo.nl\/fr\/wp-json\/wp\/v2\/media?parent=1921"}],"wp:term":[{"taxonomy":"product_brand","embeddable":true,"href":"https:\/\/bezo.nl\/fr\/wp-json\/wp\/v2\/product_brand?post=1921"},{"taxonomy":"product_cat","embeddable":true,"href":"https:\/\/bezo.nl\/fr\/wp-json\/wp\/v2\/product_cat?post=1921"},{"taxonomy":"product_tag","embeddable":true,"href":"https:\/\/bezo.nl\/fr\/wp-json\/wp\/v2\/product_tag?post=1921"}],"curies":[{"name":"wp","href":"https:\/\/api.w.org\/{rel}","templated":true}]}}