{"id":1932,"date":"2025-03-25T13:42:29","date_gmt":"2025-03-25T13:42:29","guid":{"rendered":"https:\/\/ron.arkdes.dev\/?post_type=product&#038;p=1932"},"modified":"2026-03-05T12:56:45","modified_gmt":"2026-03-05T12:56:45","slug":"fmf-muurstuk-dn125-rvs-316","status":"publish","type":"product","link":"https:\/\/bezo.nl\/fr\/produit\/fmf-muurstuk-dn125-rvs-316\/","title":{"rendered":"Section murale FMF DN125 - acier inoxydable 316"},"content":{"rendered":"<p>Ce raccord de p\u00e9n\u00e9tration murale \u00e0 bride m\u00e2le fixe (FMF) de haute qualit\u00e9 est fabriqu\u00e9 en acier inoxydable 316 et a un diam\u00e8tre nominal de 125 mm. Il s'agit d'une solution durable et \u00e9tanche pour faire passer en toute s\u00e9curit\u00e9 des tuyaux ou des c\u00e2bles \u00e0 travers des murs, des cloisons ou des planchers. Fabriqu\u00e9 en acier inoxydable de haute qualit\u00e9, ce passe-muraille est id\u00e9al pour une utilisation dans des conditions exigeantes telles que les installations industrielles, marines et de gestion de l'eau. Avec notre passe-muraille en acier inoxydable, vous choisissez une solution fiable, durable et n\u00e9cessitant peu d'entretien, qui s'adapte parfaitement \u00e0 votre installation.<\/p>\n<p><strong>Caract\u00e9ristiques et avantages<\/strong><br \/>\n- R\u00e9sistance \u00e0 la corrosion : gr\u00e2ce \u00e0 sa finition en acier inoxydable de haute qualit\u00e9, ce manchon mural est parfait pour les environnements humides, salins et chimiquement agressifs.<br \/>\n- Durable et robuste : con\u00e7u pour r\u00e9sister aux pressions \u00e9lev\u00e9es, aux influences thermiques et aux contraintes m\u00e9caniques<br \/>\n- Montage flexible : disponible avec bride, bord \u00e0 souder ou trous de vis pour un montage s\u00fbr et facile<br \/>\n- Hygi\u00e8ne : la surface lisse en acier inoxydable rend la bague murale facile \u00e0 nettoyer et convient aux applications dans l'industrie alimentaire ou le traitement de l'eau.<\/p>","protected":false},"excerpt":{"rendered":"<p>RVS muurdoorvoerstuk met een nominale diameter van 125mm. Bekijk de details hieronder in de volledige productbeschrijving. [&#8230;]<\/p>\n<p><a class=\"btn btn-secondary understrap-read-more-link\" href=\"https:\/\/bezo.nl\/fr\/produit\/fmf-muurstuk-dn125-rvs-316\/\">Lire la suite&#8230;<span class=\"screen-reader-text\"> \u00e0 partir de la section murale FMF DN125 - acier inoxydable 316<\/span><\/a><\/p>","protected":false},"featured_media":2688,"template":"","meta":{"content-type":""},"product_brand":[],"product_cat":[65],"product_tag":[],"class_list":{"0":"post-1932","1":"product","2":"type-product","3":"status-publish","4":"has-post-thumbnail","6":"product_cat-muurdoorvoerstukken","8":"first","9":"instock","10":"sold-individually","11":"taxable","12":"shipping-taxable","13":"product-type-simple"},"yoast_head":"<!-- This site is optimized with the Yoast SEO plugin v26.4 - https:\/\/yoast.com\/wordpress\/plugins\/seo\/ -->\n<title>FMF muurstuk DN125 - RVS 316 - Bezo<\/title>\n<meta name=\"robots\" content=\"index, follow, max-snippet:-1, max-image-preview:large, max-video-preview:-1\" \/>\n<link rel=\"canonical\" href=\"https:\/\/bezo.nl\/fr\/produit\/fmf-muurstuk-dn125-rvs-316\/\" \/>\n<meta property=\"og:locale\" content=\"fr_FR\" \/>\n<meta property=\"og:type\" content=\"article\" \/>\n<meta property=\"og:title\" content=\"FMF muurstuk DN125 - RVS 316 - Bezo\" \/>\n<meta property=\"og:description\" content=\"RVS muurdoorvoerstuk met een nominale diameter van 125mm. Bekijk de details hieronder in de volledige productbeschrijving. [...]Lire la suite... from FMF muurstuk DN125 &#8211; RVS 316\" \/>\n<meta property=\"og:url\" content=\"https:\/\/bezo.nl\/fr\/produit\/fmf-muurstuk-dn125-rvs-316\/\" \/>\n<meta property=\"og:site_name\" content=\"Bezo\" \/>\n<meta property=\"article:modified_time\" content=\"2026-03-05T12:56:45+00:00\" \/>\n<meta property=\"og:image\" content=\"https:\/\/bezo.nl\/wp-content\/uploads\/2025\/11\/Muurstuk-RVS-316.jpg\" \/>\n\t<meta property=\"og:image:width\" content=\"1000\" \/>\n\t<meta property=\"og:image:height\" content=\"1000\" \/>\n\t<meta property=\"og:image:type\" content=\"image\/jpeg\" \/>\n<meta name=\"twitter:card\" content=\"summary_large_image\" \/>\n<meta name=\"twitter:label1\" content=\"Dur\u00e9e de lecture estim\u00e9e\" \/>\n\t<meta name=\"twitter:data1\" content=\"1 minute\" \/>\n<script type=\"application\/ld+json\" class=\"yoast-schema-graph\">{\"@context\":\"https:\/\/schema.org\",\"@graph\":[{\"@type\":\"WebPage\",\"@id\":\"https:\/\/bezo.nl\/product\/fmf-muurstuk-dn125-rvs-316\/\",\"url\":\"https:\/\/bezo.nl\/product\/fmf-muurstuk-dn125-rvs-316\/\",\"name\":\"FMF muurstuk DN125 - RVS 316 - Bezo\",\"isPartOf\":{\"@id\":\"https:\/\/bezo.nl\/#website\"},\"primaryImageOfPage\":{\"@id\":\"https:\/\/bezo.nl\/product\/fmf-muurstuk-dn125-rvs-316\/#primaryimage\"},\"image\":{\"@id\":\"https:\/\/bezo.nl\/product\/fmf-muurstuk-dn125-rvs-316\/#primaryimage\"},\"thumbnailUrl\":\"https:\/\/bezo.nl\/wp-content\/uploads\/2025\/11\/Muurstuk-RVS-316.jpg\",\"datePublished\":\"2025-03-25T13:42:29+00:00\",\"dateModified\":\"2026-03-05T12:56:45+00:00\",\"breadcrumb\":{\"@id\":\"https:\/\/bezo.nl\/product\/fmf-muurstuk-dn125-rvs-316\/#breadcrumb\"},\"inLanguage\":\"fr-FR\",\"potentialAction\":[{\"@type\":\"ReadAction\",\"target\":[\"https:\/\/bezo.nl\/product\/fmf-muurstuk-dn125-rvs-316\/\"]}]},{\"@type\":\"ImageObject\",\"inLanguage\":\"fr-FR\",\"@id\":\"https:\/\/bezo.nl\/product\/fmf-muurstuk-dn125-rvs-316\/#primaryimage\",\"url\":\"https:\/\/bezo.nl\/wp-content\/uploads\/2025\/11\/Muurstuk-RVS-316.jpg\",\"contentUrl\":\"https:\/\/bezo.nl\/wp-content\/uploads\/2025\/11\/Muurstuk-RVS-316.jpg\",\"width\":1000,\"height\":1000,\"caption\":\"Muurstuk - RVS 316\"},{\"@type\":\"BreadcrumbList\",\"@id\":\"https:\/\/bezo.nl\/product\/fmf-muurstuk-dn125-rvs-316\/#breadcrumb\",\"itemListElement\":[{\"@type\":\"ListItem\",\"position\":1,\"name\":\"Home\",\"item\":\"https:\/\/bezo.nl\/\"},{\"@type\":\"ListItem\",\"position\":2,\"name\":\"Shop\",\"item\":\"https:\/\/bezo.nl\/shop\/\"},{\"@type\":\"ListItem\",\"position\":3,\"name\":\"FMF muurstuk DN125 &#8211; RVS 316\"}]},{\"@type\":\"WebSite\",\"@id\":\"https:\/\/bezo.nl\/#website\",\"url\":\"https:\/\/bezo.nl\/\",\"name\":\"Bezo\",\"description\":\"\",\"publisher\":{\"@id\":\"https:\/\/bezo.nl\/#organization\"},\"potentialAction\":[{\"@type\":\"SearchAction\",\"target\":{\"@type\":\"EntryPoint\",\"urlTemplate\":\"https:\/\/bezo.nl\/?s={search_term_string}\"},\"query-input\":{\"@type\":\"PropertyValueSpecification\",\"valueRequired\":true,\"valueName\":\"search_term_string\"}}],\"inLanguage\":\"fr-FR\"},{\"@type\":\"Organization\",\"@id\":\"https:\/\/bezo.nl\/#organization\",\"name\":\"Bezo\",\"url\":\"https:\/\/bezo.nl\/\",\"logo\":{\"@type\":\"ImageObject\",\"inLanguage\":\"fr-FR\",\"@id\":\"https:\/\/bezo.nl\/#\/schema\/logo\/image\/\",\"url\":\"https:\/\/bezo.nl\/wp-content\/uploads\/2022\/05\/BEZOlogo_payoff_transparant-213-85.png\",\"contentUrl\":\"https:\/\/bezo.nl\/wp-content\/uploads\/2022\/05\/BEZOlogo_payoff_transparant-213-85.png\",\"width\":213,\"height\":85,\"caption\":\"Bezo\"},\"image\":{\"@id\":\"https:\/\/bezo.nl\/#\/schema\/logo\/image\/\"}}]}<\/script>\n<!-- \/ Yoast SEO plugin. -->","yoast_head_json":{"title":"FMF muurstuk DN125 - RVS 316 - Bezo","robots":{"index":"index","follow":"follow","max-snippet":"max-snippet:-1","max-image-preview":"max-image-preview:large","max-video-preview":"max-video-preview:-1"},"canonical":"https:\/\/bezo.nl\/fr\/produit\/fmf-muurstuk-dn125-rvs-316\/","og_locale":"fr_FR","og_type":"article","og_title":"FMF muurstuk DN125 - RVS 316 - Bezo","og_description":"RVS muurdoorvoerstuk met een nominale diameter van 125mm. Bekijk de details hieronder in de volledige productbeschrijving. [...]Lire la suite... from FMF muurstuk DN125 &#8211; RVS 316","og_url":"https:\/\/bezo.nl\/fr\/produit\/fmf-muurstuk-dn125-rvs-316\/","og_site_name":"Bezo","article_modified_time":"2026-03-05T12:56:45+00:00","og_image":[{"width":1000,"height":1000,"url":"https:\/\/bezo.nl\/wp-content\/uploads\/2025\/11\/Muurstuk-RVS-316.jpg","type":"image\/jpeg"}],"twitter_card":"summary_large_image","twitter_misc":{"Dur\u00e9e de lecture estim\u00e9e":"1 minute"},"schema":{"@context":"https:\/\/schema.org","@graph":[{"@type":"WebPage","@id":"https:\/\/bezo.nl\/product\/fmf-muurstuk-dn125-rvs-316\/","url":"https:\/\/bezo.nl\/product\/fmf-muurstuk-dn125-rvs-316\/","name":"FMF muurstuk DN125 - RVS 316 - Bezo","isPartOf":{"@id":"https:\/\/bezo.nl\/#website"},"primaryImageOfPage":{"@id":"https:\/\/bezo.nl\/product\/fmf-muurstuk-dn125-rvs-316\/#primaryimage"},"image":{"@id":"https:\/\/bezo.nl\/product\/fmf-muurstuk-dn125-rvs-316\/#primaryimage"},"thumbnailUrl":"https:\/\/bezo.nl\/wp-content\/uploads\/2025\/11\/Muurstuk-RVS-316.jpg","datePublished":"2025-03-25T13:42:29+00:00","dateModified":"2026-03-05T12:56:45+00:00","breadcrumb":{"@id":"https:\/\/bezo.nl\/product\/fmf-muurstuk-dn125-rvs-316\/#breadcrumb"},"inLanguage":"fr-FR","potentialAction":[{"@type":"ReadAction","target":["https:\/\/bezo.nl\/product\/fmf-muurstuk-dn125-rvs-316\/"]}]},{"@type":"ImageObject","inLanguage":"fr-FR","@id":"https:\/\/bezo.nl\/product\/fmf-muurstuk-dn125-rvs-316\/#primaryimage","url":"https:\/\/bezo.nl\/wp-content\/uploads\/2025\/11\/Muurstuk-RVS-316.jpg","contentUrl":"https:\/\/bezo.nl\/wp-content\/uploads\/2025\/11\/Muurstuk-RVS-316.jpg","width":1000,"height":1000,"caption":"Muurstuk - RVS 316"},{"@type":"BreadcrumbList","@id":"https:\/\/bezo.nl\/product\/fmf-muurstuk-dn125-rvs-316\/#breadcrumb","itemListElement":[{"@type":"ListItem","position":1,"name":"Home","item":"https:\/\/bezo.nl\/"},{"@type":"ListItem","position":2,"name":"Shop","item":"https:\/\/bezo.nl\/shop\/"},{"@type":"ListItem","position":3,"name":"FMF muurstuk DN125 &#8211; RVS 316"}]},{"@type":"WebSite","@id":"https:\/\/bezo.nl\/#website","url":"https:\/\/bezo.nl\/","name":"Bezo","description":"","publisher":{"@id":"https:\/\/bezo.nl\/#organization"},"potentialAction":[{"@type":"SearchAction","target":{"@type":"EntryPoint","urlTemplate":"https:\/\/bezo.nl\/?s={search_term_string}"},"query-input":{"@type":"PropertyValueSpecification","valueRequired":true,"valueName":"search_term_string"}}],"inLanguage":"fr-FR"},{"@type":"Organization","@id":"https:\/\/bezo.nl\/#organization","name":"Bezo","url":"https:\/\/bezo.nl\/","logo":{"@type":"ImageObject","inLanguage":"fr-FR","@id":"https:\/\/bezo.nl\/#\/schema\/logo\/image\/","url":"https:\/\/bezo.nl\/wp-content\/uploads\/2022\/05\/BEZOlogo_payoff_transparant-213-85.png","contentUrl":"https:\/\/bezo.nl\/wp-content\/uploads\/2022\/05\/BEZOlogo_payoff_transparant-213-85.png","width":213,"height":85,"caption":"Bezo"},"image":{"@id":"https:\/\/bezo.nl\/#\/schema\/logo\/image\/"}}]}},"_links":{"self":[{"href":"https:\/\/bezo.nl\/fr\/wp-json\/wp\/v2\/product\/1932","targetHints":{"allow":["GET"]}}],"collection":[{"href":"https:\/\/bezo.nl\/fr\/wp-json\/wp\/v2\/product"}],"about":[{"href":"https:\/\/bezo.nl\/fr\/wp-json\/wp\/v2\/types\/product"}],"wp:featuredmedia":[{"embeddable":true,"href":"https:\/\/bezo.nl\/fr\/wp-json\/wp\/v2\/media\/2688"}],"wp:attachment":[{"href":"https:\/\/bezo.nl\/fr\/wp-json\/wp\/v2\/media?parent=1932"}],"wp:term":[{"taxonomy":"product_brand","embeddable":true,"href":"https:\/\/bezo.nl\/fr\/wp-json\/wp\/v2\/product_brand?post=1932"},{"taxonomy":"product_cat","embeddable":true,"href":"https:\/\/bezo.nl\/fr\/wp-json\/wp\/v2\/product_cat?post=1932"},{"taxonomy":"product_tag","embeddable":true,"href":"https:\/\/bezo.nl\/fr\/wp-json\/wp\/v2\/product_tag?post=1932"}],"curies":[{"name":"wp","href":"https:\/\/api.w.org\/{rel}","templated":true}]}}