{"id":1939,"date":"2025-03-25T13:46:32","date_gmt":"2025-03-25T13:46:32","guid":{"rendered":"https:\/\/ron.arkdes.dev\/?post_type=product&#038;p=1939"},"modified":"2026-02-05T08:42:14","modified_gmt":"2026-02-05T08:42:14","slug":"bwk-050-rvs316","status":"publish","type":"product","link":"https:\/\/bezo.nl\/fr\/produit\/bwk-050-rvs316\/","title":{"rendered":"BWK 050 - ACIER INOXYDABLE 316"},"content":{"rendered":"<p>Ce raccord sup\u00e9rieur de haute qualit\u00e9 est en acier inoxydable 316, a un diam\u00e8tre nominal de 50 mm et offre une solution efficace et n\u00e9cessitant peu d'entretien pour les installations de pompes verticales. Cet accouplement permet de connecter ou de d\u00e9connecter facilement la pompe et l'entra\u00eenement sans qu'il soit n\u00e9cessaire d'acc\u00e9der \u00e0 la pompe dans le puits. Il est donc id\u00e9al pour les applications o\u00f9 la facilit\u00e9 d'entretien et la fiabilit\u00e9 sont essentielles.<\/p>\n<p><strong>Caract\u00e9ristiques et avantages<\/strong><br \/>\n- Facilit\u00e9 d'entretien : en pla\u00e7ant le raccord au-dessus de la surface de l'eau, l'installation est facilement accessible pour l'inspection, la r\u00e9paration et le remplacement.<br \/>\n- R\u00e9duction des co\u00fbts : aucun \u00e9quipement de levage lourd n'est n\u00e9cessaire pour retirer la pompe du puits.<br \/>\n- Grande fiabilit\u00e9 : le raccord \u00e0 eau sup\u00e9rieur est con\u00e7u pour une utilisation \u00e0 long terme, avec une protection optimale contre la corrosion et l'usure.<br \/>\n- D\u00e9montage rapide : une conception intelligente permet de d\u00e9connecter rapidement et en toute s\u00e9curit\u00e9 l'accouplement, ce qui minimise les temps d'arr\u00eat.<br \/>\n- Polyvalent : convient aux pompes verticales pour la gestion de l'eau, l'industrie ou les pompes d'\u00e9puration, par exemple.<\/p>\n<p>Cet accouplement au-dessus de l'eau est parfait pour le pompage dans les puits profonds, les r\u00e9servoirs ou les endroits difficiles d'acc\u00e8s. Gr\u00e2ce \u00e0 l'utilisation de mat\u00e9riaux de haute qualit\u00e9 et \u00e0 une construction robuste, cet accouplement garantit des performances optimales, m\u00eame dans des environnements exigeants. Avec notre raccord en surface, vous optez pour la commodit\u00e9, la fiabilit\u00e9 et les \u00e9conomies.<\/p>","protected":false},"excerpt":{"rendered":"<p>RVS bovenwaterkoppeling met een nominale diameter van 50mm. Bekijk de details hieronder in de volledige productbeschrijving. [&#8230;]<\/p>\n<p><a class=\"btn btn-secondary understrap-read-more-link\" href=\"https:\/\/bezo.nl\/fr\/produit\/bwk-050-rvs316\/\">Lire la suite&#8230;<span class=\"screen-reader-text\"> \u00e0 partir de BWK 050 - acier inoxydable 316<\/span><\/a><\/p>","protected":false},"featured_media":2696,"template":"","meta":{"content-type":""},"product_brand":[],"product_cat":[64],"product_tag":[],"class_list":{"0":"post-1939","1":"product","2":"type-product","3":"status-publish","4":"has-post-thumbnail","6":"product_cat-bovenwaterkoppelingen","8":"first","9":"instock","10":"sold-individually","11":"taxable","12":"shipping-taxable","13":"product-type-simple"},"yoast_head":"<!-- This site is optimized with the Yoast SEO plugin v26.4 - https:\/\/yoast.com\/wordpress\/plugins\/seo\/ -->\n<title>BWK 050 - RVS 316 - Bezo<\/title>\n<meta name=\"robots\" content=\"index, follow, max-snippet:-1, max-image-preview:large, max-video-preview:-1\" \/>\n<link rel=\"canonical\" href=\"https:\/\/bezo.nl\/fr\/produit\/bwk-050-rvs316\/\" \/>\n<meta property=\"og:locale\" content=\"fr_FR\" \/>\n<meta property=\"og:type\" content=\"article\" \/>\n<meta property=\"og:title\" content=\"BWK 050 - RVS 316 - Bezo\" \/>\n<meta property=\"og:description\" content=\"RVS bovenwaterkoppeling met een nominale diameter van 50mm. Bekijk de details hieronder in de volledige productbeschrijving. [...]Lire la suite... from BWK 050 &#8211; RVS 316\" \/>\n<meta property=\"og:url\" content=\"https:\/\/bezo.nl\/fr\/produit\/bwk-050-rvs316\/\" \/>\n<meta property=\"og:site_name\" content=\"Bezo\" \/>\n<meta property=\"article:modified_time\" content=\"2026-02-05T08:42:14+00:00\" \/>\n<meta property=\"og:image\" content=\"https:\/\/bezo.nl\/wp-content\/uploads\/2025\/03\/Bovenwaterkoppeling-1.jpg\" \/>\n\t<meta property=\"og:image:width\" content=\"1000\" \/>\n\t<meta property=\"og:image:height\" content=\"1000\" \/>\n\t<meta property=\"og:image:type\" content=\"image\/jpeg\" \/>\n<meta name=\"twitter:card\" content=\"summary_large_image\" \/>\n<meta name=\"twitter:label1\" content=\"Dur\u00e9e de lecture estim\u00e9e\" \/>\n\t<meta name=\"twitter:data1\" content=\"2 minutes\" \/>\n<script type=\"application\/ld+json\" class=\"yoast-schema-graph\">{\"@context\":\"https:\/\/schema.org\",\"@graph\":[{\"@type\":\"WebPage\",\"@id\":\"https:\/\/bezo.nl\/de\/produkt\/bwk-050-rvs316\/\",\"url\":\"https:\/\/bezo.nl\/de\/produkt\/bwk-050-rvs316\/\",\"name\":\"BWK 050 - RVS 316 - Bezo\",\"isPartOf\":{\"@id\":\"https:\/\/bezo.nl\/#website\"},\"primaryImageOfPage\":{\"@id\":\"https:\/\/bezo.nl\/de\/produkt\/bwk-050-rvs316\/#primaryimage\"},\"image\":{\"@id\":\"https:\/\/bezo.nl\/de\/produkt\/bwk-050-rvs316\/#primaryimage\"},\"thumbnailUrl\":\"https:\/\/bezo.nl\/wp-content\/uploads\/2025\/03\/Bovenwaterkoppeling-1.jpg\",\"datePublished\":\"2025-03-25T13:46:32+00:00\",\"dateModified\":\"2026-02-05T08:42:14+00:00\",\"breadcrumb\":{\"@id\":\"https:\/\/bezo.nl\/de\/produkt\/bwk-050-rvs316\/#breadcrumb\"},\"inLanguage\":\"fr-FR\",\"potentialAction\":[{\"@type\":\"ReadAction\",\"target\":[\"https:\/\/bezo.nl\/de\/produkt\/bwk-050-rvs316\/\"]}]},{\"@type\":\"ImageObject\",\"inLanguage\":\"fr-FR\",\"@id\":\"https:\/\/bezo.nl\/de\/produkt\/bwk-050-rvs316\/#primaryimage\",\"url\":\"https:\/\/bezo.nl\/wp-content\/uploads\/2025\/03\/Bovenwaterkoppeling-1.jpg\",\"contentUrl\":\"https:\/\/bezo.nl\/wp-content\/uploads\/2025\/03\/Bovenwaterkoppeling-1.jpg\",\"width\":1000,\"height\":1000,\"caption\":\"Bovenwaterkoppeling 2.0\"},{\"@type\":\"BreadcrumbList\",\"@id\":\"https:\/\/bezo.nl\/de\/produkt\/bwk-050-rvs316\/#breadcrumb\",\"itemListElement\":[{\"@type\":\"ListItem\",\"position\":1,\"name\":\"Home\",\"item\":\"https:\/\/bezo.nl\/\"},{\"@type\":\"ListItem\",\"position\":2,\"name\":\"Shop\",\"item\":\"https:\/\/bezo.nl\/shop\/\"},{\"@type\":\"ListItem\",\"position\":3,\"name\":\"BWK 050 &#8211; RVS 316\"}]},{\"@type\":\"WebSite\",\"@id\":\"https:\/\/bezo.nl\/#website\",\"url\":\"https:\/\/bezo.nl\/\",\"name\":\"Bezo\",\"description\":\"\",\"publisher\":{\"@id\":\"https:\/\/bezo.nl\/#organization\"},\"potentialAction\":[{\"@type\":\"SearchAction\",\"target\":{\"@type\":\"EntryPoint\",\"urlTemplate\":\"https:\/\/bezo.nl\/?s={search_term_string}\"},\"query-input\":{\"@type\":\"PropertyValueSpecification\",\"valueRequired\":true,\"valueName\":\"search_term_string\"}}],\"inLanguage\":\"fr-FR\"},{\"@type\":\"Organization\",\"@id\":\"https:\/\/bezo.nl\/#organization\",\"name\":\"Bezo\",\"url\":\"https:\/\/bezo.nl\/\",\"logo\":{\"@type\":\"ImageObject\",\"inLanguage\":\"fr-FR\",\"@id\":\"https:\/\/bezo.nl\/#\/schema\/logo\/image\/\",\"url\":\"https:\/\/bezo.nl\/wp-content\/uploads\/2022\/05\/BEZOlogo_payoff_transparant-213-85.png\",\"contentUrl\":\"https:\/\/bezo.nl\/wp-content\/uploads\/2022\/05\/BEZOlogo_payoff_transparant-213-85.png\",\"width\":213,\"height\":85,\"caption\":\"Bezo\"},\"image\":{\"@id\":\"https:\/\/bezo.nl\/#\/schema\/logo\/image\/\"}}]}<\/script>\n<!-- \/ Yoast SEO plugin. -->","yoast_head_json":{"title":"BWK 050 - RVS 316 - Bezo","robots":{"index":"index","follow":"follow","max-snippet":"max-snippet:-1","max-image-preview":"max-image-preview:large","max-video-preview":"max-video-preview:-1"},"canonical":"https:\/\/bezo.nl\/fr\/produit\/bwk-050-rvs316\/","og_locale":"fr_FR","og_type":"article","og_title":"BWK 050 - RVS 316 - Bezo","og_description":"RVS bovenwaterkoppeling met een nominale diameter van 50mm. Bekijk de details hieronder in de volledige productbeschrijving. [...]Lire la suite... from BWK 050 &#8211; RVS 316","og_url":"https:\/\/bezo.nl\/fr\/produit\/bwk-050-rvs316\/","og_site_name":"Bezo","article_modified_time":"2026-02-05T08:42:14+00:00","og_image":[{"width":1000,"height":1000,"url":"https:\/\/bezo.nl\/wp-content\/uploads\/2025\/03\/Bovenwaterkoppeling-1.jpg","type":"image\/jpeg"}],"twitter_card":"summary_large_image","twitter_misc":{"Dur\u00e9e de lecture estim\u00e9e":"2 minutes"},"schema":{"@context":"https:\/\/schema.org","@graph":[{"@type":"WebPage","@id":"https:\/\/bezo.nl\/de\/produkt\/bwk-050-rvs316\/","url":"https:\/\/bezo.nl\/de\/produkt\/bwk-050-rvs316\/","name":"BWK 050 - RVS 316 - Bezo","isPartOf":{"@id":"https:\/\/bezo.nl\/#website"},"primaryImageOfPage":{"@id":"https:\/\/bezo.nl\/de\/produkt\/bwk-050-rvs316\/#primaryimage"},"image":{"@id":"https:\/\/bezo.nl\/de\/produkt\/bwk-050-rvs316\/#primaryimage"},"thumbnailUrl":"https:\/\/bezo.nl\/wp-content\/uploads\/2025\/03\/Bovenwaterkoppeling-1.jpg","datePublished":"2025-03-25T13:46:32+00:00","dateModified":"2026-02-05T08:42:14+00:00","breadcrumb":{"@id":"https:\/\/bezo.nl\/de\/produkt\/bwk-050-rvs316\/#breadcrumb"},"inLanguage":"fr-FR","potentialAction":[{"@type":"ReadAction","target":["https:\/\/bezo.nl\/de\/produkt\/bwk-050-rvs316\/"]}]},{"@type":"ImageObject","inLanguage":"fr-FR","@id":"https:\/\/bezo.nl\/de\/produkt\/bwk-050-rvs316\/#primaryimage","url":"https:\/\/bezo.nl\/wp-content\/uploads\/2025\/03\/Bovenwaterkoppeling-1.jpg","contentUrl":"https:\/\/bezo.nl\/wp-content\/uploads\/2025\/03\/Bovenwaterkoppeling-1.jpg","width":1000,"height":1000,"caption":"Bovenwaterkoppeling 2.0"},{"@type":"BreadcrumbList","@id":"https:\/\/bezo.nl\/de\/produkt\/bwk-050-rvs316\/#breadcrumb","itemListElement":[{"@type":"ListItem","position":1,"name":"Home","item":"https:\/\/bezo.nl\/"},{"@type":"ListItem","position":2,"name":"Shop","item":"https:\/\/bezo.nl\/shop\/"},{"@type":"ListItem","position":3,"name":"BWK 050 &#8211; RVS 316"}]},{"@type":"WebSite","@id":"https:\/\/bezo.nl\/#website","url":"https:\/\/bezo.nl\/","name":"Bezo","description":"","publisher":{"@id":"https:\/\/bezo.nl\/#organization"},"potentialAction":[{"@type":"SearchAction","target":{"@type":"EntryPoint","urlTemplate":"https:\/\/bezo.nl\/?s={search_term_string}"},"query-input":{"@type":"PropertyValueSpecification","valueRequired":true,"valueName":"search_term_string"}}],"inLanguage":"fr-FR"},{"@type":"Organization","@id":"https:\/\/bezo.nl\/#organization","name":"Bezo","url":"https:\/\/bezo.nl\/","logo":{"@type":"ImageObject","inLanguage":"fr-FR","@id":"https:\/\/bezo.nl\/#\/schema\/logo\/image\/","url":"https:\/\/bezo.nl\/wp-content\/uploads\/2022\/05\/BEZOlogo_payoff_transparant-213-85.png","contentUrl":"https:\/\/bezo.nl\/wp-content\/uploads\/2022\/05\/BEZOlogo_payoff_transparant-213-85.png","width":213,"height":85,"caption":"Bezo"},"image":{"@id":"https:\/\/bezo.nl\/#\/schema\/logo\/image\/"}}]}},"_links":{"self":[{"href":"https:\/\/bezo.nl\/fr\/wp-json\/wp\/v2\/product\/1939","targetHints":{"allow":["GET"]}}],"collection":[{"href":"https:\/\/bezo.nl\/fr\/wp-json\/wp\/v2\/product"}],"about":[{"href":"https:\/\/bezo.nl\/fr\/wp-json\/wp\/v2\/types\/product"}],"wp:featuredmedia":[{"embeddable":true,"href":"https:\/\/bezo.nl\/fr\/wp-json\/wp\/v2\/media\/2696"}],"wp:attachment":[{"href":"https:\/\/bezo.nl\/fr\/wp-json\/wp\/v2\/media?parent=1939"}],"wp:term":[{"taxonomy":"product_brand","embeddable":true,"href":"https:\/\/bezo.nl\/fr\/wp-json\/wp\/v2\/product_brand?post=1939"},{"taxonomy":"product_cat","embeddable":true,"href":"https:\/\/bezo.nl\/fr\/wp-json\/wp\/v2\/product_cat?post=1939"},{"taxonomy":"product_tag","embeddable":true,"href":"https:\/\/bezo.nl\/fr\/wp-json\/wp\/v2\/product_tag?post=1939"}],"curies":[{"name":"wp","href":"https:\/\/api.w.org\/{rel}","templated":true}]}}